{"id":30970,"date":"2025-06-10T10:01:33","date_gmt":"2025-06-10T15:01:33","guid":{"rendered":"https:\/\/scubapanama.com\/?post_type=product&#038;p=30970"},"modified":"2025-06-10T10:14:41","modified_gmt":"2025-06-10T15:14:41","slug":"curso-especialidad-busqueda-y-recuperacion-padi","status":"publish","type":"product","link":"https:\/\/scubapanama.com\/es\/product\/curso-especialidad-busqueda-y-recuperacion-padi\/","title":{"rendered":"CURSO ESPECIALIDAD B\u00daSQUEDA Y RECUPERACI\u00d3N PADI"},"content":{"rendered":"<p>La pr\u00f3xima vez que alguien pierda algo bajo el agua, puedes ser el h\u00e9roe que encuentre el objeto.<\/p>\n<p>En el curso PADI de B\u00fasqueda y Recuperaci\u00f3n aprender\u00e1s c\u00f3mo encontrar objetos perdidos bajo el agua. Practicar\u00e1s diferentes tipos de trazados de b\u00fasqueda subacu\u00e1tica y aprender\u00e1s a usar un globo elevador a medida que planeas y ejecutas operaciones simuladas de b\u00fasqueda.<\/p>\n","protected":false},"excerpt":{"rendered":"<p>La pr\u00f3xima vez que alguien pierda algo bajo el agua, puedes ser el h\u00e9roe que encuentre el objeto. En el<\/p>\n","protected":false},"featured_media":30968,"comment_status":"open","ping_status":"closed","template":"","meta":{"iawp_total_views":42,"_joinchat":[]},"product_brand":[],"product_cat":[117],"product_tag":[],"class_list":{"0":"post-30970","1":"product","2":"type-product","3":"status-publish","4":"has-post-thumbnail","6":"product_cat-cursos","8":"first","9":"instock","10":"taxable","11":"shipping-taxable","12":"purchasable","13":"product-type-simple"},"booking_location":null,"booking_location_type":null,"booking_duration":null,"booking_duration_unit":null,"booking_buffer":null,"booking_cost":null,"booking_resources":null,"_links":{"self":[{"href":"https:\/\/scubapanama.com\/es\/wp-json\/wp\/v2\/product\/30970","targetHints":{"allow":["GET"]}}],"collection":[{"href":"https:\/\/scubapanama.com\/es\/wp-json\/wp\/v2\/product"}],"about":[{"href":"https:\/\/scubapanama.com\/es\/wp-json\/wp\/v2\/types\/product"}],"replies":[{"embeddable":true,"href":"https:\/\/scubapanama.com\/es\/wp-json\/wp\/v2\/comments?post=30970"}],"version-history":[{"count":1,"href":"https:\/\/scubapanama.com\/es\/wp-json\/wp\/v2\/product\/30970\/revisions"}],"predecessor-version":[{"id":30974,"href":"https:\/\/scubapanama.com\/es\/wp-json\/wp\/v2\/product\/30970\/revisions\/30974"}],"wp:featuredmedia":[{"embeddable":true,"href":"https:\/\/scubapanama.com\/es\/wp-json\/wp\/v2\/media\/30968"}],"wp:attachment":[{"href":"https:\/\/scubapanama.com\/es\/wp-json\/wp\/v2\/media?parent=30970"}],"wp:term":[{"taxonomy":"product_brand","embeddable":true,"href":"https:\/\/scubapanama.com\/es\/wp-json\/wp\/v2\/product_brand?post=30970"},{"taxonomy":"product_cat","embeddable":true,"href":"https:\/\/scubapanama.com\/es\/wp-json\/wp\/v2\/product_cat?post=30970"},{"taxonomy":"product_tag","embeddable":true,"href":"https:\/\/scubapanama.com\/es\/wp-json\/wp\/v2\/product_tag?post=30970"}],"curies":[{"name":"wp","href":"https:\/\/api.w.org\/{rel}","templated":true}]}}