{"id":30660,"date":"2025-05-27T17:16:26","date_gmt":"2025-05-27T22:16:26","guid":{"rendered":"https:\/\/scubapanama.com\/?post_type=product&#038;p=30660"},"modified":"2025-06-10T10:31:03","modified_gmt":"2025-06-10T15:31:03","slug":"curso-de-especialidades-nocturno","status":"publish","type":"product","link":"https:\/\/scubapanama.com\/es\/product\/curso-de-especialidades-nocturno\/","title":{"rendered":"CURSO DE ESPECIALIDADES NOCTURNO"},"content":{"rendered":"<p>La idea de sumergirte bajo la superficie por la noche parece misterioso, aunque es alucinante. A pesar de que hayas estado buceando en un sitio muchas veces antes, por la noche entras en un mundo completamente nuevo y observas c\u00f3mo cobra vida con la luz de tu linterna de buceo. La escena cambia a medida que las criaturas del d\u00eda se retiran y salen los organismos nocturnos. Si alguna vez te has preguntado qu\u00e9 pasa bajo el agua despu\u00e9s del atardecer, inscr\u00edbete en el curso de especialidad PADI Night Diver .<\/p>\n<p>Los PADI (Junior) Open Water Divers o superior, que tengan al menos 12 a\u00f1os de edad, pueden inscribirse en el curso de especialidad Night Diver.<\/p>\n","protected":false},"excerpt":{"rendered":"<p>La idea de sumergirte bajo la superficie por la noche parece misterioso, aunque es alucinante. A pesar de que hayas<\/p>\n","protected":false},"featured_media":30976,"comment_status":"open","ping_status":"closed","template":"","meta":{"iawp_total_views":21,"_joinchat":[]},"product_brand":[],"product_cat":[117],"product_tag":[],"class_list":{"0":"post-30660","1":"product","2":"type-product","3":"status-publish","4":"has-post-thumbnail","6":"product_cat-cursos","8":"first","9":"instock","10":"taxable","11":"shipping-taxable","12":"purchasable","13":"product-type-simple"},"booking_location":null,"booking_location_type":null,"booking_duration":null,"booking_duration_unit":null,"booking_buffer":null,"booking_cost":null,"booking_resources":null,"_links":{"self":[{"href":"https:\/\/scubapanama.com\/es\/wp-json\/wp\/v2\/product\/30660","targetHints":{"allow":["GET"]}}],"collection":[{"href":"https:\/\/scubapanama.com\/es\/wp-json\/wp\/v2\/product"}],"about":[{"href":"https:\/\/scubapanama.com\/es\/wp-json\/wp\/v2\/types\/product"}],"replies":[{"embeddable":true,"href":"https:\/\/scubapanama.com\/es\/wp-json\/wp\/v2\/comments?post=30660"}],"version-history":[{"count":2,"href":"https:\/\/scubapanama.com\/es\/wp-json\/wp\/v2\/product\/30660\/revisions"}],"predecessor-version":[{"id":30980,"href":"https:\/\/scubapanama.com\/es\/wp-json\/wp\/v2\/product\/30660\/revisions\/30980"}],"wp:featuredmedia":[{"embeddable":true,"href":"https:\/\/scubapanama.com\/es\/wp-json\/wp\/v2\/media\/30976"}],"wp:attachment":[{"href":"https:\/\/scubapanama.com\/es\/wp-json\/wp\/v2\/media?parent=30660"}],"wp:term":[{"taxonomy":"product_brand","embeddable":true,"href":"https:\/\/scubapanama.com\/es\/wp-json\/wp\/v2\/product_brand?post=30660"},{"taxonomy":"product_cat","embeddable":true,"href":"https:\/\/scubapanama.com\/es\/wp-json\/wp\/v2\/product_cat?post=30660"},{"taxonomy":"product_tag","embeddable":true,"href":"https:\/\/scubapanama.com\/es\/wp-json\/wp\/v2\/product_tag?post=30660"}],"curies":[{"name":"wp","href":"https:\/\/api.w.org\/{rel}","templated":true}]}}