{"id":30603,"date":"2025-05-26T16:19:25","date_gmt":"2025-05-26T21:19:25","guid":{"rendered":"https:\/\/scubapanama.com\/?post_type=product&#038;p=30603"},"modified":"2025-05-26T16:57:51","modified_gmt":"2025-05-26T21:57:51","slug":"cabanas","status":"publish","type":"product","link":"https:\/\/scubapanama.com\/es\/product\/cabanas\/","title":{"rendered":"CABA\u00d1AS"},"content":{"rendered":"<p>Descubre ScubaPortobelo a solo una hora de la Ciudad de Panam\u00e1. Es el lugar perfecto para desconectarse de la rutina y sumergirse en un para\u00edso lleno de historia viva, paisajes de ensue\u00f1o y una calidez cultural que solo el Caribe paname\u00f1o puede ofrecer.<\/p>\n<p>Ideal para los amantes de la naturaleza y la aventura, con playas de aguas cristalinas, arrecifes perfectos para bucear, hermosas puestas del sol, deliciosa gastronom\u00eda caribe\u00f1a, con sabores a mariscos frescos.<br \/>\nTendr\u00e1s una experiencia que te har\u00e1 querer volver.<\/p>\n<p>Todas las habitaciones tienen aire acondicionado, vistas al mar Caribe y ba\u00f1o privado. No olvides consultar sobre nuestras diferentes actividades.<\/p>\n<p>Para reservar aceptamos Visa, MasterCard, PayPal, Yappy, Transferencias bancarias y efectivo. Al momento de reservar consulta sobre nuestras pol\u00edticas de convivencia para hu\u00e9spedes.<\/p>\n<p>Sum\u00e9rgete en la historia y el encanto de Portobelo.<\/p>\n","protected":false},"excerpt":{"rendered":"<p>Localizado en un m\u00e1gico rinc\u00f3n del Caribe paname\u00f1o donde la historia, la cultura y la naturaleza se entrelazan para ofrecerte una experiencia \u00fanica e inolvidable.<\/p>\n","protected":false},"featured_media":30570,"comment_status":"open","ping_status":"closed","template":"","meta":{"iawp_total_views":84,"_joinchat":[]},"product_brand":[],"product_cat":[305],"product_tag":[],"class_list":{"0":"post-30603","1":"product","2":"type-product","3":"status-publish","4":"has-post-thumbnail","6":"product_cat-scubaportobelo-es","8":"first","9":"instock","10":"taxable","11":"shipping-taxable","12":"product-type-simple"},"booking_location":null,"booking_location_type":null,"booking_duration":null,"booking_duration_unit":null,"booking_buffer":null,"booking_cost":null,"booking_resources":null,"_links":{"self":[{"href":"https:\/\/scubapanama.com\/es\/wp-json\/wp\/v2\/product\/30603","targetHints":{"allow":["GET"]}}],"collection":[{"href":"https:\/\/scubapanama.com\/es\/wp-json\/wp\/v2\/product"}],"about":[{"href":"https:\/\/scubapanama.com\/es\/wp-json\/wp\/v2\/types\/product"}],"replies":[{"embeddable":true,"href":"https:\/\/scubapanama.com\/es\/wp-json\/wp\/v2\/comments?post=30603"}],"version-history":[{"count":1,"href":"https:\/\/scubapanama.com\/es\/wp-json\/wp\/v2\/product\/30603\/revisions"}],"predecessor-version":[{"id":30604,"href":"https:\/\/scubapanama.com\/es\/wp-json\/wp\/v2\/product\/30603\/revisions\/30604"}],"wp:featuredmedia":[{"embeddable":true,"href":"https:\/\/scubapanama.com\/es\/wp-json\/wp\/v2\/media\/30570"}],"wp:attachment":[{"href":"https:\/\/scubapanama.com\/es\/wp-json\/wp\/v2\/media?parent=30603"}],"wp:term":[{"taxonomy":"product_brand","embeddable":true,"href":"https:\/\/scubapanama.com\/es\/wp-json\/wp\/v2\/product_brand?post=30603"},{"taxonomy":"product_cat","embeddable":true,"href":"https:\/\/scubapanama.com\/es\/wp-json\/wp\/v2\/product_cat?post=30603"},{"taxonomy":"product_tag","embeddable":true,"href":"https:\/\/scubapanama.com\/es\/wp-json\/wp\/v2\/product_tag?post=30603"}],"curies":[{"name":"wp","href":"https:\/\/api.w.org\/{rel}","templated":true}]}}