{"id":30278,"date":"2025-05-22T15:14:36","date_gmt":"2025-05-22T20:14:36","guid":{"rendered":"https:\/\/scubapanama.com\/?post_type=product&#038;p=30278"},"modified":"2025-06-14T11:28:31","modified_gmt":"2025-06-14T16:28:31","slug":"pacifico-bona-otoque","status":"publish","type":"product","link":"https:\/\/scubapanama.com\/es\/product\/pacifico-bona-otoque\/","title":{"rendered":"PAC\u00cdFICO-BONA\/OTOQUE"},"content":{"rendered":"<p>Los arrecifes de coral, tanto cerca de la costa como m\u00e1s mar adentro, albergan una gran variedad de peces tropicales, tortugas marinas y ballenas jorobadas en determinadas \u00e9pocas. Las corrientes pueden ser moderadas, lo que supone una experiencia de buceo desafiante pero emocionante. Adem\u00e1s, las visibilidades suelen ser buenas, especialmente en los meses de marzo y abril<br \/>\nEn resumen, se trata de un destino que atrae tanto a buceadores reci\u00e9n titulados como a experimentados, ya que ofrece una mezcla perfecta de belleza natural, diversidad de vida marina y un toque de exploraci\u00f3n \u00fanico.<\/p>\n<p>Detalles del viaje<\/p>\n<p>1 inmersi\u00f3n en el Pac\u00edfico y 1 inmersi\u00f3n en el Atl\u00e1ntico en el mismo d\u00eda, incluyendo el transporte desde el hotel hasta el muelle del Pac\u00edfico y luego el transporte hasta el muelle de Portobelo y de vuelta a Ciudad de Panam\u00e1, almuerzo, divemaster, capit\u00e1n de barco, transporte en barco, BCD, plomos, regulador, equipo de snorkel. Este es uno de nuestros tours mas caros, por eso requerimos un minimo de 4 personas porque solo 1 persona puede ser caro.<\/p>\n","protected":false},"excerpt":{"rendered":"<p><script src=\"https:\/\/scubapanama.rezdy.com\/pluginJs\" type=\"text\/javascript\"><\/script><br \/>\n<iframe loading=\"lazy\" class=\"rezdy\" src=\"https:\/\/scubapanama.rezdy.com\/46309\/pacific-dive-tour-bona-otoque?iframe=true\" width=\"100%\" height=\"1000px\" frameborder=\"0\" seamless=\"\"><\/iframe><\/p>\n","protected":false},"featured_media":30391,"comment_status":"open","ping_status":"closed","template":"","meta":{"iawp_total_views":48,"_joinchat":[]},"product_brand":[],"product_cat":[119],"product_tag":[],"class_list":{"0":"post-30278","1":"product","2":"type-product","3":"status-publish","4":"has-post-thumbnail","6":"product_cat-tours-es","8":"first","9":"instock","10":"virtual","11":"taxable","12":"product-type-simple"},"booking_location":null,"booking_location_type":null,"booking_duration":null,"booking_duration_unit":null,"booking_buffer":null,"booking_cost":null,"booking_resources":null,"_links":{"self":[{"href":"https:\/\/scubapanama.com\/es\/wp-json\/wp\/v2\/product\/30278","targetHints":{"allow":["GET"]}}],"collection":[{"href":"https:\/\/scubapanama.com\/es\/wp-json\/wp\/v2\/product"}],"about":[{"href":"https:\/\/scubapanama.com\/es\/wp-json\/wp\/v2\/types\/product"}],"replies":[{"embeddable":true,"href":"https:\/\/scubapanama.com\/es\/wp-json\/wp\/v2\/comments?post=30278"}],"version-history":[{"count":3,"href":"https:\/\/scubapanama.com\/es\/wp-json\/wp\/v2\/product\/30278\/revisions"}],"predecessor-version":[{"id":31185,"href":"https:\/\/scubapanama.com\/es\/wp-json\/wp\/v2\/product\/30278\/revisions\/31185"}],"wp:featuredmedia":[{"embeddable":true,"href":"https:\/\/scubapanama.com\/es\/wp-json\/wp\/v2\/media\/30391"}],"wp:attachment":[{"href":"https:\/\/scubapanama.com\/es\/wp-json\/wp\/v2\/media?parent=30278"}],"wp:term":[{"taxonomy":"product_brand","embeddable":true,"href":"https:\/\/scubapanama.com\/es\/wp-json\/wp\/v2\/product_brand?post=30278"},{"taxonomy":"product_cat","embeddable":true,"href":"https:\/\/scubapanama.com\/es\/wp-json\/wp\/v2\/product_cat?post=30278"},{"taxonomy":"product_tag","embeddable":true,"href":"https:\/\/scubapanama.com\/es\/wp-json\/wp\/v2\/product_tag?post=30278"}],"curies":[{"name":"wp","href":"https:\/\/api.w.org\/{rel}","templated":true}]}}