{"id":30266,"date":"2025-05-22T11:34:47","date_gmt":"2025-05-22T16:34:47","guid":{"rendered":"https:\/\/scubapanama.com\/?post_type=product&#038;p=30266"},"modified":"2025-06-14T11:28:56","modified_gmt":"2025-06-14T16:28:56","slug":"buceo-en-portobelo-todo-incluido","status":"publish","type":"product","link":"https:\/\/scubapanama.com\/es\/product\/buceo-en-portobelo-todo-incluido\/","title":{"rendered":"BUCEO EN PORTOBELO (TODO INCLUIDO)"},"content":{"rendered":"<p>En esta regi\u00f3n, las aguas cristalinas ofrecen una visibilidad impresionante en algunos puntos, lo que permite sumergirse en los paisajes submarinos, es frecuente encontrarse con tortugas marinas, rayas y, en algunas temporadas, delfines. Adem\u00e1s, si tiene suerte, enormes bancos de peces.<br \/>\nEl ambiente tranquilo y acogedor de las islas del Caribe paname\u00f1o tambi\u00e9n hace del buceo una experiencia relajante. Tras un d\u00eda bajo el agua, podr\u00e1 disfrutar de playas v\u00edrgenes, aguas turquesas y la calidez de la cultura local, que hacen de este destino uno de los m\u00e1s completos y aut\u00e9nticos para los amantes del mar.<\/p>\n","protected":false},"excerpt":{"rendered":"<p><script src=\"https:\/\/scubapanama.rezdy.com\/pluginJs\" type=\"text\/javascript\"><\/script><br \/>\n<iframe loading=\"lazy\" class=\"rezdy\" src=\"https:\/\/scubapanama.rezdy.com\/8455\/dive-the-caribbean?iframe=true\" width=\"100%\" height=\"1000px\" frameborder=\"0\" seamless=\"\"><\/iframe><\/p>\n","protected":false},"featured_media":30307,"comment_status":"open","ping_status":"closed","template":"","meta":{"iawp_total_views":137,"_joinchat":[]},"product_brand":[],"product_cat":[119],"product_tag":[],"class_list":{"0":"post-30266","1":"product","2":"type-product","3":"status-publish","4":"has-post-thumbnail","6":"product_cat-tours-es","8":"first","9":"instock","10":"taxable","11":"shipping-taxable","12":"product-type-simple"},"booking_location":null,"booking_location_type":null,"booking_duration":null,"booking_duration_unit":null,"booking_buffer":null,"booking_cost":null,"booking_resources":null,"_links":{"self":[{"href":"https:\/\/scubapanama.com\/es\/wp-json\/wp\/v2\/product\/30266","targetHints":{"allow":["GET"]}}],"collection":[{"href":"https:\/\/scubapanama.com\/es\/wp-json\/wp\/v2\/product"}],"about":[{"href":"https:\/\/scubapanama.com\/es\/wp-json\/wp\/v2\/types\/product"}],"replies":[{"embeddable":true,"href":"https:\/\/scubapanama.com\/es\/wp-json\/wp\/v2\/comments?post=30266"}],"version-history":[{"count":4,"href":"https:\/\/scubapanama.com\/es\/wp-json\/wp\/v2\/product\/30266\/revisions"}],"predecessor-version":[{"id":31189,"href":"https:\/\/scubapanama.com\/es\/wp-json\/wp\/v2\/product\/30266\/revisions\/31189"}],"wp:featuredmedia":[{"embeddable":true,"href":"https:\/\/scubapanama.com\/es\/wp-json\/wp\/v2\/media\/30307"}],"wp:attachment":[{"href":"https:\/\/scubapanama.com\/es\/wp-json\/wp\/v2\/media?parent=30266"}],"wp:term":[{"taxonomy":"product_brand","embeddable":true,"href":"https:\/\/scubapanama.com\/es\/wp-json\/wp\/v2\/product_brand?post=30266"},{"taxonomy":"product_cat","embeddable":true,"href":"https:\/\/scubapanama.com\/es\/wp-json\/wp\/v2\/product_cat?post=30266"},{"taxonomy":"product_tag","embeddable":true,"href":"https:\/\/scubapanama.com\/es\/wp-json\/wp\/v2\/product_tag?post=30266"}],"curies":[{"name":"wp","href":"https:\/\/api.w.org\/{rel}","templated":true}]}}