{"id":30258,"date":"2025-05-22T15:41:39","date_gmt":"2025-05-22T20:41:39","guid":{"rendered":"https:\/\/scubapanama.com\/?post_type=product&#038;p=30258"},"modified":"2025-06-14T11:28:19","modified_gmt":"2025-06-14T16:28:19","slug":"pacifico-taboga-taboguilla","status":"publish","type":"product","link":"https:\/\/scubapanama.com\/es\/product\/pacifico-taboga-taboguilla\/","title":{"rendered":"PAC\u00cdFICO-TABOGA\/TABOGUILLA"},"content":{"rendered":"<p>La costa del Pac\u00edfico ofrece una gran variedad de puntos de inmersi\u00f3n con aguas generalmente c\u00e1lidas y transparentes que ofrecen una visibilidad excepcional.<br \/>\nAdmire elegantes mantarrayas, tortugas, peque\u00f1os ecosistemas coralinos y mucho m\u00e1s.<br \/>\nAdem\u00e1s, el ambiente relajado de la zona, con sus islas y peque\u00f1as comunidades, hace que el buceo sea s\u00f3lo una parte de una experiencia m\u00e1s amplia; bucear en el Pac\u00edfico de Panam\u00e1 es una experiencia \u00fanica para los amantes del mar.<\/p>\n","protected":false},"excerpt":{"rendered":"<p><script src=\"https:\/\/scubapanama.rezdy.com\/pluginJs\" type=\"text\/javascript\"><\/script><br \/>\n<iframe loading=\"lazy\" class=\"rezdy\" src=\"https:\/\/scubapanama.rezdy.com\/11559\/dive-the-pacific-ocean?iframe=true\" width=\"100%\" height=\"1000px\" frameborder=\"0\" seamless=\"\"><\/iframe><\/p>\n","protected":false},"featured_media":30383,"comment_status":"open","ping_status":"closed","template":"","meta":{"iawp_total_views":75,"_joinchat":[]},"product_brand":[],"product_cat":[119],"product_tag":[],"class_list":{"0":"post-30258","1":"product","2":"type-product","3":"status-publish","4":"has-post-thumbnail","6":"product_cat-tours-es","8":"first","9":"instock","10":"virtual","11":"taxable","12":"product-type-simple"},"booking_location":null,"booking_location_type":null,"booking_duration":null,"booking_duration_unit":null,"booking_buffer":null,"booking_cost":null,"booking_resources":null,"_links":{"self":[{"href":"https:\/\/scubapanama.com\/es\/wp-json\/wp\/v2\/product\/30258","targetHints":{"allow":["GET"]}}],"collection":[{"href":"https:\/\/scubapanama.com\/es\/wp-json\/wp\/v2\/product"}],"about":[{"href":"https:\/\/scubapanama.com\/es\/wp-json\/wp\/v2\/types\/product"}],"replies":[{"embeddable":true,"href":"https:\/\/scubapanama.com\/es\/wp-json\/wp\/v2\/comments?post=30258"}],"version-history":[{"count":3,"href":"https:\/\/scubapanama.com\/es\/wp-json\/wp\/v2\/product\/30258\/revisions"}],"predecessor-version":[{"id":31184,"href":"https:\/\/scubapanama.com\/es\/wp-json\/wp\/v2\/product\/30258\/revisions\/31184"}],"wp:featuredmedia":[{"embeddable":true,"href":"https:\/\/scubapanama.com\/es\/wp-json\/wp\/v2\/media\/30383"}],"wp:attachment":[{"href":"https:\/\/scubapanama.com\/es\/wp-json\/wp\/v2\/media?parent=30258"}],"wp:term":[{"taxonomy":"product_brand","embeddable":true,"href":"https:\/\/scubapanama.com\/es\/wp-json\/wp\/v2\/product_brand?post=30258"},{"taxonomy":"product_cat","embeddable":true,"href":"https:\/\/scubapanama.com\/es\/wp-json\/wp\/v2\/product_cat?post=30258"},{"taxonomy":"product_tag","embeddable":true,"href":"https:\/\/scubapanama.com\/es\/wp-json\/wp\/v2\/product_tag?post=30258"}],"curies":[{"name":"wp","href":"https:\/\/api.w.org\/{rel}","templated":true}]}}