{"id":30252,"date":"2025-05-22T16:14:13","date_gmt":"2025-05-22T21:14:13","guid":{"rendered":"https:\/\/scubapanama.com\/?post_type=product&#038;p=30252"},"modified":"2025-06-14T11:28:06","modified_gmt":"2025-06-14T16:28:06","slug":"snorkeling-en-portobelo","status":"publish","type":"product","link":"https:\/\/scubapanama.com\/es\/product\/snorkeling-en-portobelo\/","title":{"rendered":"SNORKELING EN PORTOBELO (TODO INCLUIDO)"},"content":{"rendered":"<p>Durante la excursi\u00f3n, nuestros barcos le llevar\u00e1n a zonas cercanas a la costa, donde podr\u00e1 explorar el arrecife de coral y ver una gran diversidad de vida marina.<br \/>\nEl clima c\u00e1lido y las aguas cristalinas permiten una visibilidad impresionante, lo que hace que la excursi\u00f3n sea a\u00fan m\u00e1s memorable. Nuestros gu\u00edas son expertos en la zona, le ayudar\u00e1n a orientarse, le dar\u00e1n consejos de seguridad y a menudo compartir\u00e1n detalles sobre la vida marina que ver\u00e1 durante la excursi\u00f3n.<\/p>\n<p>Adem\u00e1s del snorkel, dependiendo de la excursi\u00f3n elegida podemos incluir paradas en zonas pintorescas de la zona, donde podr\u00e1 disfrutar del paisaje, relajarse en las playas o explorar la historia de Portobelo, que fue una importante ciudad colonial.<br \/>\nEs un plan perfecto para todos los miembros de la familia.<br \/>\nDetalles del tour<br \/>\nPaquete de Snorkeling desde Ciudad de Panam\u00e1 (Con transporte)<\/p>\n<p>Incluye:<br \/>\n2 inmersiones<br \/>\nSet de snorkeling<br \/>\nAlmuerzo<br \/>\nGu\u00eda o Dive master<br \/>\nTraslado en lancha<br \/>\nCapit\u00e1n de lancha<br \/>\nTambi\u00e9n tenemos una opci\u00f3n m\u00e1s econ\u00f3mica como en el buceo, que es llegar a nuestras instalaciones en Portobelo (ScubaPortobelo), puedes rentar un carro, pedir un taxi, uber o incluso llegar en transporte p\u00fablico de la zona.<br \/>\nPortobelo por persona (dependiendo de un m\u00ednimo de 2)<\/p>\n<p>Los impuestos (ITBMS) est\u00e1n incluidos en el precio.<\/p>\n","protected":false},"excerpt":{"rendered":"<p><script src=\"https:\/\/scubapanama.rezdy.com\/pluginJs\" type=\"text\/javascript\"><\/script><br \/>\n<iframe loading=\"lazy\" class=\"rezdy\" src=\"https:\/\/scubapanama.rezdy.com\/9519\/snorkeling-tour?iframe=true\" width=\"100%\" height=\"1000px\" frameborder=\"0\" seamless=\"\"><\/iframe><\/p>\n","protected":false},"featured_media":30415,"comment_status":"open","ping_status":"closed","template":"","meta":{"iawp_total_views":50,"_joinchat":[]},"product_brand":[],"product_cat":[119],"product_tag":[],"class_list":{"0":"post-30252","1":"product","2":"type-product","3":"status-publish","4":"has-post-thumbnail","6":"product_cat-tours-es","8":"first","9":"instock","10":"taxable","11":"shipping-taxable","12":"product-type-simple"},"booking_location":null,"booking_location_type":null,"booking_duration":null,"booking_duration_unit":null,"booking_buffer":null,"booking_cost":null,"booking_resources":null,"_links":{"self":[{"href":"https:\/\/scubapanama.com\/es\/wp-json\/wp\/v2\/product\/30252","targetHints":{"allow":["GET"]}}],"collection":[{"href":"https:\/\/scubapanama.com\/es\/wp-json\/wp\/v2\/product"}],"about":[{"href":"https:\/\/scubapanama.com\/es\/wp-json\/wp\/v2\/types\/product"}],"replies":[{"embeddable":true,"href":"https:\/\/scubapanama.com\/es\/wp-json\/wp\/v2\/comments?post=30252"}],"version-history":[{"count":5,"href":"https:\/\/scubapanama.com\/es\/wp-json\/wp\/v2\/product\/30252\/revisions"}],"predecessor-version":[{"id":31182,"href":"https:\/\/scubapanama.com\/es\/wp-json\/wp\/v2\/product\/30252\/revisions\/31182"}],"wp:featuredmedia":[{"embeddable":true,"href":"https:\/\/scubapanama.com\/es\/wp-json\/wp\/v2\/media\/30415"}],"wp:attachment":[{"href":"https:\/\/scubapanama.com\/es\/wp-json\/wp\/v2\/media?parent=30252"}],"wp:term":[{"taxonomy":"product_brand","embeddable":true,"href":"https:\/\/scubapanama.com\/es\/wp-json\/wp\/v2\/product_brand?post=30252"},{"taxonomy":"product_cat","embeddable":true,"href":"https:\/\/scubapanama.com\/es\/wp-json\/wp\/v2\/product_cat?post=30252"},{"taxonomy":"product_tag","embeddable":true,"href":"https:\/\/scubapanama.com\/es\/wp-json\/wp\/v2\/product_tag?post=30252"}],"curies":[{"name":"wp","href":"https:\/\/api.w.org\/{rel}","templated":true}]}}