{"id":28648,"date":"2025-05-15T14:37:54","date_gmt":"2025-05-15T19:37:54","guid":{"rendered":"https:\/\/scubapanama.com\/?post_type=product&#038;p=28648"},"modified":"2025-05-19T16:15:30","modified_gmt":"2025-05-19T21:15:30","slug":"s-pearls-soft-peso-1-lb-m1-copy","status":"publish","type":"product","link":"https:\/\/scubapanama.com\/es\/product\/s-pearls-soft-peso-1-lb-m1-copy\/","title":{"rendered":"S.PEARLS SOFT PESO 1 LB (M1)"},"content":{"rendered":"<h1 id=\"yui_3_17_2_1_1747337400416_787\" class=\"ProductItem-details-title\" data-content-field=\"title\">Pesas de malla suave<\/h1>\n<p class=\"\">Al igual que las pesas duras, las pesas de malla blanda Sea Pearls se fabrican con plomo recuperado de bater\u00edas de coche. Este plomo se funde y se complementa con peque\u00f1as cantidades de otros elementos para mejorar sus propiedades. Esta nueva aleaci\u00f3n se utiliza para crear perdigones de plomo n.\u00b0 5. Los perdigones se miden cuidadosamente y se cosen en bolsas de malla de nailon de alta resistencia.<\/p>\n<ul data-rte-list=\"default\">\n<li>\n<p class=\"\">Perdigones de plomo redondos n\u00famero 5<\/p>\n<\/li>\n<li>\n<p class=\"\">Endurecido con antimonio<\/p>\n<\/li>\n<li>\n<p class=\"\">Bolsas de malla de nailon de alta resistencia<\/p>\n<\/li>\n<li>\n<p class=\"\">Drenaje y secado r\u00e1pido.<\/p>\n<\/li>\n<li>\n<p class=\"\">Bolsas de colores para una f\u00e1cil identificaci\u00f3n del tama\u00f1o.<\/p>\n<\/li>\n<li>\n<p class=\"\">Las cantidades de peso est\u00e1n claramente designadas con n\u00fameros grandes en el centro.<\/p>\n<\/li>\n<li>\n<p class=\"\">La etiqueta incluye c\u00f3digo de barras UPC para la venta minorista o para escanear los pesos dentro o fuera del departamento de alquiler.<\/p>\n<\/li>\n<\/ul>\n<p class=\"\">\n","protected":false},"excerpt":{"rendered":"<p>Al igual que las pesas duras, las pesas de malla blanda Sea Pearls se fabrican con plomo recuperado de bater\u00edas de coche.<\/p>\n","protected":false},"featured_media":28636,"comment_status":"open","ping_status":"closed","template":"","meta":{"iawp_total_views":3,"_joinchat":[]},"product_brand":[],"product_cat":[111],"product_tag":[268],"class_list":{"0":"post-28648","1":"product","2":"type-product","3":"status-publish","4":"has-post-thumbnail","6":"product_cat-tienda-online","7":"product_tag-s-pearls-es","9":"first","10":"instock","11":"taxable","12":"shipping-taxable","13":"purchasable","14":"product-type-simple"},"booking_location":null,"booking_location_type":null,"booking_duration":null,"booking_duration_unit":null,"booking_buffer":null,"booking_cost":null,"booking_resources":null,"_links":{"self":[{"href":"https:\/\/scubapanama.com\/es\/wp-json\/wp\/v2\/product\/28648","targetHints":{"allow":["GET"]}}],"collection":[{"href":"https:\/\/scubapanama.com\/es\/wp-json\/wp\/v2\/product"}],"about":[{"href":"https:\/\/scubapanama.com\/es\/wp-json\/wp\/v2\/types\/product"}],"replies":[{"embeddable":true,"href":"https:\/\/scubapanama.com\/es\/wp-json\/wp\/v2\/comments?post=28648"}],"version-history":[{"count":1,"href":"https:\/\/scubapanama.com\/es\/wp-json\/wp\/v2\/product\/28648\/revisions"}],"predecessor-version":[{"id":28677,"href":"https:\/\/scubapanama.com\/es\/wp-json\/wp\/v2\/product\/28648\/revisions\/28677"}],"wp:featuredmedia":[{"embeddable":true,"href":"https:\/\/scubapanama.com\/es\/wp-json\/wp\/v2\/media\/28636"}],"wp:attachment":[{"href":"https:\/\/scubapanama.com\/es\/wp-json\/wp\/v2\/media?parent=28648"}],"wp:term":[{"taxonomy":"product_brand","embeddable":true,"href":"https:\/\/scubapanama.com\/es\/wp-json\/wp\/v2\/product_brand?post=28648"},{"taxonomy":"product_cat","embeddable":true,"href":"https:\/\/scubapanama.com\/es\/wp-json\/wp\/v2\/product_cat?post=28648"},{"taxonomy":"product_tag","embeddable":true,"href":"https:\/\/scubapanama.com\/es\/wp-json\/wp\/v2\/product_tag?post=28648"}],"curies":[{"name":"wp","href":"https:\/\/api.w.org\/{rel}","templated":true}]}}