{"id":25980,"date":"2025-05-09T09:16:15","date_gmt":"2025-05-09T14:16:15","guid":{"rendered":"https:\/\/scubapanama.com\/?post_type=product&#038;p=25980"},"modified":"2025-05-09T09:17:12","modified_gmt":"2025-05-09T14:17:12","slug":"snorkel-de-purga-snk8","status":"publish","type":"product","link":"https:\/\/scubapanama.com\/es\/product\/snorkel-de-purga-snk8\/","title":{"rendered":"SNORKEL DE PURGA (SNK8)"},"content":{"rendered":"<p>Snorkel de nivel de entrada con funciones de eliminaci\u00f3n de agua para tranquilizar a los ni\u00f1os nerviosos.<br \/>\nLa protecci\u00f3n contra salpicaduras superior desv\u00eda el agua sobre la superficie. V\u00e1lvula\u00a0de purga inferior para una limpieza r\u00e1pida y sencilla del agua bajo el agua. Boquilla de silicona hipoalerg\u00e9nica con leng\u00fcetas de mordida de tama\u00f1o infantil que reduce la fatiga de la mand\u00edbula. El soporte del snorkel se desliza sobre la correa de la m\u00e1scara para una sujeci\u00f3n segura<\/p>\n","protected":false},"excerpt":{"rendered":"<p>Snorkel de nivel de entrada con funciones de eliminaci\u00f3n de agua para tranquilizar a los ni\u00f1os nerviosos.<\/p>\n","protected":false},"featured_media":24038,"comment_status":"open","ping_status":"closed","template":"","meta":{"iawp_total_views":3,"_joinchat":[]},"product_brand":[],"product_cat":[111],"product_tag":[218,154],"class_list":{"0":"post-25980","1":"product","2":"type-product","3":"status-publish","4":"has-post-thumbnail","6":"product_cat-tienda-online","7":"product_tag-ist-es","8":"product_tag-snorkel","10":"first","11":"instock","12":"taxable","13":"shipping-taxable","14":"product-type-simple"},"booking_location":null,"booking_location_type":null,"booking_duration":null,"booking_duration_unit":null,"booking_buffer":null,"booking_cost":null,"booking_resources":null,"_links":{"self":[{"href":"https:\/\/scubapanama.com\/es\/wp-json\/wp\/v2\/product\/25980","targetHints":{"allow":["GET"]}}],"collection":[{"href":"https:\/\/scubapanama.com\/es\/wp-json\/wp\/v2\/product"}],"about":[{"href":"https:\/\/scubapanama.com\/es\/wp-json\/wp\/v2\/types\/product"}],"replies":[{"embeddable":true,"href":"https:\/\/scubapanama.com\/es\/wp-json\/wp\/v2\/comments?post=25980"}],"version-history":[{"count":2,"href":"https:\/\/scubapanama.com\/es\/wp-json\/wp\/v2\/product\/25980\/revisions"}],"predecessor-version":[{"id":25982,"href":"https:\/\/scubapanama.com\/es\/wp-json\/wp\/v2\/product\/25980\/revisions\/25982"}],"wp:featuredmedia":[{"embeddable":true,"href":"https:\/\/scubapanama.com\/es\/wp-json\/wp\/v2\/media\/24038"}],"wp:attachment":[{"href":"https:\/\/scubapanama.com\/es\/wp-json\/wp\/v2\/media?parent=25980"}],"wp:term":[{"taxonomy":"product_brand","embeddable":true,"href":"https:\/\/scubapanama.com\/es\/wp-json\/wp\/v2\/product_brand?post=25980"},{"taxonomy":"product_cat","embeddable":true,"href":"https:\/\/scubapanama.com\/es\/wp-json\/wp\/v2\/product_cat?post=25980"},{"taxonomy":"product_tag","embeddable":true,"href":"https:\/\/scubapanama.com\/es\/wp-json\/wp\/v2\/product_tag?post=25980"}],"curies":[{"name":"wp","href":"https:\/\/api.w.org\/{rel}","templated":true}]}}