{"id":22029,"date":"2025-01-23T01:51:10","date_gmt":"2025-01-23T06:51:10","guid":{"rendered":"https:\/\/scubapanama.com\/product\/sharkbanz-2-brazalete\/"},"modified":"2025-05-13T08:50:39","modified_gmt":"2025-05-13T13:50:39","slug":"sharkbanz-2-brazalete","status":"publish","type":"product","link":"https:\/\/scubapanama.com\/es\/product\/sharkbanz-2-brazalete\/","title":{"rendered":"SHARKBANZ 2 BRAZALETE"},"content":{"rendered":"<div id=\"featurebullets_feature_div\" class=\"celwidget\" data-feature-name=\"featurebullets\" data-csa-c-type=\"widget\" data-csa-c-content-id=\"featurebullets\" data-csa-c-slot-id=\"featurebullets_feature_div\" data-csa-c-asin=\"B01MRS18JM\" data-csa-c-is-in-initial-active-row=\"false\" data-csa-c-id=\"osbixy-5jnle4-o4oxmg-z129vt\" data-cel-widget=\"featurebullets_feature_div\">\n<div id=\"feature-bullets\" class=\"a-section a-spacing-medium a-spacing-top-small\">\n<ul class=\"a-unordered-list a-vertical a-spacing-mini\">\n<li class=\"a-spacing-mini\"><span class=\"a-list-item\"><span>DISUASOR EFICAZ DE TIBURONES: Con tecnolog\u00eda magn\u00e9tica patentada, Sharkbanz satura los electrorreceptores de los tiburones, causando una sensaci\u00f3n muy desagradable que los ahuyenta. Tecnolog\u00eda basada en ciencia comprobada, investigaciones publicadas y pruebas realizadas por el Gobierno de Australia Occidental, y verificada por una universidad independiente.<\/span><\/span><\/li>\n<li class=\"a-spacing-mini\"><span class=\"a-list-item\"><span>TECNOLOG\u00cdA SIMPLE Y SEGURA: Sin pilas ni recarga; siempre activo. Ligero (85 g). Se puede llevar en el tobillo o la mu\u00f1eca. Sumergible hasta 100 m (330 pies). Apto para viajes en aerol\u00edneas y TSA. Incluye caja magn\u00e9tica para un almacenamiento seguro.<\/span><\/span><\/li>\n<li class=\"a-spacing-mini\"><span class=\"a-list-item\"><span>USADO POR PROFESIONALES DEL MAR Y FAMILIAS &#8211; Ajuste universal, a partir de 5 a\u00f1os. Nuestra misi\u00f3n es brindar mayor seguridad en el mar para todos. Use uno o varios para mayor cobertura. Cientos de testimonios de nadadores, buceadores, Navy SEALS, triatletas, surfistas profesionales y atletas oce\u00e1nicos de todas las edades y procedencias.<\/span><\/span><\/li>\n<li class=\"a-spacing-mini\"><span class=\"a-list-item\"><span>FABRICACI\u00d3N DE PRIMERA: Dise\u00f1o ergon\u00f3mico y materiales de primera calidad para mayor comodidad y durabilidad, incluyendo una correa de silicona suave y acero inoxidable. Sharkbanz se puede usar sobre o debajo de trajes de neopreno y no afecta el rendimiento deportivo en el oc\u00e9ano. Este producto cuenta con una garant\u00eda total de 3 a\u00f1os contra defectos de fabricaci\u00f3n y materiales.<\/span><\/span><\/li>\n<li class=\"a-spacing-mini\"><span class=\"a-list-item\"><span>PRODUCTO GALARDONADO Y DE CONFIANZA: Ganador de las Grandes Innovaciones de Popular Science, Mejor Tecnolog\u00eda de Verano de Weather Channel, Mejor Tecnolog\u00eda de Salud de Forbes y muchos m\u00e1s. Desde 2015, clientes de todo el mundo conf\u00edan en Sharkbanz para reducir el riesgo y disfrutar de mayor tranquilidad.<\/span><\/span><\/li>\n<\/ul>\n<\/div>\n<\/div>\n<div id=\"provenanceCertifications_feature_div\" class=\"celwidget\" data-feature-name=\"provenanceCertifications\" data-csa-c-type=\"widget\" data-csa-c-content-id=\"provenanceCertifications\" data-csa-c-slot-id=\"provenanceCertifications_feature_div\" data-csa-c-asin=\"B01MRS18JM\" data-csa-c-is-in-initial-active-row=\"false\" data-csa-c-id=\"kdpnlv-yul85x-pln93k-x6kw7\" data-cel-widget=\"provenanceCertifications_feature_div\">\n<div id=\"provenance-certifications\" class=\"a-section a-spacing-medium a-spacing-top-micro\"><\/div>\n<\/div>\n","protected":false},"excerpt":{"rendered":"<div id=\"featurebullets_feature_div\" class=\"celwidget\" data-feature-name=\"featurebullets\" data-csa-c-type=\"widget\" data-csa-c-content-id=\"featurebullets\" data-csa-c-slot-id=\"featurebullets_feature_div\" data-csa-c-asin=\"B01MRS18JM\" data-csa-c-is-in-initial-active-row=\"false\" data-csa-c-id=\"osbixy-5jnle4-o4oxmg-z129vt\" data-cel-widget=\"featurebullets_feature_div\">\n<div id=\"feature-bullets\" class=\"a-section a-spacing-medium a-spacing-top-small\">\n<p><span class=\"a-list-item\"><span>DISUASOR EFICAZ DE TIBURONES: Con tecnolog\u00eda magn\u00e9tica patentada, Sharkbanz satura los electrorreceptores de los tiburones, causando una sensaci\u00f3n muy desagradable que los ahuyenta. <\/span><\/span><\/p>\n<\/div>\n<\/div>\n<div id=\"provenanceCertifications_feature_div\" class=\"celwidget\" data-feature-name=\"provenanceCertifications\" data-csa-c-type=\"widget\" data-csa-c-content-id=\"provenanceCertifications\" data-csa-c-slot-id=\"provenanceCertifications_feature_div\" data-csa-c-asin=\"B01MRS18JM\" data-csa-c-is-in-initial-active-row=\"false\" data-csa-c-id=\"kdpnlv-yul85x-pln93k-x6kw7\" data-cel-widget=\"provenanceCertifications_feature_div\">\n<div id=\"provenance-certifications\" class=\"a-section a-spacing-medium a-spacing-top-micro\"><\/div>\n<\/div>\n","protected":false},"featured_media":26632,"comment_status":"open","ping_status":"closed","template":"","meta":{"iawp_total_views":9,"_joinchat":[]},"product_brand":[],"product_cat":[111],"product_tag":[257,258],"class_list":{"0":"post-22029","1":"product","2":"type-product","3":"status-publish","4":"has-post-thumbnail","6":"product_cat-tienda-online","7":"product_tag-brazalete","8":"product_tag-sharkbanz","10":"first","11":"instock","12":"taxable","13":"shipping-taxable","14":"purchasable","15":"product-type-simple"},"booking_location":null,"booking_location_type":null,"booking_duration":null,"booking_duration_unit":null,"booking_buffer":null,"booking_cost":null,"booking_resources":null,"_links":{"self":[{"href":"https:\/\/scubapanama.com\/es\/wp-json\/wp\/v2\/product\/22029","targetHints":{"allow":["GET"]}}],"collection":[{"href":"https:\/\/scubapanama.com\/es\/wp-json\/wp\/v2\/product"}],"about":[{"href":"https:\/\/scubapanama.com\/es\/wp-json\/wp\/v2\/types\/product"}],"replies":[{"embeddable":true,"href":"https:\/\/scubapanama.com\/es\/wp-json\/wp\/v2\/comments?post=22029"}],"version-history":[{"count":3,"href":"https:\/\/scubapanama.com\/es\/wp-json\/wp\/v2\/product\/22029\/revisions"}],"predecessor-version":[{"id":26635,"href":"https:\/\/scubapanama.com\/es\/wp-json\/wp\/v2\/product\/22029\/revisions\/26635"}],"wp:featuredmedia":[{"embeddable":true,"href":"https:\/\/scubapanama.com\/es\/wp-json\/wp\/v2\/media\/26632"}],"wp:attachment":[{"href":"https:\/\/scubapanama.com\/es\/wp-json\/wp\/v2\/media?parent=22029"}],"wp:term":[{"taxonomy":"product_brand","embeddable":true,"href":"https:\/\/scubapanama.com\/es\/wp-json\/wp\/v2\/product_brand?post=22029"},{"taxonomy":"product_cat","embeddable":true,"href":"https:\/\/scubapanama.com\/es\/wp-json\/wp\/v2\/product_cat?post=22029"},{"taxonomy":"product_tag","embeddable":true,"href":"https:\/\/scubapanama.com\/es\/wp-json\/wp\/v2\/product_tag?post=22029"}],"curies":[{"name":"wp","href":"https:\/\/api.w.org\/{rel}","templated":true}]}}