{"id":22025,"date":"2025-01-23T01:51:10","date_gmt":"2025-01-23T06:51:10","guid":{"rendered":"https:\/\/scubapanama.com\/product\/solo-manometro-sherwood-6413-br-gn\/"},"modified":"2025-05-07T16:19:35","modified_gmt":"2025-05-07T21:19:35","slug":"solo-manometro-sherwood-6413-br-gn","status":"publish","type":"product","link":"https:\/\/scubapanama.com\/es\/product\/solo-manometro-sherwood-6413-br-gn\/","title":{"rendered":"S\u00d3LO MAN\u00d3METRO SHERWOOD (6413-BR) GN"},"content":{"rendered":"<h3 data-start=\"120\" data-end=\"141\">Man\u00f3metro Genesis<\/h3>\n<p data-start=\"143\" data-end=\"338\">El nuevo <strong data-start=\"152\" data-end=\"173\">man\u00f3metro Genesis<\/strong> est\u00e1 dise\u00f1ado para ofrecer precisi\u00f3n y funcionalidad en un formato compacto. Equipado de serie con una <strong data-start=\"277\" data-end=\"302\">escala dual (PSI\/BAR)<\/strong>, mide hasta <strong data-start=\"315\" data-end=\"337\">5000 psi \/ 350 bar<\/strong>.<\/p>\n<p data-start=\"340\" data-end=\"597\">Su carcasa de <strong data-start=\"354\" data-end=\"375\">di\u00e1metro reducido<\/strong> ayuda a minimizar el volumen y el peso, mientras que los <strong data-start=\"433\" data-end=\"452\">n\u00fameros grandes<\/strong> y la <strong data-start=\"458\" data-end=\"491\">escala codificada por colores<\/strong> con <strong data-start=\"496\" data-end=\"532\">fondo que brilla en la oscuridad<\/strong> garantizan una lectura clara incluso en condiciones de poca luz.<\/p>\n<p data-start=\"599\" data-end=\"627\">Disponible en dos versiones:<\/p>\n<ul data-start=\"628\" data-end=\"715\">\n<li data-start=\"628\" data-end=\"683\">\n<p data-start=\"630\" data-end=\"683\">Como <strong data-start=\"635\" data-end=\"659\">man\u00f3metro individual<\/strong> con consola y manguera.<\/p>\n<\/li>\n<li data-start=\"684\" data-end=\"715\">\n<p data-start=\"686\" data-end=\"715\">Como <strong data-start=\"691\" data-end=\"714\">repuesto individual<\/strong>.<\/p>\n<\/li>\n<\/ul>\n<p data-start=\"717\" data-end=\"837\">Fabricado con una <strong data-start=\"735\" data-end=\"762\">carcasa de lat\u00f3n s\u00f3lido<\/strong>, cuenta con un di\u00e1metro de <strong data-start=\"790\" data-end=\"809\">1.75&#8243; (44.5 mm)<\/strong> para una mayor durabilidad.<\/p>\n<h4 data-start=\"839\" data-end=\"867\">Lectura r\u00e1pida y segura<\/h4>\n<p data-start=\"868\" data-end=\"963\">La car\u00e1tula est\u00e1 codificada por colores para facilitar el monitoreo del gas de un solo vistazo:<\/p>\n<ul data-start=\"964\" data-end=\"1219\">\n<li data-start=\"964\" data-end=\"1049\">\n<p data-start=\"966\" data-end=\"1049\"><strong data-start=\"966\" data-end=\"984\">Rojo brillante<\/strong>: de 0 a 500 psi (0 a 34.5 bar) \u2013 advertencia de aire de reserva.<\/p>\n<\/li>\n<li data-start=\"1050\" data-end=\"1146\">\n<p data-start=\"1052\" data-end=\"1146\"><strong data-start=\"1052\" data-end=\"1074\">Amarillo brillante<\/strong>: hasta 1000 psi (70 bar) \u2013 reserva extendida ideal para buceo profundo.<\/p>\n<\/li>\n<li data-start=\"1147\" data-end=\"1219\">\n<p data-start=\"1149\" data-end=\"1219\"><strong data-start=\"1149\" data-end=\"1158\">Verde<\/strong>: de 1000 psi (70 bar) a 5000 psi (350 bar) \u2013 presi\u00f3n segura.<\/p>\n<\/li>\n<\/ul>\n","protected":false},"excerpt":{"rendered":"<h3 data-start=\"120\" data-end=\"141\">Man\u00f3metro Genesis<\/h3>\n<p data-start=\"143\" data-end=\"338\">El nuevo <strong data-start=\"152\" data-end=\"173\">man\u00f3metro Genesis<\/strong> est\u00e1 dise\u00f1ado para ofrecer precisi\u00f3n y funcionalidad en un formato compacto. Equipado de serie con una <strong data-start=\"277\" data-end=\"302\">escala dual (PSI\/BAR)<\/strong>, mide hasta <strong data-start=\"315\" data-end=\"337\">5000 psi \/ 350 bar<\/strong>.<\/p>\n","protected":false},"featured_media":25481,"comment_status":"open","ping_status":"closed","template":"","meta":{"iawp_total_views":5,"_joinchat":[]},"product_brand":[],"product_cat":[111],"product_tag":[228],"class_list":{"0":"post-22025","1":"product","2":"type-product","3":"status-publish","4":"has-post-thumbnail","6":"product_cat-tienda-online","7":"product_tag-sherwood-es","9":"first","10":"instock","11":"taxable","12":"shipping-taxable","13":"purchasable","14":"product-type-simple"},"booking_location":null,"booking_location_type":null,"booking_duration":null,"booking_duration_unit":null,"booking_buffer":null,"booking_cost":null,"booking_resources":null,"_links":{"self":[{"href":"https:\/\/scubapanama.com\/es\/wp-json\/wp\/v2\/product\/22025","targetHints":{"allow":["GET"]}}],"collection":[{"href":"https:\/\/scubapanama.com\/es\/wp-json\/wp\/v2\/product"}],"about":[{"href":"https:\/\/scubapanama.com\/es\/wp-json\/wp\/v2\/types\/product"}],"replies":[{"embeddable":true,"href":"https:\/\/scubapanama.com\/es\/wp-json\/wp\/v2\/comments?post=22025"}],"version-history":[{"count":2,"href":"https:\/\/scubapanama.com\/es\/wp-json\/wp\/v2\/product\/22025\/revisions"}],"predecessor-version":[{"id":25683,"href":"https:\/\/scubapanama.com\/es\/wp-json\/wp\/v2\/product\/22025\/revisions\/25683"}],"wp:featuredmedia":[{"embeddable":true,"href":"https:\/\/scubapanama.com\/es\/wp-json\/wp\/v2\/media\/25481"}],"wp:attachment":[{"href":"https:\/\/scubapanama.com\/es\/wp-json\/wp\/v2\/media?parent=22025"}],"wp:term":[{"taxonomy":"product_brand","embeddable":true,"href":"https:\/\/scubapanama.com\/es\/wp-json\/wp\/v2\/product_brand?post=22025"},{"taxonomy":"product_cat","embeddable":true,"href":"https:\/\/scubapanama.com\/es\/wp-json\/wp\/v2\/product_cat?post=22025"},{"taxonomy":"product_tag","embeddable":true,"href":"https:\/\/scubapanama.com\/es\/wp-json\/wp\/v2\/product_tag?post=22025"}],"curies":[{"name":"wp","href":"https:\/\/api.w.org\/{rel}","templated":true}]}}