{"id":22020,"date":"2025-01-23T01:51:11","date_gmt":"2025-01-23T06:51:11","guid":{"rendered":"https:\/\/scubapanama.com\/product\/bolsa-de-buceo-en-apnea-sherwood-akb636-ak\/"},"modified":"2025-05-21T11:06:29","modified_gmt":"2025-05-21T16:06:29","slug":"bolsa-de-buceo-en-apnea-sherwood-akb636-ak","status":"publish","type":"product","link":"https:\/\/scubapanama.com\/es\/product\/bolsa-de-buceo-en-apnea-sherwood-akb636-ak\/","title":{"rendered":"SHERWOOD BOLSA DE BUCEO EN APNEA AK (AKB636)"},"content":{"rendered":"<pre id=\"tw-target-text\" class=\"tw-data-text tw-text-large tw-ta\" dir=\"ltr\" data-placeholder=\"Traducci\u00f3n\" data-ved=\"2ahUKEwigw5OPnpKNAxUQTDABHWXhJRAQ3ewLegQICBAV\" aria-label=\"Texto traducido: La bolsa de snorkel para buceo libre Akona AKB636 est\u00e1 dise\u00f1ada para transportar la mayor\u00eda de las aletas largas del mercado actual. Esta bolsa mide (alto x ancho x profundidad) 40&quot; x 10&quot; x 9&quot; (102 cm x 25,5 cm x 23 cm) con un volumen de 3600 pulgadas c\u00fabicas (59 litros) y pesa 36 oz (1021 g) cuando est\u00e1 vac\u00eda. Si le gusta la pesca submarina, la bolsa viene completa con dos Puntos de fijaci\u00f3n para fusil Akona La bolsa para snorkel de buceo libre AKB636 est\u00e1 hecha de tela 100% poli\u00e9ster, tiene un asa lateral y una correa para el hombro ajustable para facilitar el transporte. Bolsa de snorkel para buceo libre Akona AKB636 Caracter\u00edsticas especiales: Dise\u00f1ado para transportar aletas de hoja larga Free Diviers M\u00faltiples bolsillos con cremallera para organizaci\u00f3n de equipo: Compartimento principal de aletas Bolsillo para caja de m\u00e1scara. Bolsillo para snorkel, toalla y objetos de valor. Material: tejido 100% poli\u00e9ster Dimensiones: (Alto x Ancho x Fondo) 40&quot; x 10&quot; x 9&quot; (102 cm x 25,5 cm x 23 cm)\"><span class=\"Y2IQFc\" lang=\"es\">La bolsa de snorkel para buceo libre Akona AKB636 est\u00e1 dise\u00f1ada para transportar la mayor\u00eda de las aletas largas del mercado actual. Esta bolsa mide (alto x ancho x profundidad) 40\" x 10\" x 9\" (102 cm x 25,5 cm x 23 cm) con un volumen de 3600 pulgadas c\u00fabicas (59 litros) y pesa 36 oz (1021 g) cuando est\u00e1 vac\u00eda. Si le gusta la pesca submarina, la bolsa viene completa con dos Puntos de fijaci\u00f3n para fusil Akona La bolsa para snorkel de buceo libre AKB636 est\u00e1 hecha de tela 100% poli\u00e9ster, tiene un asa lateral y una correa para el hombro ajustable para facilitar el transporte.\r\n\r\nBolsa de snorkel para buceo libre Akona AKB636 Caracter\u00edsticas especiales:\r\nDise\u00f1ado para transportar aletas de hoja larga Free Diviers\r\nM\u00faltiples bolsillos con cremallera para organizaci\u00f3n de equipo:\r\nCompartimento principal de aletas\r\nBolsillo para caja de m\u00e1scara.\r\nBolsillo para snorkel, toalla y objetos de valor.\r\nMaterial: tejido 100% poli\u00e9ster\r\nDimensiones: (Alto x Ancho x Fondo) 40\" x 10\" x 9\" (102 cm x 25,5 cm x 23 cm)<\/span><\/pre>\n","protected":false},"excerpt":{"rendered":"<pre id=\"tw-target-text\" class=\"tw-data-text tw-text-large tw-ta\" dir=\"ltr\" data-placeholder=\"Traducci\u00f3n\" data-ved=\"2ahUKEwigw5OPnpKNAxUQTDABHWXhJRAQ3ewLegQICBAV\" aria-label=\"Texto traducido: La bolsa de snorkel para buceo libre Akona AKB636 est\u00e1 dise\u00f1ada para transportar la mayor\u00eda de las aletas largas del mercado actual. Esta bolsa mide (alto x ancho x profundidad) 40&quot; x 10&quot; x 9&quot; (102 cm x 25,5 cm x 23 cm) con un volumen de 3600 pulgadas c\u00fabicas (59 litros) y pesa 36 oz (1021 g) cuando est\u00e1 vac\u00eda. Si le gusta la pesca submarina, la bolsa viene completa con dos Puntos de fijaci\u00f3n para fusil Akona La bolsa para snorkel de buceo libre AKB636 est\u00e1 hecha de tela 100% poli\u00e9ster, tiene un asa lateral y una correa para el hombro ajustable para facilitar el transporte. Bolsa de snorkel para buceo libre Akona AKB636 Caracter\u00edsticas especiales: Dise\u00f1ado para transportar aletas de hoja larga Free Diviers M\u00faltiples bolsillos con cremallera para organizaci\u00f3n de equipo: Compartimento principal de aletas Bolsillo para caja de m\u00e1scara. Bolsillo para snorkel, toalla y objetos de valor. Material: tejido 100% poli\u00e9ster Dimensiones: (Alto x Ancho x Fondo) 40&quot; x 10&quot; x 9&quot; (102 cm x 25,5 cm x 23 cm)\"><span class=\"Y2IQFc\" lang=\"es\">La bolsa de snorkel para buceo libre Akona AKB636 est\u00e1 dise\u00f1ada para transportar la mayor\u00eda de las aletas largas del mercado actual. \r\n\r\n<\/span><\/pre>\n","protected":false},"featured_media":25447,"comment_status":"open","ping_status":"closed","template":"","meta":{"iawp_total_views":18,"_joinchat":[]},"product_brand":[],"product_cat":[111],"product_tag":[184],"class_list":{"0":"post-22020","1":"product","2":"type-product","3":"status-publish","4":"has-post-thumbnail","6":"product_cat-tienda-online","7":"product_tag-akona-es","9":"first","10":"instock","11":"taxable","12":"shipping-taxable","13":"purchasable","14":"product-type-simple"},"booking_location":null,"booking_location_type":null,"booking_duration":null,"booking_duration_unit":null,"booking_buffer":null,"booking_cost":null,"booking_resources":null,"_links":{"self":[{"href":"https:\/\/scubapanama.com\/es\/wp-json\/wp\/v2\/product\/22020","targetHints":{"allow":["GET"]}}],"collection":[{"href":"https:\/\/scubapanama.com\/es\/wp-json\/wp\/v2\/product"}],"about":[{"href":"https:\/\/scubapanama.com\/es\/wp-json\/wp\/v2\/types\/product"}],"replies":[{"embeddable":true,"href":"https:\/\/scubapanama.com\/es\/wp-json\/wp\/v2\/comments?post=22020"}],"version-history":[{"count":4,"href":"https:\/\/scubapanama.com\/es\/wp-json\/wp\/v2\/product\/22020\/revisions"}],"predecessor-version":[{"id":30012,"href":"https:\/\/scubapanama.com\/es\/wp-json\/wp\/v2\/product\/22020\/revisions\/30012"}],"wp:featuredmedia":[{"embeddable":true,"href":"https:\/\/scubapanama.com\/es\/wp-json\/wp\/v2\/media\/25447"}],"wp:attachment":[{"href":"https:\/\/scubapanama.com\/es\/wp-json\/wp\/v2\/media?parent=22020"}],"wp:term":[{"taxonomy":"product_brand","embeddable":true,"href":"https:\/\/scubapanama.com\/es\/wp-json\/wp\/v2\/product_brand?post=22020"},{"taxonomy":"product_cat","embeddable":true,"href":"https:\/\/scubapanama.com\/es\/wp-json\/wp\/v2\/product_cat?post=22020"},{"taxonomy":"product_tag","embeddable":true,"href":"https:\/\/scubapanama.com\/es\/wp-json\/wp\/v2\/product_tag?post=22020"}],"curies":[{"name":"wp","href":"https:\/\/api.w.org\/{rel}","templated":true}]}}