{"id":22017,"date":"2025-01-23T01:51:11","date_gmt":"2025-01-23T06:51:11","guid":{"rendered":"https:\/\/scubapanama.com\/product\/sherwood-akbt035-09-ak2mm-calcetin-alto-talla-9\/"},"modified":"2025-05-12T16:46:15","modified_gmt":"2025-05-12T21:46:15","slug":"sherwood-akbt035-09-ak2mm-calcetin-alto-talla-9","status":"publish","type":"product","link":"https:\/\/scubapanama.com\/es\/product\/sherwood-akbt035-09-ak2mm-calcetin-alto-talla-9\/","title":{"rendered":"SHERWOOD AK2MM CALCET\u00cdN ALTO TALLA 9 (AKBT035-09)"},"content":{"rendered":"<p data-start=\"193\" data-end=\"305\"><span class=\"relative -mx-px my-[-0.2rem] rounded px-px py-[0.2rem] transition-colors duration-100 ease-in-out\">Estos calcetines de neopreno de 2 mm est\u00e1n fabricados con neopreno de alta calidad y forrados con nylon II, ofreciendo una excelente elasticidad y durabilidad.<\/span> <span class=\"relative -mx-px my-[-0.2rem] rounded px-px py-[0.2rem] transition-colors duration-100 ease-in-out\">Las costuras est\u00e1n pegadas y ciegamente cosidas (GBS) para garantizar un sellado superior contra el agua, manteniendo tus pies calientes y secos durante las inmersiones.<\/span><\/p>\n<p data-start=\"307\" data-end=\"339\"><strong data-start=\"307\" data-end=\"339\">Caracter\u00edsticas principales:<\/strong><\/p>\n<ul data-start=\"341\" data-end=\"653\">\n<li data-start=\"341\" data-end=\"394\">\n<p data-start=\"343\" data-end=\"394\"><strong data-start=\"343\" data-end=\"356\">Material:<\/strong> <span class=\"relative -mx-px my-[-0.2rem] rounded px-px py-[0.2rem] transition-colors duration-100 ease-in-out\">Neopreno de 2 mm con forro de nylon II.<\/span><\/p>\n<\/li>\n<li data-start=\"395\" data-end=\"454\">\n<p data-start=\"397\" data-end=\"454\"><strong data-start=\"397\" data-end=\"414\">Construcci\u00f3n:<\/strong> <span class=\"relative -mx-px my-[-0.2rem] rounded px-px py-[0.2rem] transition-colors duration-100 ease-in-out\">Costuras pegadas y ciegamente cosidas (GBS) para un sellado herm\u00e9tico.<\/span><\/p>\n<\/li>\n<li data-start=\"455\" data-end=\"508\">\n<p data-start=\"457\" data-end=\"508\"><strong data-start=\"457\" data-end=\"468\">Dise\u00f1o:<\/strong> <span class=\"relative -mx-px my-[-0.2rem] rounded px-px py-[0.2rem] transition-colors duration-100 ease-in-out\">Ajuste ergon\u00f3mico que proporciona mayor comodidad y calidez.<\/span><\/p>\n<\/li>\n<li data-start=\"509\" data-end=\"562\">\n<p data-start=\"511\" data-end=\"562\"><strong data-start=\"511\" data-end=\"522\">Tama\u00f1o:<\/strong> <span class=\"relative -mx-px my-[-0.2rem] rounded px-px py-[0.2rem] transition-colors duration-100 ease-in-out\">Disponibles en tallas para hombres.<\/span><\/p>\n<\/li>\n<li data-start=\"563\" data-end=\"653\">\n<p data-start=\"565\" data-end=\"653\"><strong data-start=\"565\" data-end=\"574\">Nota:<\/strong> <span class=\"relative -mx-px my-[-0.2rem] rounded px-px py-[0.2rem] transition-colors duration-100 ease-in-out\">Para tallas de mujer, se recomienda ordenar dos tallas menos que la talla habitual.<\/span><\/p>\n<\/li>\n<\/ul>\n<p data-start=\"655\" data-end=\"773\"><span class=\"relative -mx-px my-[-0.2rem] rounded px-px py-[0.2rem] transition-colors duration-100 ease-in-out\">Estos calcetines son ideales para diversas actividades acu\u00e1ticas, incluyendo buceo, snorkel, kayak y m\u00e1s.<\/span> <span class=\"relative -mx-px my-[-0.2rem] rounded px-px py-[0.2rem] transition-colors duration-100 ease-in-out\">Su dise\u00f1o y materiales aseguran un rendimiento \u00f3ptimo en condiciones fr\u00edas, proporcionando protecci\u00f3n adicional contra el desgaste y la abrasi\u00f3n.<\/span><\/p>\n","protected":false},"excerpt":{"rendered":"<p><span class=\"relative -mx-px my-[-0.2rem] rounded px-px py-[0.2rem] transition-colors duration-100 ease-in-out\">Estos calcetines de neopreno de 2 mm est\u00e1n fabricados con neopreno de alta calidad y forrados con nylon II, ofreciendo una excelente elasticidad y durabilidad.<\/span><\/p>\n","protected":false},"featured_media":25954,"comment_status":"open","ping_status":"closed","template":"","meta":{"iawp_total_views":2,"_joinchat":[]},"product_brand":[],"product_cat":[111],"product_tag":[228],"class_list":{"0":"post-22017","1":"product","2":"type-product","3":"status-publish","4":"has-post-thumbnail","6":"product_cat-tienda-online","7":"product_tag-sherwood-es","9":"first","10":"outofstock","11":"taxable","12":"shipping-taxable","13":"purchasable","14":"product-type-simple"},"booking_location":null,"booking_location_type":null,"booking_duration":null,"booking_duration_unit":null,"booking_buffer":null,"booking_cost":null,"booking_resources":null,"_links":{"self":[{"href":"https:\/\/scubapanama.com\/es\/wp-json\/wp\/v2\/product\/22017","targetHints":{"allow":["GET"]}}],"collection":[{"href":"https:\/\/scubapanama.com\/es\/wp-json\/wp\/v2\/product"}],"about":[{"href":"https:\/\/scubapanama.com\/es\/wp-json\/wp\/v2\/types\/product"}],"replies":[{"embeddable":true,"href":"https:\/\/scubapanama.com\/es\/wp-json\/wp\/v2\/comments?post=22017"}],"version-history":[{"count":2,"href":"https:\/\/scubapanama.com\/es\/wp-json\/wp\/v2\/product\/22017\/revisions"}],"predecessor-version":[{"id":26570,"href":"https:\/\/scubapanama.com\/es\/wp-json\/wp\/v2\/product\/22017\/revisions\/26570"}],"wp:featuredmedia":[{"embeddable":true,"href":"https:\/\/scubapanama.com\/es\/wp-json\/wp\/v2\/media\/25954"}],"wp:attachment":[{"href":"https:\/\/scubapanama.com\/es\/wp-json\/wp\/v2\/media?parent=22017"}],"wp:term":[{"taxonomy":"product_brand","embeddable":true,"href":"https:\/\/scubapanama.com\/es\/wp-json\/wp\/v2\/product_brand?post=22017"},{"taxonomy":"product_cat","embeddable":true,"href":"https:\/\/scubapanama.com\/es\/wp-json\/wp\/v2\/product_cat?post=22017"},{"taxonomy":"product_tag","embeddable":true,"href":"https:\/\/scubapanama.com\/es\/wp-json\/wp\/v2\/product_tag?post=22017"}],"curies":[{"name":"wp","href":"https:\/\/api.w.org\/{rel}","templated":true}]}}