{"id":22016,"date":"2025-01-23T01:51:10","date_gmt":"2025-01-23T06:51:10","guid":{"rendered":"https:\/\/scubapanama.com\/product\/sherwood-ac0080eb-alm-cilindro-80-c-f-azul\/"},"modified":"2025-05-07T15:56:34","modified_gmt":"2025-05-07T20:56:34","slug":"sherwood-ac0080eb-alm-cilindro-80-c-f-azul","status":"publish","type":"product","link":"https:\/\/scubapanama.com\/es\/product\/sherwood-ac0080eb-alm-cilindro-80-c-f-azul\/","title":{"rendered":"SHERWOOD ALM. CILINDRO 80 C.F. AZUL (AC0080EB)"},"content":{"rendered":"<p data-start=\"139\" data-end=\"416\"><span>Durante m\u00e1s de 30 a\u00f1os,\u00a0<\/span><strong data-start=\"158\" data-end=\"170\"><span>Catalina<\/span><\/strong><span>\u00a0ha sido una marca de confianza en cilindros de buceo, ofreciendo\u00a0<\/span><strong data-start=\"226\" data-end=\"278\"><span>calidad, durabilidad y rendimiento excepcionales<\/span><\/strong><span>\u00a0a buceadores de todo el mundo. Ya sea que explore arrecifes tropicales o pecios profundos, necesita un cilindro en el que pueda confiar,\u00a0<\/span><strong data-start=\"394\" data-end=\"414\"><span>inmersi\u00f3n tras inmersi\u00f3n.<\/span><\/strong><\/p>\n<h3 data-start=\"418\" data-end=\"448\"><strong data-start=\"422\" data-end=\"446\"><span>\u00bfPor qu\u00e9 elegir Catalina?<\/span><\/strong><\/h3>\n<p data-start=\"449\" data-end=\"931\"><span>\u2714\u00a0<\/span><strong data-start=\"451\" data-end=\"473\"><span>Rendimiento comprobado<\/span><\/strong><span>\u00a0: una opci\u00f3n l\u00edder en la industria mundial del buceo durante d\u00e9cadas<\/span><br data-start=\"532\" data-end=\"535\" \/><span>\u2714\u00a0<\/span><strong data-start=\"537\" data-end=\"556\"><span>Hecho en EE. UU<\/span><\/strong><span>\u00a0.: fabricado en\u00a0<\/span><strong data-start=\"575\" data-end=\"606\"><span>instalaciones de \u00faltima generaci\u00f3n<\/span><\/strong><span>\u00a0en ambas costas<\/span><br data-start=\"621\" data-end=\"624\" \/><span>\u2714\u00a0<\/span><strong data-start=\"626\" data-end=\"654\"><span>Durabilidad en la que puede confiar<\/span><\/strong><span>\u00a0: fabricado con\u00a0<\/span><strong data-start=\"670\" data-end=\"719\"><span>aluminio de alta calidad de origen norteamericano<\/span><\/strong><br data-start=\"719\" data-end=\"722\" \/><span>\u2714\u00a0<\/span><strong data-start=\"724\" data-end=\"751\"><span>Pruebas de seguridad rigurosas<\/span><\/strong><span>\u00a0: cada cilindro se somete a\u00a0<\/span><strong data-start=\"778\" data-end=\"813\"><span>exhaustivas inspecciones DOT (IIA)<\/span><\/strong><span>\u00a0para garantizar la m\u00e1xima confiabilidad<\/span><br data-start=\"843\" data-end=\"846\" \/><span>\u2714\u00a0<\/span><strong data-start=\"848\" data-end=\"869\"><span>Trazabilidad total<\/span><\/strong><span>\u00a0: cada cilindro est\u00e1 serializado para un control de calidad completo<\/span><\/p>\n","protected":false},"excerpt":{"rendered":"<p>Durante m\u00e1s de 30 a\u00f1os,\u00a0<strong data-start=\"158\" data-end=\"170\">Catalina<\/strong>\u00a0ha sido una marca de confianza en cilindros de buceo, ofreciendo\u00a0<strong data-start=\"226\" data-end=\"278\">calidad, durabilidad y rendimiento excepcionales<\/strong>\u00a0a buceadores de todo el mundo.<\/p>\n","protected":false},"featured_media":25490,"comment_status":"open","ping_status":"closed","template":"","meta":{"iawp_total_views":5,"_joinchat":[]},"product_brand":[],"product_cat":[111],"product_tag":[228],"class_list":{"0":"post-22016","1":"product","2":"type-product","3":"status-publish","4":"has-post-thumbnail","6":"product_cat-tienda-online","7":"product_tag-sherwood-es","9":"first","10":"instock","11":"taxable","12":"shipping-taxable","13":"purchasable","14":"product-type-simple"},"booking_location":null,"booking_location_type":null,"booking_duration":null,"booking_duration_unit":null,"booking_buffer":null,"booking_cost":null,"booking_resources":null,"_links":{"self":[{"href":"https:\/\/scubapanama.com\/es\/wp-json\/wp\/v2\/product\/22016","targetHints":{"allow":["GET"]}}],"collection":[{"href":"https:\/\/scubapanama.com\/es\/wp-json\/wp\/v2\/product"}],"about":[{"href":"https:\/\/scubapanama.com\/es\/wp-json\/wp\/v2\/types\/product"}],"replies":[{"embeddable":true,"href":"https:\/\/scubapanama.com\/es\/wp-json\/wp\/v2\/comments?post=22016"}],"version-history":[{"count":2,"href":"https:\/\/scubapanama.com\/es\/wp-json\/wp\/v2\/product\/22016\/revisions"}],"predecessor-version":[{"id":25677,"href":"https:\/\/scubapanama.com\/es\/wp-json\/wp\/v2\/product\/22016\/revisions\/25677"}],"wp:featuredmedia":[{"embeddable":true,"href":"https:\/\/scubapanama.com\/es\/wp-json\/wp\/v2\/media\/25490"}],"wp:attachment":[{"href":"https:\/\/scubapanama.com\/es\/wp-json\/wp\/v2\/media?parent=22016"}],"wp:term":[{"taxonomy":"product_brand","embeddable":true,"href":"https:\/\/scubapanama.com\/es\/wp-json\/wp\/v2\/product_brand?post=22016"},{"taxonomy":"product_cat","embeddable":true,"href":"https:\/\/scubapanama.com\/es\/wp-json\/wp\/v2\/product_cat?post=22016"},{"taxonomy":"product_tag","embeddable":true,"href":"https:\/\/scubapanama.com\/es\/wp-json\/wp\/v2\/product_tag?post=22016"}],"curies":[{"name":"wp","href":"https:\/\/api.w.org\/{rel}","templated":true}]}}