{"id":22014,"date":"2025-01-23T01:51:11","date_gmt":"2025-01-23T06:51:11","guid":{"rendered":"https:\/\/scubapanama.com\/product\/cuchillo-de-filo-sherwood-ak750\/"},"modified":"2025-05-21T11:05:34","modified_gmt":"2025-05-21T16:05:34","slug":"cuchillo-de-filo-sherwood-ak750","status":"publish","type":"product","link":"https:\/\/scubapanama.com\/es\/product\/cuchillo-de-filo-sherwood-ak750\/","title":{"rendered":"SHERWOOD CUCHILLO DE FILO (AK750)"},"content":{"rendered":"<div>Con el mismo mecanismo de bloqueo que los cuchillos Talon, el\u00a0Akona Edge Knife AK750\u00a0es una versi\u00f3n m\u00e1s peque\u00f1a con una hoja m\u00e1s corta de 3&#8243;. Este cuchillo se instala f\u00e1cilmente en un BCD Sherwood o Genesis, e incluye un exclusivo soporte para manguera que permite instalarlo\u00a0en\u00a0la manguera de alta presi\u00f3n. Fabricado en acero inoxidable 304, le garantizamos que este cuchillo le durar\u00e1 muchos a\u00f1os.<\/div>\n<div><\/div>\n<div>El\u00a0cuchillo Akona Edge AK750\u00a0es un excelente cuchillo peque\u00f1o y compacto.<\/div>\n","protected":false},"excerpt":{"rendered":"<div>Con el mismo mecanismo de bloqueo que los cuchillos Talon, el\u00a0Akona Edge Knife AK750\u00a0es una versi\u00f3n m\u00e1s peque\u00f1a con una hoja m\u00e1s corta de 3&#8243;.<\/div>\n<div><\/div>\n","protected":false},"featured_media":25441,"comment_status":"open","ping_status":"closed","template":"","meta":{"iawp_total_views":5,"_joinchat":[]},"product_brand":[],"product_cat":[111],"product_tag":[184],"class_list":{"0":"post-22014","1":"product","2":"type-product","3":"status-publish","4":"has-post-thumbnail","6":"product_cat-tienda-online","7":"product_tag-akona-es","9":"first","10":"instock","11":"taxable","12":"shipping-taxable","13":"purchasable","14":"product-type-simple"},"booking_location":null,"booking_location_type":null,"booking_duration":null,"booking_duration_unit":null,"booking_buffer":null,"booking_cost":null,"booking_resources":null,"_links":{"self":[{"href":"https:\/\/scubapanama.com\/es\/wp-json\/wp\/v2\/product\/22014","targetHints":{"allow":["GET"]}}],"collection":[{"href":"https:\/\/scubapanama.com\/es\/wp-json\/wp\/v2\/product"}],"about":[{"href":"https:\/\/scubapanama.com\/es\/wp-json\/wp\/v2\/types\/product"}],"replies":[{"embeddable":true,"href":"https:\/\/scubapanama.com\/es\/wp-json\/wp\/v2\/comments?post=22014"}],"version-history":[{"count":3,"href":"https:\/\/scubapanama.com\/es\/wp-json\/wp\/v2\/product\/22014\/revisions"}],"predecessor-version":[{"id":30010,"href":"https:\/\/scubapanama.com\/es\/wp-json\/wp\/v2\/product\/22014\/revisions\/30010"}],"wp:featuredmedia":[{"embeddable":true,"href":"https:\/\/scubapanama.com\/es\/wp-json\/wp\/v2\/media\/25441"}],"wp:attachment":[{"href":"https:\/\/scubapanama.com\/es\/wp-json\/wp\/v2\/media?parent=22014"}],"wp:term":[{"taxonomy":"product_brand","embeddable":true,"href":"https:\/\/scubapanama.com\/es\/wp-json\/wp\/v2\/product_brand?post=22014"},{"taxonomy":"product_cat","embeddable":true,"href":"https:\/\/scubapanama.com\/es\/wp-json\/wp\/v2\/product_cat?post=22014"},{"taxonomy":"product_tag","embeddable":true,"href":"https:\/\/scubapanama.com\/es\/wp-json\/wp\/v2\/product_tag?post=22014"}],"curies":[{"name":"wp","href":"https:\/\/api.w.org\/{rel}","templated":true}]}}