{"id":22010,"date":"2025-01-23T01:51:11","date_gmt":"2025-01-23T06:51:11","guid":{"rendered":"https:\/\/scubapanama.com\/product\/bota-sherwood-akbt361-12-stdr-talla-12\/"},"modified":"2025-05-07T15:43:28","modified_gmt":"2025-05-07T20:43:28","slug":"bota-sherwood-akbt361-12-stdr-talla-12","status":"publish","type":"product","link":"https:\/\/scubapanama.com\/es\/product\/bota-sherwood-akbt361-12-stdr-talla-12\/","title":{"rendered":"BOTA SHERWOOD STDR TALLA 12 (AKBT361-12)"},"content":{"rendered":"<p><span>Las botas de neopreno con suela vulcanizada cuentan con costuras pegadas y ciegas para una estanqueidad superior. Su nuevo dise\u00f1o proporciona un ajuste ce\u00f1ido y contorneado, creando una bota m\u00e1s c\u00f3moda y c\u00e1lida.\u00a0<\/span><\/p>\n<p><span>Cremalleras YKK n.\u00b0 5 autoblocantes y resistentes a la corrosi\u00f3n. El bolsillo con cremallera completa minimiza la entrada de agua. Una leng\u00fceta m\u00e1s larga en el tal\u00f3n facilita la colocaci\u00f3n de la bota.<\/span><\/p>\n","protected":false},"excerpt":{"rendered":"<p><span>Las botas de neopreno con suela vulcanizada cuentan con costuras pegadas y ciegas para una estanqueidad superior.<\/span><\/p>\n","protected":false},"featured_media":25455,"comment_status":"open","ping_status":"closed","template":"","meta":{"iawp_total_views":5,"_joinchat":[]},"product_brand":[],"product_cat":[111],"product_tag":[184,163],"class_list":{"0":"post-22010","1":"product","2":"type-product","3":"status-publish","4":"has-post-thumbnail","6":"product_cat-tienda-online","7":"product_tag-akona-es","8":"product_tag-boot","10":"first","11":"instock","12":"taxable","13":"shipping-taxable","14":"purchasable","15":"product-type-simple"},"booking_location":null,"booking_location_type":null,"booking_duration":null,"booking_duration_unit":null,"booking_buffer":null,"booking_cost":null,"booking_resources":null,"_links":{"self":[{"href":"https:\/\/scubapanama.com\/es\/wp-json\/wp\/v2\/product\/22010","targetHints":{"allow":["GET"]}}],"collection":[{"href":"https:\/\/scubapanama.com\/es\/wp-json\/wp\/v2\/product"}],"about":[{"href":"https:\/\/scubapanama.com\/es\/wp-json\/wp\/v2\/types\/product"}],"replies":[{"embeddable":true,"href":"https:\/\/scubapanama.com\/es\/wp-json\/wp\/v2\/comments?post=22010"}],"version-history":[{"count":2,"href":"https:\/\/scubapanama.com\/es\/wp-json\/wp\/v2\/product\/22010\/revisions"}],"predecessor-version":[{"id":25663,"href":"https:\/\/scubapanama.com\/es\/wp-json\/wp\/v2\/product\/22010\/revisions\/25663"}],"wp:featuredmedia":[{"embeddable":true,"href":"https:\/\/scubapanama.com\/es\/wp-json\/wp\/v2\/media\/25455"}],"wp:attachment":[{"href":"https:\/\/scubapanama.com\/es\/wp-json\/wp\/v2\/media?parent=22010"}],"wp:term":[{"taxonomy":"product_brand","embeddable":true,"href":"https:\/\/scubapanama.com\/es\/wp-json\/wp\/v2\/product_brand?post=22010"},{"taxonomy":"product_cat","embeddable":true,"href":"https:\/\/scubapanama.com\/es\/wp-json\/wp\/v2\/product_cat?post=22010"},{"taxonomy":"product_tag","embeddable":true,"href":"https:\/\/scubapanama.com\/es\/wp-json\/wp\/v2\/product_tag?post=22010"}],"curies":[{"name":"wp","href":"https:\/\/api.w.org\/{rel}","templated":true}]}}