{"id":22009,"date":"2025-01-23T01:51:12","date_gmt":"2025-01-23T06:51:12","guid":{"rendered":"https:\/\/scubapanama.com\/product\/sherwood-akrs-3mf-lg\/"},"modified":"2025-05-07T15:36:14","modified_gmt":"2025-05-07T20:36:14","slug":"sherwood-akrs-3mf-lg","status":"publish","type":"product","link":"https:\/\/scubapanama.com\/es\/product\/sherwood-akrs-3mf-lg\/","title":{"rendered":"SHERWOOD (AKRS-3MF-LG)"},"content":{"rendered":"<p>Enterizo con neopreno de 3mm de espesor, en colores para diferenciar cada talla. Costuras pegadas y cosidas para mayor durabilidad y comodidad Cremallera trasera para brindar mayor protecci\u00f3n t\u00e9rmica, cremallera YKK. TRAJE DISE\u00d1ADO PARA TRABAJO PESADO<\/p>\n","protected":false},"excerpt":{"rendered":"<p>Enterizo con neopreno de 3mm de espesor, en colores para diferenciar cada talla.<\/p>\n","protected":false},"featured_media":25415,"comment_status":"open","ping_status":"closed","template":"","meta":{"iawp_total_views":1,"_joinchat":[]},"product_brand":[],"product_cat":[111],"product_tag":[184],"class_list":{"0":"post-22009","1":"product","2":"type-product","3":"status-publish","4":"has-post-thumbnail","6":"product_cat-tienda-online","7":"product_tag-akona-es","9":"first","10":"onbackorder","11":"taxable","12":"shipping-taxable","13":"purchasable","14":"product-type-simple"},"booking_location":null,"booking_location_type":null,"booking_duration":null,"booking_duration_unit":null,"booking_buffer":null,"booking_cost":null,"booking_resources":null,"_links":{"self":[{"href":"https:\/\/scubapanama.com\/es\/wp-json\/wp\/v2\/product\/22009","targetHints":{"allow":["GET"]}}],"collection":[{"href":"https:\/\/scubapanama.com\/es\/wp-json\/wp\/v2\/product"}],"about":[{"href":"https:\/\/scubapanama.com\/es\/wp-json\/wp\/v2\/types\/product"}],"replies":[{"embeddable":true,"href":"https:\/\/scubapanama.com\/es\/wp-json\/wp\/v2\/comments?post=22009"}],"version-history":[{"count":2,"href":"https:\/\/scubapanama.com\/es\/wp-json\/wp\/v2\/product\/22009\/revisions"}],"predecessor-version":[{"id":25653,"href":"https:\/\/scubapanama.com\/es\/wp-json\/wp\/v2\/product\/22009\/revisions\/25653"}],"wp:featuredmedia":[{"embeddable":true,"href":"https:\/\/scubapanama.com\/es\/wp-json\/wp\/v2\/media\/25415"}],"wp:attachment":[{"href":"https:\/\/scubapanama.com\/es\/wp-json\/wp\/v2\/media?parent=22009"}],"wp:term":[{"taxonomy":"product_brand","embeddable":true,"href":"https:\/\/scubapanama.com\/es\/wp-json\/wp\/v2\/product_brand?post=22009"},{"taxonomy":"product_cat","embeddable":true,"href":"https:\/\/scubapanama.com\/es\/wp-json\/wp\/v2\/product_cat?post=22009"},{"taxonomy":"product_tag","embeddable":true,"href":"https:\/\/scubapanama.com\/es\/wp-json\/wp\/v2\/product_tag?post=22009"}],"curies":[{"name":"wp","href":"https:\/\/api.w.org\/{rel}","templated":true}]}}