{"id":22008,"date":"2025-01-23T01:51:11","date_gmt":"2025-01-23T06:51:11","guid":{"rendered":"https:\/\/scubapanama.com\/product\/guantes-sherwood-akfg800-2xl-ak-bali-talla-2xl\/"},"modified":"2025-05-21T10:38:10","modified_gmt":"2025-05-21T15:38:10","slug":"guantes-sherwood-akfg800-2xl-ak-bali-talla-2xl","status":"publish","type":"product","link":"https:\/\/scubapanama.com\/es\/product\/guantes-sherwood-akfg800-2xl-ak-bali-talla-2xl\/","title":{"rendered":"SHERWOOD GUANTES AK BALI TALLA 2XL (AKFG800-2XL)"},"content":{"rendered":"<p>M\u00e1s c\u00f3modos que nunca sin sacrificar la protecci\u00f3n. Estos guantes est\u00e1n fabricados con neopreno de 1 mm para mayor comodidad sin a\u00f1adir ning\u00fan coste adicional. Ahora sin correas de velcro que molesten. Con los nuevos guantes ArmorTex de AKONA, no te equivocar\u00e1s. El material ArmorTex de AKONA es resistente a la abrasi\u00f3n y al desgarro, y proporciona una flexibilidad excepcional en la palma.<\/p>\n","protected":false},"excerpt":{"rendered":"<p>M\u00e1s c\u00f3modos que nunca sin sacrificar la protecci\u00f3n.<\/p>\n","protected":false},"featured_media":25459,"comment_status":"open","ping_status":"closed","template":"","meta":{"iawp_total_views":1,"_joinchat":[]},"product_brand":[],"product_cat":[111],"product_tag":[184],"class_list":{"0":"post-22008","1":"product","2":"type-product","3":"status-publish","4":"has-post-thumbnail","6":"product_cat-tienda-online","7":"product_tag-akona-es","9":"first","10":"instock","11":"taxable","12":"shipping-taxable","13":"purchasable","14":"product-type-simple"},"booking_location":null,"booking_location_type":null,"booking_duration":null,"booking_duration_unit":null,"booking_buffer":null,"booking_cost":null,"booking_resources":null,"_links":{"self":[{"href":"https:\/\/scubapanama.com\/es\/wp-json\/wp\/v2\/product\/22008","targetHints":{"allow":["GET"]}}],"collection":[{"href":"https:\/\/scubapanama.com\/es\/wp-json\/wp\/v2\/product"}],"about":[{"href":"https:\/\/scubapanama.com\/es\/wp-json\/wp\/v2\/types\/product"}],"replies":[{"embeddable":true,"href":"https:\/\/scubapanama.com\/es\/wp-json\/wp\/v2\/comments?post=22008"}],"version-history":[{"count":3,"href":"https:\/\/scubapanama.com\/es\/wp-json\/wp\/v2\/product\/22008\/revisions"}],"predecessor-version":[{"id":29956,"href":"https:\/\/scubapanama.com\/es\/wp-json\/wp\/v2\/product\/22008\/revisions\/29956"}],"wp:featuredmedia":[{"embeddable":true,"href":"https:\/\/scubapanama.com\/es\/wp-json\/wp\/v2\/media\/25459"}],"wp:attachment":[{"href":"https:\/\/scubapanama.com\/es\/wp-json\/wp\/v2\/media?parent=22008"}],"wp:term":[{"taxonomy":"product_brand","embeddable":true,"href":"https:\/\/scubapanama.com\/es\/wp-json\/wp\/v2\/product_brand?post=22008"},{"taxonomy":"product_cat","embeddable":true,"href":"https:\/\/scubapanama.com\/es\/wp-json\/wp\/v2\/product_cat?post=22008"},{"taxonomy":"product_tag","embeddable":true,"href":"https:\/\/scubapanama.com\/es\/wp-json\/wp\/v2\/product_tag?post=22008"}],"curies":[{"name":"wp","href":"https:\/\/api.w.org\/{rel}","templated":true}]}}