{"id":22003,"date":"2025-01-23T01:51:12","date_gmt":"2025-01-23T06:51:12","guid":{"rendered":"https:\/\/scubapanama.com\/product\/ordenador-combo-sherwood-cr2509-sh-perfil-2-galga\/"},"modified":"2025-05-21T10:52:57","modified_gmt":"2025-05-21T15:52:57","slug":"ordenador-combo-sherwood-cr2509-sh-perfil-2-galga","status":"publish","type":"product","link":"https:\/\/scubapanama.com\/es\/product\/ordenador-combo-sherwood-cr2509-sh-perfil-2-galga\/","title":{"rendered":"SHERWOOD ORDENADOR COMBO SH PERFIL 2 GALGA (CR2509)"},"content":{"rendered":"<p>El Profile es el ordenador b\u00e1sico de Sherwood. Con un solo bot\u00f3n, es sencillo y f\u00e1cil de usar. No requiere aprendizaje. Es muy popular en los departamentos de alquiler de complejos tur\u00edsticos y tiendas por su facilidad de uso.<\/p>\n","protected":false},"excerpt":{"rendered":"<p>El Profile es el ordenador b\u00e1sico de Sherwood.<\/p>\n","protected":false},"featured_media":25425,"comment_status":"open","ping_status":"closed","template":"","meta":{"iawp_total_views":2,"_joinchat":[]},"product_brand":[],"product_cat":[111],"product_tag":[228],"class_list":{"0":"post-22003","1":"product","2":"type-product","3":"status-publish","4":"has-post-thumbnail","6":"product_cat-tienda-online","7":"product_tag-sherwood-es","9":"first","10":"instock","11":"taxable","12":"shipping-taxable","13":"purchasable","14":"product-type-simple"},"booking_location":null,"booking_location_type":null,"booking_duration":null,"booking_duration_unit":null,"booking_buffer":null,"booking_cost":null,"booking_resources":null,"_links":{"self":[{"href":"https:\/\/scubapanama.com\/es\/wp-json\/wp\/v2\/product\/22003","targetHints":{"allow":["GET"]}}],"collection":[{"href":"https:\/\/scubapanama.com\/es\/wp-json\/wp\/v2\/product"}],"about":[{"href":"https:\/\/scubapanama.com\/es\/wp-json\/wp\/v2\/types\/product"}],"replies":[{"embeddable":true,"href":"https:\/\/scubapanama.com\/es\/wp-json\/wp\/v2\/comments?post=22003"}],"version-history":[{"count":3,"href":"https:\/\/scubapanama.com\/es\/wp-json\/wp\/v2\/product\/22003\/revisions"}],"predecessor-version":[{"id":29988,"href":"https:\/\/scubapanama.com\/es\/wp-json\/wp\/v2\/product\/22003\/revisions\/29988"}],"wp:featuredmedia":[{"embeddable":true,"href":"https:\/\/scubapanama.com\/es\/wp-json\/wp\/v2\/media\/25425"}],"wp:attachment":[{"href":"https:\/\/scubapanama.com\/es\/wp-json\/wp\/v2\/media?parent=22003"}],"wp:term":[{"taxonomy":"product_brand","embeddable":true,"href":"https:\/\/scubapanama.com\/es\/wp-json\/wp\/v2\/product_brand?post=22003"},{"taxonomy":"product_cat","embeddable":true,"href":"https:\/\/scubapanama.com\/es\/wp-json\/wp\/v2\/product_cat?post=22003"},{"taxonomy":"product_tag","embeddable":true,"href":"https:\/\/scubapanama.com\/es\/wp-json\/wp\/v2\/product_tag?post=22003"}],"curies":[{"name":"wp","href":"https:\/\/api.w.org\/{rel}","templated":true}]}}