{"id":22002,"date":"2025-01-23T01:51:12","date_gmt":"2025-01-23T06:51:12","guid":{"rendered":"https:\/\/scubapanama.com\/product\/sherwood-akm270bu-ak-b-reeze-mascara-azul\/"},"modified":"2025-05-07T15:26:57","modified_gmt":"2025-05-07T20:26:57","slug":"sherwood-akm270bu-ak-b-reeze-mascara-azul","status":"publish","type":"product","link":"https:\/\/scubapanama.com\/es\/product\/sherwood-akm270bu-ak-b-reeze-mascara-azul\/","title":{"rendered":"SHERWOOD AK B REEZE MASCARA AZUL (AKM270BU)"},"content":{"rendered":"<p>La m\u00e1scara AKONA Breeze es una m\u00e1scara con doble lente de vidrio templado que admite lentes graduadas. El fald\u00f3n de silicona l\u00edquida inyectada tiene un doble borde para un sellado suave y eficaz en las mejillas y la frente. El sistema de hebilla de desconexi\u00f3n r\u00e1pida, de f\u00e1cil ajuste, permite ajustar f\u00e1cilmente la correa de la m\u00e1scara sin que se deslice.<\/p>\n","protected":false},"excerpt":{"rendered":"<p>La m\u00e1scara AKONA Breeze es una m\u00e1scara con doble lente de vidrio templado que admite lentes graduadas.<\/p>\n","protected":false},"featured_media":25468,"comment_status":"open","ping_status":"closed","template":"","meta":{"iawp_total_views":0,"_joinchat":[]},"product_brand":[],"product_cat":[111],"product_tag":[184],"class_list":{"0":"post-22002","1":"product","2":"type-product","3":"status-publish","4":"has-post-thumbnail","6":"product_cat-tienda-online","7":"product_tag-akona-es","9":"first","10":"instock","11":"taxable","12":"shipping-taxable","13":"purchasable","14":"product-type-simple"},"booking_location":null,"booking_location_type":null,"booking_duration":null,"booking_duration_unit":null,"booking_buffer":null,"booking_cost":null,"booking_resources":null,"_links":{"self":[{"href":"https:\/\/scubapanama.com\/es\/wp-json\/wp\/v2\/product\/22002","targetHints":{"allow":["GET"]}}],"collection":[{"href":"https:\/\/scubapanama.com\/es\/wp-json\/wp\/v2\/product"}],"about":[{"href":"https:\/\/scubapanama.com\/es\/wp-json\/wp\/v2\/types\/product"}],"replies":[{"embeddable":true,"href":"https:\/\/scubapanama.com\/es\/wp-json\/wp\/v2\/comments?post=22002"}],"version-history":[{"count":2,"href":"https:\/\/scubapanama.com\/es\/wp-json\/wp\/v2\/product\/22002\/revisions"}],"predecessor-version":[{"id":25644,"href":"https:\/\/scubapanama.com\/es\/wp-json\/wp\/v2\/product\/22002\/revisions\/25644"}],"wp:featuredmedia":[{"embeddable":true,"href":"https:\/\/scubapanama.com\/es\/wp-json\/wp\/v2\/media\/25468"}],"wp:attachment":[{"href":"https:\/\/scubapanama.com\/es\/wp-json\/wp\/v2\/media?parent=22002"}],"wp:term":[{"taxonomy":"product_brand","embeddable":true,"href":"https:\/\/scubapanama.com\/es\/wp-json\/wp\/v2\/product_brand?post=22002"},{"taxonomy":"product_cat","embeddable":true,"href":"https:\/\/scubapanama.com\/es\/wp-json\/wp\/v2\/product_cat?post=22002"},{"taxonomy":"product_tag","embeddable":true,"href":"https:\/\/scubapanama.com\/es\/wp-json\/wp\/v2\/product_tag?post=22002"}],"curies":[{"name":"wp","href":"https:\/\/api.w.org\/{rel}","templated":true}]}}