{"id":21982,"date":"2025-01-23T01:51:14","date_gmt":"2025-01-23T06:51:14","guid":{"rendered":"https:\/\/scubapanama.com\/product\/sherwood-fn940bk-aleta-elite-f-f-negro-12-13\/"},"modified":"2025-05-07T14:57:58","modified_gmt":"2025-05-07T19:57:58","slug":"sherwood-fn940bk-aleta-elite-f-f-negro-12-13","status":"publish","type":"product","link":"https:\/\/scubapanama.com\/es\/product\/sherwood-fn940bk-aleta-elite-f-f-negro-12-13\/","title":{"rendered":"SHERWOOD ALETA ELITE F\/F NEGRO 12-13 (FN940BK)"},"content":{"rendered":"<p><span>Durante a\u00f1os, las aletas calzantes Elite de Sherwood Scuba han sido una opci\u00f3n predilecta entre los buceadores de todo el mundo. Reconocidas por su excepcional rendimiento y precio asequible, estas aletas se han posicionado constantemente entre las m\u00e1s vendidas en tiendas de buceo de todo el mundo. Ahora, este excepcional producto tambi\u00e9n est\u00e1 disponible en versi\u00f3n de tal\u00f3n cerrado, ideal para viajeros y buceadores de aguas c\u00e1lidas que buscan la m\u00e1xima comodidad y practicidad.<\/span><\/p>\n","protected":false},"excerpt":{"rendered":"<p>Durante a\u00f1os, las aletas calzantes Elite de Sherwood Scuba han sido una opci\u00f3n predilecta entre los buceadores de todo el mundo.<\/p>\n","protected":false},"featured_media":25349,"comment_status":"open","ping_status":"closed","template":"","meta":{"iawp_total_views":3,"_joinchat":[]},"product_brand":[],"product_cat":[111],"product_tag":[228],"class_list":{"0":"post-21982","1":"product","2":"type-product","3":"status-publish","4":"has-post-thumbnail","6":"product_cat-tienda-online","7":"product_tag-sherwood-es","9":"first","10":"instock","11":"taxable","12":"shipping-taxable","13":"purchasable","14":"product-type-simple"},"booking_location":null,"booking_location_type":null,"booking_duration":null,"booking_duration_unit":null,"booking_buffer":null,"booking_cost":null,"booking_resources":null,"_links":{"self":[{"href":"https:\/\/scubapanama.com\/es\/wp-json\/wp\/v2\/product\/21982","targetHints":{"allow":["GET"]}}],"collection":[{"href":"https:\/\/scubapanama.com\/es\/wp-json\/wp\/v2\/product"}],"about":[{"href":"https:\/\/scubapanama.com\/es\/wp-json\/wp\/v2\/types\/product"}],"replies":[{"embeddable":true,"href":"https:\/\/scubapanama.com\/es\/wp-json\/wp\/v2\/comments?post=21982"}],"version-history":[{"count":2,"href":"https:\/\/scubapanama.com\/es\/wp-json\/wp\/v2\/product\/21982\/revisions"}],"predecessor-version":[{"id":25614,"href":"https:\/\/scubapanama.com\/es\/wp-json\/wp\/v2\/product\/21982\/revisions\/25614"}],"wp:featuredmedia":[{"embeddable":true,"href":"https:\/\/scubapanama.com\/es\/wp-json\/wp\/v2\/media\/25349"}],"wp:attachment":[{"href":"https:\/\/scubapanama.com\/es\/wp-json\/wp\/v2\/media?parent=21982"}],"wp:term":[{"taxonomy":"product_brand","embeddable":true,"href":"https:\/\/scubapanama.com\/es\/wp-json\/wp\/v2\/product_brand?post=21982"},{"taxonomy":"product_cat","embeddable":true,"href":"https:\/\/scubapanama.com\/es\/wp-json\/wp\/v2\/product_cat?post=21982"},{"taxonomy":"product_tag","embeddable":true,"href":"https:\/\/scubapanama.com\/es\/wp-json\/wp\/v2\/product_tag?post=21982"}],"curies":[{"name":"wp","href":"https:\/\/api.w.org\/{rel}","templated":true}]}}