{"id":21981,"date":"2025-01-23T01:51:14","date_gmt":"2025-01-23T06:51:14","guid":{"rendered":"https:\/\/scubapanama.com\/product\/sherwood-fs3700ib-gn-ika-snorkel-azul-hielo\/"},"modified":"2025-05-07T14:50:20","modified_gmt":"2025-05-07T19:50:20","slug":"sherwood-fs3700ib-gn-ika-snorkel-azul-hielo","status":"publish","type":"product","link":"https:\/\/scubapanama.com\/es\/product\/sherwood-fs3700ib-gn-ika-snorkel-azul-hielo\/","title":{"rendered":"SHERWOOD GN IKA SNORKEL AZUL HIELO (FS3700IB)"},"content":{"rendered":"<p>\u00a1Bucea c\u00f3modamente con el esn\u00f3rquel ergon\u00f3mico Ika! Dise\u00f1ado para sesiones prolongadas de snorkel, su tubo moldeado y conector de silicona ofrecen un ajuste c\u00f3modo alrededor de la cabeza y la boca. Equipado con una protecci\u00f3n antisalpicaduras proactiva, mantiene el agua a raya, garantizando una aventura submarina sin interrupciones. El recept\u00e1culo de base profunda impide la entrada de agua sin afectar la respiraci\u00f3n. Disfruta de m\u00e1s horas de buceo con la boquilla de silicona, que reduce la fatiga mandibular.<\/p>\n","protected":false},"excerpt":{"rendered":"<p>\u00a1Bucea c\u00f3modamente con el esn\u00f3rquel ergon\u00f3mico Ika! Dise\u00f1ado para sesiones prolongadas de snorkel, su tubo moldeado y conector de silicona ofrecen un ajuste c\u00f3modo alrededor de la cabeza y la boca.<\/p>\n","protected":false},"featured_media":25355,"comment_status":"open","ping_status":"closed","template":"","meta":{"iawp_total_views":4,"_joinchat":[]},"product_brand":[],"product_cat":[111],"product_tag":[228,154],"class_list":{"0":"post-21981","1":"product","2":"type-product","3":"status-publish","4":"has-post-thumbnail","6":"product_cat-tienda-online","7":"product_tag-sherwood-es","8":"product_tag-snorkel","10":"first","11":"instock","12":"taxable","13":"shipping-taxable","14":"purchasable","15":"product-type-simple"},"booking_location":null,"booking_location_type":null,"booking_duration":null,"booking_duration_unit":null,"booking_buffer":null,"booking_cost":null,"booking_resources":null,"_links":{"self":[{"href":"https:\/\/scubapanama.com\/es\/wp-json\/wp\/v2\/product\/21981","targetHints":{"allow":["GET"]}}],"collection":[{"href":"https:\/\/scubapanama.com\/es\/wp-json\/wp\/v2\/product"}],"about":[{"href":"https:\/\/scubapanama.com\/es\/wp-json\/wp\/v2\/types\/product"}],"replies":[{"embeddable":true,"href":"https:\/\/scubapanama.com\/es\/wp-json\/wp\/v2\/comments?post=21981"}],"version-history":[{"count":2,"href":"https:\/\/scubapanama.com\/es\/wp-json\/wp\/v2\/product\/21981\/revisions"}],"predecessor-version":[{"id":25602,"href":"https:\/\/scubapanama.com\/es\/wp-json\/wp\/v2\/product\/21981\/revisions\/25602"}],"wp:featuredmedia":[{"embeddable":true,"href":"https:\/\/scubapanama.com\/es\/wp-json\/wp\/v2\/media\/25355"}],"wp:attachment":[{"href":"https:\/\/scubapanama.com\/es\/wp-json\/wp\/v2\/media?parent=21981"}],"wp:term":[{"taxonomy":"product_brand","embeddable":true,"href":"https:\/\/scubapanama.com\/es\/wp-json\/wp\/v2\/product_brand?post=21981"},{"taxonomy":"product_cat","embeddable":true,"href":"https:\/\/scubapanama.com\/es\/wp-json\/wp\/v2\/product_cat?post=21981"},{"taxonomy":"product_tag","embeddable":true,"href":"https:\/\/scubapanama.com\/es\/wp-json\/wp\/v2\/product_tag?post=21981"}],"curies":[{"name":"wp","href":"https:\/\/api.w.org\/{rel}","templated":true}]}}