{"id":21979,"date":"2025-01-23T01:51:14","date_gmt":"2025-01-23T06:51:14","guid":{"rendered":"https:\/\/scubapanama.com\/product\/ordenador-de-muneca-graviton-sherwood-gcc-02-gn\/"},"modified":"2025-05-21T10:52:40","modified_gmt":"2025-05-21T15:52:40","slug":"ordenador-de-muneca-graviton-sherwood-gcc-02-gn","status":"publish","type":"product","link":"https:\/\/scubapanama.com\/es\/product\/ordenador-de-muneca-graviton-sherwood-gcc-02-gn\/","title":{"rendered":"SHERWOOD ORDENADOR DE MU\u00d1ECA GRAVITON (GCC-02 GN)"},"content":{"rendered":"<p>Sum\u00e9rgete en un mundo de colores vibrantes y funciones innovadoras con el Genesis Graviton, un reloj de buceo con ordenador premium que mejora tus experiencias submarinas. El Graviton, que realza las mejores cualidades del aclamado modelo Centauri, incorpora una atractiva pantalla a color. La pantalla LCD de alta resoluci\u00f3n MIP (Memoria en P\u00edxeles) garantiza claridad, brillo y una legibilidad inigualable incluso bajo el agua.<\/p>\n<p>F\u00e1cil de navegar gracias a su dise\u00f1o de cinco botones, el Graviton ofrece los modos Scuba, Apnea y Nitrox, lo que lo hace ideal para buceadores de todos los niveles. La pantalla a color MIP garantiza el contraste, permiti\u00e9ndole localizar r\u00e1pidamente la informaci\u00f3n esencial, mientras que los ajustes le permiten personalizar el Graviton para que se adapte perfectamente a sus preferencias de buceo.<\/p>\n<p>Al igual que el Centauri, el Graviton utiliza el avanzado algoritmo Buhlmann ZHL-16C y est\u00e1 programado con miles de sitios de buceo en todo el mundo. Es compatible con GPS, lo que significa que identifica su ubicaci\u00f3n y proporciona coordenadas o nombres de sitios para facilitar la navegaci\u00f3n.<\/p>\n<p>Para ir un paso m\u00e1s all\u00e1, presentamos la app Dive Story, ahora disponible para iOS y Android. Puedes descargar, grabar y gestionar f\u00e1cilmente todas tus aventuras de buceo con Graviton desde tu smartphone. Adem\u00e1s, la exclusiva funci\u00f3n G-Sensor te permite cambiar la informaci\u00f3n de la pantalla con solo girar la mu\u00f1eca, lo que hace que tu inmersi\u00f3n sea a\u00fan m\u00e1s fluida.<\/p>\n","protected":false},"excerpt":{"rendered":"<p>Sum\u00e9rgete en un mundo de colores vibrantes y funciones innovadoras con el Genesis Graviton, un reloj de buceo con ordenador premium que mejora tus experiencias submarinas.<\/p>\n","protected":false},"featured_media":23698,"comment_status":"open","ping_status":"closed","template":"","meta":{"iawp_total_views":5,"_joinchat":[]},"product_brand":[],"product_cat":[111],"product_tag":[228],"class_list":{"0":"post-21979","1":"product","2":"type-product","3":"status-publish","4":"has-post-thumbnail","6":"product_cat-tienda-online","7":"product_tag-sherwood-es","9":"first","10":"instock","11":"taxable","12":"shipping-taxable","13":"purchasable","14":"product-type-simple"},"booking_location":null,"booking_location_type":null,"booking_duration":null,"booking_duration_unit":null,"booking_buffer":null,"booking_cost":null,"booking_resources":null,"_links":{"self":[{"href":"https:\/\/scubapanama.com\/es\/wp-json\/wp\/v2\/product\/21979","targetHints":{"allow":["GET"]}}],"collection":[{"href":"https:\/\/scubapanama.com\/es\/wp-json\/wp\/v2\/product"}],"about":[{"href":"https:\/\/scubapanama.com\/es\/wp-json\/wp\/v2\/types\/product"}],"replies":[{"embeddable":true,"href":"https:\/\/scubapanama.com\/es\/wp-json\/wp\/v2\/comments?post=21979"}],"version-history":[{"count":3,"href":"https:\/\/scubapanama.com\/es\/wp-json\/wp\/v2\/product\/21979\/revisions"}],"predecessor-version":[{"id":29987,"href":"https:\/\/scubapanama.com\/es\/wp-json\/wp\/v2\/product\/21979\/revisions\/29987"}],"wp:featuredmedia":[{"embeddable":true,"href":"https:\/\/scubapanama.com\/es\/wp-json\/wp\/v2\/media\/23698"}],"wp:attachment":[{"href":"https:\/\/scubapanama.com\/es\/wp-json\/wp\/v2\/media?parent=21979"}],"wp:term":[{"taxonomy":"product_brand","embeddable":true,"href":"https:\/\/scubapanama.com\/es\/wp-json\/wp\/v2\/product_brand?post=21979"},{"taxonomy":"product_cat","embeddable":true,"href":"https:\/\/scubapanama.com\/es\/wp-json\/wp\/v2\/product_cat?post=21979"},{"taxonomy":"product_tag","embeddable":true,"href":"https:\/\/scubapanama.com\/es\/wp-json\/wp\/v2\/product_tag?post=21979"}],"curies":[{"name":"wp","href":"https:\/\/api.w.org\/{rel}","templated":true}]}}