{"id":21977,"date":"2025-01-23T01:51:14","date_gmt":"2025-01-23T06:51:14","guid":{"rendered":"https:\/\/scubapanama.com\/product\/ordenador-de-muneca-sherwood-gwc-01-gn-centauri\/"},"modified":"2025-05-21T10:52:16","modified_gmt":"2025-05-21T15:52:16","slug":"ordenador-de-muneca-sherwood-gwc-01-gn-centauri","status":"publish","type":"product","link":"https:\/\/scubapanama.com\/es\/product\/ordenador-de-muneca-sherwood-gwc-01-gn-centauri\/","title":{"rendered":"SHERWOOD ORDENADOR DE MU\u00d1ECA CENTAURI (GWC-01 GN)"},"content":{"rendered":"<p>El ordenador de buceo Genesis Centauri Dive, con soporte de mu\u00f1eca, satisface todas tus necesidades de buceo. Ya seas buceador, apnea o est\u00e9s entrenado con nitrox, el algoritmo B\u00fchlmann ZH-L-16C te guiar\u00e1 para gestionar todas tus necesidades. Puedes personalizar todos los ajustes para que este ordenador de buceo funcione a la perfecci\u00f3n. Adem\u00e1s, es tan elegante que podr\u00e1s usarlo a diario. Disponible en ingl\u00e9s, chino y espa\u00f1ol.<\/p>\n","protected":false},"excerpt":{"rendered":"<p>El ordenador de buceo Genesis Centauri Dive, con soporte de mu\u00f1eca, satisface todas tus necesidades de buceo.<\/p>\n","protected":false},"featured_media":23701,"comment_status":"open","ping_status":"closed","template":"","meta":{"iawp_total_views":34,"_joinchat":[]},"product_brand":[],"product_cat":[111],"product_tag":[228],"class_list":{"0":"post-21977","1":"product","2":"type-product","3":"status-publish","4":"has-post-thumbnail","6":"product_cat-tienda-online","7":"product_tag-sherwood-es","9":"first","10":"instock","11":"taxable","12":"shipping-taxable","13":"purchasable","14":"product-type-simple"},"booking_location":null,"booking_location_type":null,"booking_duration":null,"booking_duration_unit":null,"booking_buffer":null,"booking_cost":null,"booking_resources":null,"_links":{"self":[{"href":"https:\/\/scubapanama.com\/es\/wp-json\/wp\/v2\/product\/21977","targetHints":{"allow":["GET"]}}],"collection":[{"href":"https:\/\/scubapanama.com\/es\/wp-json\/wp\/v2\/product"}],"about":[{"href":"https:\/\/scubapanama.com\/es\/wp-json\/wp\/v2\/types\/product"}],"replies":[{"embeddable":true,"href":"https:\/\/scubapanama.com\/es\/wp-json\/wp\/v2\/comments?post=21977"}],"version-history":[{"count":3,"href":"https:\/\/scubapanama.com\/es\/wp-json\/wp\/v2\/product\/21977\/revisions"}],"predecessor-version":[{"id":29986,"href":"https:\/\/scubapanama.com\/es\/wp-json\/wp\/v2\/product\/21977\/revisions\/29986"}],"wp:featuredmedia":[{"embeddable":true,"href":"https:\/\/scubapanama.com\/es\/wp-json\/wp\/v2\/media\/23701"}],"wp:attachment":[{"href":"https:\/\/scubapanama.com\/es\/wp-json\/wp\/v2\/media?parent=21977"}],"wp:term":[{"taxonomy":"product_brand","embeddable":true,"href":"https:\/\/scubapanama.com\/es\/wp-json\/wp\/v2\/product_brand?post=21977"},{"taxonomy":"product_cat","embeddable":true,"href":"https:\/\/scubapanama.com\/es\/wp-json\/wp\/v2\/product_cat?post=21977"},{"taxonomy":"product_tag","embeddable":true,"href":"https:\/\/scubapanama.com\/es\/wp-json\/wp\/v2\/product_tag?post=21977"}],"curies":[{"name":"wp","href":"https:\/\/api.w.org\/{rel}","templated":true}]}}