{"id":21972,"date":"2025-01-23T01:51:15","date_gmt":"2025-01-23T06:51:15","guid":{"rendered":"https:\/\/scubapanama.com\/product\/mascara-sherwood-ma22ly-sh-vantage-amarillo-limon\/"},"modified":"2025-05-21T10:46:20","modified_gmt":"2025-05-21T15:46:20","slug":"mascara-sherwood-ma22ly-sh-vantage-amarillo-limon","status":"publish","type":"product","link":"https:\/\/scubapanama.com\/es\/product\/mascara-sherwood-ma22ly-sh-vantage-amarillo-limon\/","title":{"rendered":"SHERWOOD M\u00c1SCARA SH VANTAGE AMARILLO LIM\u00d3N (MA22LY)"},"content":{"rendered":"<p class=\"p1\">La Vantage presenta un dise\u00f1o tradicional moderno, vers\u00e1til y pr\u00e1ctico. Esta m\u00e1scara se adapta perfectamente a la mayor\u00eda de los buceadores y permite reemplazar las lentes est\u00e1ndar por lentes graduadas. De -1.5 a -8.0.<\/p>\n<p><strong><span class=\"fa-lg\">CARACTER\u00cdSTICAS<\/span><\/strong><\/p>\n<p>\u2022 Dise\u00f1o cl\u00e1sico de lente doble<br \/>\n\u2022 Hebilla QD<br \/>\n\u2022 Lente de vidrio templado<br \/>\n\u2022 Lentes correctivos opcionales<\/p>\n","protected":false},"excerpt":{"rendered":"<p>La Vantage presenta un dise\u00f1o tradicional moderno, vers\u00e1til y pr\u00e1ctico.<\/p>\n","protected":false},"featured_media":25311,"comment_status":"open","ping_status":"closed","template":"","meta":{"iawp_total_views":1,"_joinchat":[]},"product_brand":[],"product_cat":[111],"product_tag":[228],"class_list":{"0":"post-21972","1":"product","2":"type-product","3":"status-publish","4":"has-post-thumbnail","6":"product_cat-tienda-online","7":"product_tag-sherwood-es","9":"first","10":"instock","11":"taxable","12":"shipping-taxable","13":"purchasable","14":"product-type-simple"},"booking_location":null,"booking_location_type":null,"booking_duration":null,"booking_duration_unit":null,"booking_buffer":null,"booking_cost":null,"booking_resources":null,"_links":{"self":[{"href":"https:\/\/scubapanama.com\/es\/wp-json\/wp\/v2\/product\/21972","targetHints":{"allow":["GET"]}}],"collection":[{"href":"https:\/\/scubapanama.com\/es\/wp-json\/wp\/v2\/product"}],"about":[{"href":"https:\/\/scubapanama.com\/es\/wp-json\/wp\/v2\/types\/product"}],"replies":[{"embeddable":true,"href":"https:\/\/scubapanama.com\/es\/wp-json\/wp\/v2\/comments?post=21972"}],"version-history":[{"count":3,"href":"https:\/\/scubapanama.com\/es\/wp-json\/wp\/v2\/product\/21972\/revisions"}],"predecessor-version":[{"id":29971,"href":"https:\/\/scubapanama.com\/es\/wp-json\/wp\/v2\/product\/21972\/revisions\/29971"}],"wp:featuredmedia":[{"embeddable":true,"href":"https:\/\/scubapanama.com\/es\/wp-json\/wp\/v2\/media\/25311"}],"wp:attachment":[{"href":"https:\/\/scubapanama.com\/es\/wp-json\/wp\/v2\/media?parent=21972"}],"wp:term":[{"taxonomy":"product_brand","embeddable":true,"href":"https:\/\/scubapanama.com\/es\/wp-json\/wp\/v2\/product_brand?post=21972"},{"taxonomy":"product_cat","embeddable":true,"href":"https:\/\/scubapanama.com\/es\/wp-json\/wp\/v2\/product_cat?post=21972"},{"taxonomy":"product_tag","embeddable":true,"href":"https:\/\/scubapanama.com\/es\/wp-json\/wp\/v2\/product_tag?post=21972"}],"curies":[{"name":"wp","href":"https:\/\/api.w.org\/{rel}","templated":true}]}}