{"id":21965,"date":"2025-01-23T01:51:16","date_gmt":"2025-01-23T06:51:16","guid":{"rendered":"https:\/\/scubapanama.com\/product\/sherwood-ma89bs-mascara-wai-silicona-negra\/"},"modified":"2025-05-07T14:22:04","modified_gmt":"2025-05-07T19:22:04","slug":"sherwood-ma89bs-mascara-wai-silicona-negra","status":"publish","type":"product","link":"https:\/\/scubapanama.com\/es\/product\/sherwood-ma89bs-mascara-wai-silicona-negra\/","title":{"rendered":"SHERWOOD M\u00c1SCARA WAI SILICONA NEGRA (MA89BS)"},"content":{"rendered":"<p><span>Wai significa agua en hawaiano. Y ah\u00ed es donde querr\u00e1s pasar todo tu tiempo con la Sherwood Wai. Esta m\u00e1scara incre\u00edblemente c\u00f3moda aprovecha la tecnolog\u00eda de correa de las gafas de esqu\u00ed y motocross para crear la que posiblemente sea la\u00a0<\/span><strong><em><span>m\u00e1scara de buceo m\u00e1s c\u00f3moda<\/span><\/em><\/strong><span>\u00a0del mundo .<\/span><\/p>\n<p><span>El marco extremadamente resistente se ajusta perfectamente a la cara, ofreciendo un campo de visi\u00f3n incre\u00edble. Y con la presilla para esn\u00f3rquel, no tendr\u00e1s que lidiar con el soporte de pl\u00e1stico. No compres otra m\u00e1scara sin probar la Sherwood Wai.<\/span><\/p>\n","protected":false},"excerpt":{"rendered":"<p><span>Wai significa agua en hawaiano. Y ah\u00ed es donde querr\u00e1s pasar todo tu tiempo con la Sherwood Wai. <\/span><\/p>\n","protected":false},"featured_media":25275,"comment_status":"open","ping_status":"closed","template":"","meta":{"iawp_total_views":2,"_joinchat":[]},"product_brand":[],"product_cat":[111],"product_tag":[228],"class_list":{"0":"post-21965","1":"product","2":"type-product","3":"status-publish","4":"has-post-thumbnail","6":"product_cat-tienda-online","7":"product_tag-sherwood-es","9":"first","10":"instock","11":"taxable","12":"shipping-taxable","13":"purchasable","14":"product-type-simple"},"booking_location":null,"booking_location_type":null,"booking_duration":null,"booking_duration_unit":null,"booking_buffer":null,"booking_cost":null,"booking_resources":null,"_links":{"self":[{"href":"https:\/\/scubapanama.com\/es\/wp-json\/wp\/v2\/product\/21965","targetHints":{"allow":["GET"]}}],"collection":[{"href":"https:\/\/scubapanama.com\/es\/wp-json\/wp\/v2\/product"}],"about":[{"href":"https:\/\/scubapanama.com\/es\/wp-json\/wp\/v2\/types\/product"}],"replies":[{"embeddable":true,"href":"https:\/\/scubapanama.com\/es\/wp-json\/wp\/v2\/comments?post=21965"}],"version-history":[{"count":2,"href":"https:\/\/scubapanama.com\/es\/wp-json\/wp\/v2\/product\/21965\/revisions"}],"predecessor-version":[{"id":25575,"href":"https:\/\/scubapanama.com\/es\/wp-json\/wp\/v2\/product\/21965\/revisions\/25575"}],"wp:featuredmedia":[{"embeddable":true,"href":"https:\/\/scubapanama.com\/es\/wp-json\/wp\/v2\/media\/25275"}],"wp:attachment":[{"href":"https:\/\/scubapanama.com\/es\/wp-json\/wp\/v2\/media?parent=21965"}],"wp:term":[{"taxonomy":"product_brand","embeddable":true,"href":"https:\/\/scubapanama.com\/es\/wp-json\/wp\/v2\/product_brand?post=21965"},{"taxonomy":"product_cat","embeddable":true,"href":"https:\/\/scubapanama.com\/es\/wp-json\/wp\/v2\/product_cat?post=21965"},{"taxonomy":"product_tag","embeddable":true,"href":"https:\/\/scubapanama.com\/es\/wp-json\/wp\/v2\/product_tag?post=21965"}],"curies":[{"name":"wp","href":"https:\/\/api.w.org\/{rel}","templated":true}]}}