{"id":21962,"date":"2025-01-23T01:51:15","date_gmt":"2025-01-23T06:51:15","guid":{"rendered":"https:\/\/scubapanama.com\/product\/sherwood-ma60sbs-sh-ceto-mascara-acero-azul-silicona\/"},"modified":"2025-05-07T14:29:40","modified_gmt":"2025-05-07T19:29:40","slug":"sherwood-ma60sbs-sh-ceto-mascara-acero-azul-silicona","status":"publish","type":"product","link":"https:\/\/scubapanama.com\/es\/product\/sherwood-ma60sbs-sh-ceto-mascara-acero-azul-silicona\/","title":{"rendered":"SHERWOOD SH CETO M\u00c1SCARA ACERO AZUL SILICONA (MA60SBS)"},"content":{"rendered":"<p>Fabricada con precisi\u00f3n e innovaci\u00f3n, la m\u00e1scara Ceto cuenta con un dise\u00f1o de lente \u00fanica que ofrece una claridad y visi\u00f3n inigualables bajo el agua. Su construcci\u00f3n sin marco no solo aumenta la durabilidad, sino que tambi\u00e9n garantiza un perfil ligero y aerodin\u00e1mico, reduciendo la resistencia para un buceo sin esfuerzo. Equipada con un fald\u00f3n de silicona suave con doble borde de plumas, la m\u00e1scara Ceto proporciona un sellado superior contra la entrada de agua, garantizando la m\u00e1xima comodidad y un ajuste perfecto para sesiones de buceo prolongadas. Para quienes buscan una mayor percepci\u00f3n del color, las opciones Tangine y Rubicon cuentan con una lente \u00fanica que realza el color, elevando su experiencia submarina a un nuevo nivel.<\/p>\n","protected":false},"excerpt":{"rendered":"<p>Fabricada con precisi\u00f3n e innovaci\u00f3n, la m\u00e1scara Ceto cuenta con un dise\u00f1o de lente \u00fanica que ofrece una claridad y visi\u00f3n inigualables bajo el agua.<\/p>\n","protected":false},"featured_media":25332,"comment_status":"open","ping_status":"closed","template":"","meta":{"iawp_total_views":5,"_joinchat":[]},"product_brand":[],"product_cat":[111],"product_tag":[228],"class_list":{"0":"post-21962","1":"product","2":"type-product","3":"status-publish","4":"has-post-thumbnail","6":"product_cat-tienda-online","7":"product_tag-sherwood-es","9":"first","10":"instock","11":"taxable","12":"shipping-taxable","13":"purchasable","14":"product-type-simple"},"booking_location":null,"booking_location_type":null,"booking_duration":null,"booking_duration_unit":null,"booking_buffer":null,"booking_cost":null,"booking_resources":null,"_links":{"self":[{"href":"https:\/\/scubapanama.com\/es\/wp-json\/wp\/v2\/product\/21962","targetHints":{"allow":["GET"]}}],"collection":[{"href":"https:\/\/scubapanama.com\/es\/wp-json\/wp\/v2\/product"}],"about":[{"href":"https:\/\/scubapanama.com\/es\/wp-json\/wp\/v2\/types\/product"}],"replies":[{"embeddable":true,"href":"https:\/\/scubapanama.com\/es\/wp-json\/wp\/v2\/comments?post=21962"}],"version-history":[{"count":2,"href":"https:\/\/scubapanama.com\/es\/wp-json\/wp\/v2\/product\/21962\/revisions"}],"predecessor-version":[{"id":25583,"href":"https:\/\/scubapanama.com\/es\/wp-json\/wp\/v2\/product\/21962\/revisions\/25583"}],"wp:featuredmedia":[{"embeddable":true,"href":"https:\/\/scubapanama.com\/es\/wp-json\/wp\/v2\/media\/25332"}],"wp:attachment":[{"href":"https:\/\/scubapanama.com\/es\/wp-json\/wp\/v2\/media?parent=21962"}],"wp:term":[{"taxonomy":"product_brand","embeddable":true,"href":"https:\/\/scubapanama.com\/es\/wp-json\/wp\/v2\/product_brand?post=21962"},{"taxonomy":"product_cat","embeddable":true,"href":"https:\/\/scubapanama.com\/es\/wp-json\/wp\/v2\/product_cat?post=21962"},{"taxonomy":"product_tag","embeddable":true,"href":"https:\/\/scubapanama.com\/es\/wp-json\/wp\/v2\/product_tag?post=21962"}],"curies":[{"name":"wp","href":"https:\/\/api.w.org\/{rel}","templated":true}]}}