{"id":21958,"date":"2025-01-23T01:51:16","date_gmt":"2025-01-23T06:51:16","guid":{"rendered":"https:\/\/scubapanama.com\/product\/sherwood-ody005-gn-odyssey-back-inflation-bc-md\/"},"modified":"2025-05-07T14:13:56","modified_gmt":"2025-05-07T19:13:56","slug":"sherwood-ody005-gn-odyssey-back-inflation-bc-md","status":"publish","type":"product","link":"https:\/\/scubapanama.com\/es\/product\/sherwood-ody005-gn-odyssey-back-inflation-bc-md\/","title":{"rendered":"SHERWOOD GN ODYSSEY BACK INFLATION BC MD (ODY005)"},"content":{"rendered":"<p>El chaleco Odyssey es el complemento perfecto para el galardonado Genesis Origin. Este modelo de inflado dorsal ofrece un sistema de lastre, caracter\u00edsticas y funcionalidad similares a los del Origin. Ligero y ergon\u00f3mico, el Genesis Odysey cuenta con todas las funciones y caracter\u00edsticas que busca en un chaleco de inflado dorsal. Los bolsillos de lastre extra\u00edbles y de f\u00e1cil acceso tienen capacidad para hasta 4,5 kg de lastre cada uno, junto con dos bolsillos de lastre de 2,2 kg. La c\u00e1mara de aire de inflado dorsal es discreta y se expande y contrae f\u00e1cilmente con la ayuda de una cuerda el\u00e1stica. Adem\u00e1s, este chaleco es compatible con Pro-Kit y cuenta con dos bolsillos expandibles con cremallera.<\/p>\n","protected":false},"excerpt":{"rendered":"<p>El chaleco Odyssey es el complemento perfecto para el galardonado Genesis Origin.<\/p>\n","protected":false},"featured_media":25288,"comment_status":"open","ping_status":"closed","template":"","meta":{"iawp_total_views":1,"_joinchat":[]},"product_brand":[],"product_cat":[111],"product_tag":[168,228],"class_list":{"0":"post-21958","1":"product","2":"type-product","3":"status-publish","4":"has-post-thumbnail","6":"product_cat-tienda-online","7":"product_tag-bcd-es","8":"product_tag-sherwood-es","10":"first","11":"onbackorder","12":"taxable","13":"shipping-taxable","14":"purchasable","15":"product-type-simple"},"booking_location":null,"booking_location_type":null,"booking_duration":null,"booking_duration_unit":null,"booking_buffer":null,"booking_cost":null,"booking_resources":null,"_links":{"self":[{"href":"https:\/\/scubapanama.com\/es\/wp-json\/wp\/v2\/product\/21958","targetHints":{"allow":["GET"]}}],"collection":[{"href":"https:\/\/scubapanama.com\/es\/wp-json\/wp\/v2\/product"}],"about":[{"href":"https:\/\/scubapanama.com\/es\/wp-json\/wp\/v2\/types\/product"}],"replies":[{"embeddable":true,"href":"https:\/\/scubapanama.com\/es\/wp-json\/wp\/v2\/comments?post=21958"}],"version-history":[{"count":2,"href":"https:\/\/scubapanama.com\/es\/wp-json\/wp\/v2\/product\/21958\/revisions"}],"predecessor-version":[{"id":25571,"href":"https:\/\/scubapanama.com\/es\/wp-json\/wp\/v2\/product\/21958\/revisions\/25571"}],"wp:featuredmedia":[{"embeddable":true,"href":"https:\/\/scubapanama.com\/es\/wp-json\/wp\/v2\/media\/25288"}],"wp:attachment":[{"href":"https:\/\/scubapanama.com\/es\/wp-json\/wp\/v2\/media?parent=21958"}],"wp:term":[{"taxonomy":"product_brand","embeddable":true,"href":"https:\/\/scubapanama.com\/es\/wp-json\/wp\/v2\/product_brand?post=21958"},{"taxonomy":"product_cat","embeddable":true,"href":"https:\/\/scubapanama.com\/es\/wp-json\/wp\/v2\/product_cat?post=21958"},{"taxonomy":"product_tag","embeddable":true,"href":"https:\/\/scubapanama.com\/es\/wp-json\/wp\/v2\/product_tag?post=21958"}],"curies":[{"name":"wp","href":"https:\/\/api.w.org\/{rel}","templated":true}]}}