{"id":21949,"date":"2025-01-23T01:51:17","date_gmt":"2025-01-23T06:51:17","guid":{"rendered":"https:\/\/scubapanama.com\/product\/mascara-de-sigilo-sherwood-sm400bs-gn-silicona-negra\/"},"modified":"2025-05-21T10:43:45","modified_gmt":"2025-05-21T15:43:45","slug":"mascara-de-sigilo-sherwood-sm400bs-gn-silicona-negra","status":"publish","type":"product","link":"https:\/\/scubapanama.com\/es\/product\/mascara-de-sigilo-sherwood-sm400bs-gn-silicona-negra\/","title":{"rendered":"SHERWOOD M\u00c1SCARA DE SIGILO GN SILICONA NEGRA (SM400BS)"},"content":{"rendered":"<p class=\"p1\">Hemos mejorado nuestra experiencia en apnea con la m\u00e1scara Stealth. El fald\u00f3n fue cuidadosamente dise\u00f1ado, priorizando el bajo volumen y la ergonom\u00eda. La m\u00e1scara de bajo volumen y el puente nasal de silicona reforzada se crearon espec\u00edficamente para compensar la presi\u00f3n que se ejerce sobre la m\u00e1scara al bucear a grandes profundidades. El bajo volumen tambi\u00e9n proporciona un amplio campo de visi\u00f3n.<\/p>\n<p class=\"p1\"><strong>DETALLES<\/strong><\/p>\n<ul>\n<li class=\"p1\">El puente nasal de silicona reforzado proporciona estabilidad lateral a una m\u00e1scara sin marco.<\/li>\n<li class=\"p1\">La m\u00e1scara de perfil bajo se coloca cerca de los ojos del buceador, lo que proporciona un campo de visi\u00f3n excepcional.<\/li>\n<li class=\"p1\">Las hebillas de desconexi\u00f3n r\u00e1pida brindan facilidad de uso y servicio<\/li>\n<li class=\"p1\">M\u00e1scara sin marco de doble lente<\/li>\n<li class=\"p1\">Estilo y dise\u00f1o europeos<\/li>\n<\/ul>\n","protected":false},"excerpt":{"rendered":"<p>Hemos mejorado nuestra experiencia en apnea con la m\u00e1scara Stealth.<\/p>\n","protected":false},"featured_media":26548,"comment_status":"open","ping_status":"closed","template":"","meta":{"iawp_total_views":2,"_joinchat":[]},"product_brand":[],"product_cat":[111],"product_tag":[228],"class_list":{"0":"post-21949","1":"product","2":"type-product","3":"status-publish","4":"has-post-thumbnail","6":"product_cat-tienda-online","7":"product_tag-sherwood-es","9":"first","10":"instock","11":"taxable","12":"shipping-taxable","13":"purchasable","14":"product-type-simple"},"booking_location":null,"booking_location_type":null,"booking_duration":null,"booking_duration_unit":null,"booking_buffer":null,"booking_cost":null,"booking_resources":null,"_links":{"self":[{"href":"https:\/\/scubapanama.com\/es\/wp-json\/wp\/v2\/product\/21949","targetHints":{"allow":["GET"]}}],"collection":[{"href":"https:\/\/scubapanama.com\/es\/wp-json\/wp\/v2\/product"}],"about":[{"href":"https:\/\/scubapanama.com\/es\/wp-json\/wp\/v2\/types\/product"}],"replies":[{"embeddable":true,"href":"https:\/\/scubapanama.com\/es\/wp-json\/wp\/v2\/comments?post=21949"}],"version-history":[{"count":2,"href":"https:\/\/scubapanama.com\/es\/wp-json\/wp\/v2\/product\/21949\/revisions"}],"predecessor-version":[{"id":29961,"href":"https:\/\/scubapanama.com\/es\/wp-json\/wp\/v2\/product\/21949\/revisions\/29961"}],"wp:featuredmedia":[{"embeddable":true,"href":"https:\/\/scubapanama.com\/es\/wp-json\/wp\/v2\/media\/26548"}],"wp:attachment":[{"href":"https:\/\/scubapanama.com\/es\/wp-json\/wp\/v2\/media?parent=21949"}],"wp:term":[{"taxonomy":"product_brand","embeddable":true,"href":"https:\/\/scubapanama.com\/es\/wp-json\/wp\/v2\/product_brand?post=21949"},{"taxonomy":"product_cat","embeddable":true,"href":"https:\/\/scubapanama.com\/es\/wp-json\/wp\/v2\/product_cat?post=21949"},{"taxonomy":"product_tag","embeddable":true,"href":"https:\/\/scubapanama.com\/es\/wp-json\/wp\/v2\/product_tag?post=21949"}],"curies":[{"name":"wp","href":"https:\/\/api.w.org\/{rel}","templated":true}]}}