{"id":21943,"date":"2025-01-23T01:51:17","date_gmt":"2025-01-23T06:51:17","guid":{"rendered":"https:\/\/scubapanama.com\/product\/sherwood-sn050tl-sh-sury-snorkel-tiffany\/"},"modified":"2025-05-07T11:55:44","modified_gmt":"2025-05-07T16:55:44","slug":"sherwood-sn050tl-sh-sury-snorkel-tiffany","status":"publish","type":"product","link":"https:\/\/scubapanama.com\/es\/product\/sherwood-sn050tl-sh-sury-snorkel-tiffany\/","title":{"rendered":"SHERWOOD SH SURY SNORKEL TIFFANY (SN050TL)"},"content":{"rendered":"<p><span>Fabricado con un dise\u00f1o de tubo recto, el Suri Snorkel garantiza una respiraci\u00f3n \u00f3ptima incluso ante peque\u00f1as salpicaduras y olas. Su amplio dep\u00f3sito evita eficazmente cualquier impedimento para la respiraci\u00f3n, permitiendo a los buceadores explorar el mundo submarino con facilidad y confianza.<\/span><\/p>\n<p><strong><span>CARACTER\u00cdSTICAS<\/span><\/strong><\/p>\n<p><span>\u2022 Ahora viene de serie con la boquilla Sherwood EZ Bite<\/span><br \/>\n<span>\u2022 Parte superior de tubo abierta<\/span><br \/>\n<span>\u2022 El recept\u00e1culo de base profunda captura el agua sin afectar la experiencia de respiraci\u00f3n<\/span><br \/>\n<span>\u2022 Soporte para snorkel f\u00e1cil de usar<\/span><\/p>\n","protected":false},"excerpt":{"rendered":"<p>Fabricado con un dise\u00f1o de tubo recto, el Suri Snorkel garantiza una respiraci\u00f3n \u00f3ptima incluso ante peque\u00f1as salpicaduras y olas.<\/p>\n","protected":false},"featured_media":25262,"comment_status":"open","ping_status":"closed","template":"","meta":{"iawp_total_views":1,"_joinchat":[]},"product_brand":[],"product_cat":[111],"product_tag":[228,154],"class_list":{"0":"post-21943","1":"product","2":"type-product","3":"status-publish","4":"has-post-thumbnail","6":"product_cat-tienda-online","7":"product_tag-sherwood-es","8":"product_tag-snorkel","10":"first","11":"instock","12":"taxable","13":"shipping-taxable","14":"purchasable","15":"product-type-simple"},"booking_location":null,"booking_location_type":null,"booking_duration":null,"booking_duration_unit":null,"booking_buffer":null,"booking_cost":null,"booking_resources":null,"_links":{"self":[{"href":"https:\/\/scubapanama.com\/es\/wp-json\/wp\/v2\/product\/21943","targetHints":{"allow":["GET"]}}],"collection":[{"href":"https:\/\/scubapanama.com\/es\/wp-json\/wp\/v2\/product"}],"about":[{"href":"https:\/\/scubapanama.com\/es\/wp-json\/wp\/v2\/types\/product"}],"replies":[{"embeddable":true,"href":"https:\/\/scubapanama.com\/es\/wp-json\/wp\/v2\/comments?post=21943"}],"version-history":[{"count":2,"href":"https:\/\/scubapanama.com\/es\/wp-json\/wp\/v2\/product\/21943\/revisions"}],"predecessor-version":[{"id":25549,"href":"https:\/\/scubapanama.com\/es\/wp-json\/wp\/v2\/product\/21943\/revisions\/25549"}],"wp:featuredmedia":[{"embeddable":true,"href":"https:\/\/scubapanama.com\/es\/wp-json\/wp\/v2\/media\/25262"}],"wp:attachment":[{"href":"https:\/\/scubapanama.com\/es\/wp-json\/wp\/v2\/media?parent=21943"}],"wp:term":[{"taxonomy":"product_brand","embeddable":true,"href":"https:\/\/scubapanama.com\/es\/wp-json\/wp\/v2\/product_brand?post=21943"},{"taxonomy":"product_cat","embeddable":true,"href":"https:\/\/scubapanama.com\/es\/wp-json\/wp\/v2\/product_cat?post=21943"},{"taxonomy":"product_tag","embeddable":true,"href":"https:\/\/scubapanama.com\/es\/wp-json\/wp\/v2\/product_tag?post=21943"}],"curies":[{"name":"wp","href":"https:\/\/api.w.org\/{rel}","templated":true}]}}