{"id":21942,"date":"2025-01-23T01:51:17","date_gmt":"2025-01-23T06:51:17","guid":{"rendered":"https:\/\/scubapanama.com\/product\/sherwood-sn056bs-sh-tiga-dry-snorkel-negro\/"},"modified":"2025-05-07T11:51:56","modified_gmt":"2025-05-07T16:51:56","slug":"sherwood-sn056bs-sh-tiga-dry-snorkel-negro","status":"publish","type":"product","link":"https:\/\/scubapanama.com\/es\/product\/sherwood-sn056bs-sh-tiga-dry-snorkel-negro\/","title":{"rendered":"SHERWOOD SH TIGA DRY SNORKEL NEGRO (SN056BS)"},"content":{"rendered":"<p>Utilizando tecnolog\u00edas de vanguardia para snorkels secos, el Tiga Dry Snorkel garantiza una respiraci\u00f3n sin esfuerzo y, lo m\u00e1s importante, una experiencia seca para el buceador. Su dise\u00f1o aerodin\u00e1mico de base crea un amplio dep\u00f3sito que permite que el aire fluya libremente desde el tubo hasta la boquilla sin restricciones. La v\u00e1lvula de purga de gran tama\u00f1o permite vaciar el snorkel r\u00e1pida y f\u00e1cilmente, lo que aumenta la comodidad bajo el agua. Fabricado con una boquilla 100% de silicona l\u00edquida y un tubo flexible, el Tiga Snorkel garantiza comodidad en cualquier situaci\u00f3n de buceo.<\/p>\n","protected":false},"excerpt":{"rendered":"<p>Utilizando tecnolog\u00edas de vanguardia para snorkels secos, el Tiga Dry Snorkel garantiza una respiraci\u00f3n sin esfuerzo y, lo m\u00e1s importante, una experiencia seca para el buceador.<\/p>\n","protected":false},"featured_media":25267,"comment_status":"open","ping_status":"closed","template":"","meta":{"iawp_total_views":1,"_joinchat":[]},"product_brand":[],"product_cat":[111],"product_tag":[228,154],"class_list":{"0":"post-21942","1":"product","2":"type-product","3":"status-publish","4":"has-post-thumbnail","6":"product_cat-tienda-online","7":"product_tag-sherwood-es","8":"product_tag-snorkel","10":"first","11":"instock","12":"taxable","13":"shipping-taxable","14":"purchasable","15":"product-type-simple"},"booking_location":null,"booking_location_type":null,"booking_duration":null,"booking_duration_unit":null,"booking_buffer":null,"booking_cost":null,"booking_resources":null,"_links":{"self":[{"href":"https:\/\/scubapanama.com\/es\/wp-json\/wp\/v2\/product\/21942","targetHints":{"allow":["GET"]}}],"collection":[{"href":"https:\/\/scubapanama.com\/es\/wp-json\/wp\/v2\/product"}],"about":[{"href":"https:\/\/scubapanama.com\/es\/wp-json\/wp\/v2\/types\/product"}],"replies":[{"embeddable":true,"href":"https:\/\/scubapanama.com\/es\/wp-json\/wp\/v2\/comments?post=21942"}],"version-history":[{"count":2,"href":"https:\/\/scubapanama.com\/es\/wp-json\/wp\/v2\/product\/21942\/revisions"}],"predecessor-version":[{"id":25543,"href":"https:\/\/scubapanama.com\/es\/wp-json\/wp\/v2\/product\/21942\/revisions\/25543"}],"wp:featuredmedia":[{"embeddable":true,"href":"https:\/\/scubapanama.com\/es\/wp-json\/wp\/v2\/media\/25267"}],"wp:attachment":[{"href":"https:\/\/scubapanama.com\/es\/wp-json\/wp\/v2\/media?parent=21942"}],"wp:term":[{"taxonomy":"product_brand","embeddable":true,"href":"https:\/\/scubapanama.com\/es\/wp-json\/wp\/v2\/product_brand?post=21942"},{"taxonomy":"product_cat","embeddable":true,"href":"https:\/\/scubapanama.com\/es\/wp-json\/wp\/v2\/product_cat?post=21942"},{"taxonomy":"product_tag","embeddable":true,"href":"https:\/\/scubapanama.com\/es\/wp-json\/wp\/v2\/product_tag?post=21942"}],"curies":[{"name":"wp","href":"https:\/\/api.w.org\/{rel}","templated":true}]}}