{"id":21934,"date":"2025-01-23T01:51:18","date_gmt":"2025-01-23T06:51:18","guid":{"rendered":"https:\/\/scubapanama.com\/product\/sherwwod-ak-breeze-qd-mascarilla-azul\/"},"modified":"2025-05-13T08:30:44","modified_gmt":"2025-05-13T13:30:44","slug":"sherwwod-ak-breeze-qd-mascarilla-azul","status":"publish","type":"product","link":"https:\/\/scubapanama.com\/es\/product\/sherwwod-ak-breeze-qd-mascarilla-azul\/","title":{"rendered":"SHERWWOD AK BREEZE QD MASCARILLA AZUL (AKM280BU)"},"content":{"rendered":"<p><span>La m\u00e1scara AKONA Breeze es una m\u00e1scara con doble lente de vidrio templado que admite lentes graduadas. El fald\u00f3n de silicona l\u00edquida inyectada tiene un doble borde para un sellado suave y eficaz en las mejillas y la frente. El sistema de hebilla de desconexi\u00f3n r\u00e1pida, de f\u00e1cil ajuste, permite ajustar f\u00e1cilmente la correa de la m\u00e1scara sin que se deslice.\u00a0<\/span><\/p>\n<p><strong><span>\u00a0DETALLES<\/span><\/strong><\/p>\n<ul>\n<li><span>Lentes graduadas disponibles en dioptr\u00edas negativas de -1,5 a -8,0; en incrementos de 0,5.<\/span><\/li>\n<li><span>Lentes de vidrio templado dual<\/span><\/li>\n<li><span>Falda de doble labio de silicona l\u00edquida<\/span><\/li>\n<li><span>Hebillas integradas de f\u00e1cil ajuste<\/span><\/li>\n<\/ul>\n","protected":false},"excerpt":{"rendered":"<p>La m\u00e1scara AKONA Breeze es una m\u00e1scara con doble lente de vidrio templado que admite lentes graduadas.<\/p>\n","protected":false},"featured_media":26620,"comment_status":"open","ping_status":"closed","template":"","meta":{"iawp_total_views":1,"_joinchat":[]},"product_brand":[],"product_cat":[111],"product_tag":[228],"class_list":{"0":"post-21934","1":"product","2":"type-product","3":"status-publish","4":"has-post-thumbnail","6":"product_cat-tienda-online","7":"product_tag-sherwood-es","9":"first","10":"instock","11":"taxable","12":"shipping-taxable","13":"purchasable","14":"product-type-simple"},"booking_location":null,"booking_location_type":null,"booking_duration":null,"booking_duration_unit":null,"booking_buffer":null,"booking_cost":null,"booking_resources":null,"_links":{"self":[{"href":"https:\/\/scubapanama.com\/es\/wp-json\/wp\/v2\/product\/21934","targetHints":{"allow":["GET"]}}],"collection":[{"href":"https:\/\/scubapanama.com\/es\/wp-json\/wp\/v2\/product"}],"about":[{"href":"https:\/\/scubapanama.com\/es\/wp-json\/wp\/v2\/types\/product"}],"replies":[{"embeddable":true,"href":"https:\/\/scubapanama.com\/es\/wp-json\/wp\/v2\/comments?post=21934"}],"version-history":[{"count":1,"href":"https:\/\/scubapanama.com\/es\/wp-json\/wp\/v2\/product\/21934\/revisions"}],"predecessor-version":[{"id":26622,"href":"https:\/\/scubapanama.com\/es\/wp-json\/wp\/v2\/product\/21934\/revisions\/26622"}],"wp:featuredmedia":[{"embeddable":true,"href":"https:\/\/scubapanama.com\/es\/wp-json\/wp\/v2\/media\/26620"}],"wp:attachment":[{"href":"https:\/\/scubapanama.com\/es\/wp-json\/wp\/v2\/media?parent=21934"}],"wp:term":[{"taxonomy":"product_brand","embeddable":true,"href":"https:\/\/scubapanama.com\/es\/wp-json\/wp\/v2\/product_brand?post=21934"},{"taxonomy":"product_cat","embeddable":true,"href":"https:\/\/scubapanama.com\/es\/wp-json\/wp\/v2\/product_cat?post=21934"},{"taxonomy":"product_tag","embeddable":true,"href":"https:\/\/scubapanama.com\/es\/wp-json\/wp\/v2\/product_tag?post=21934"}],"curies":[{"name":"wp","href":"https:\/\/api.w.org\/{rel}","templated":true}]}}