{"id":21925,"date":"2025-01-23T01:51:19","date_gmt":"2025-01-23T06:51:19","guid":{"rendered":"https:\/\/scubapanama.com\/product\/sms-300pk-blk-aire-de-repuesto\/"},"modified":"2025-05-20T14:31:52","modified_gmt":"2025-05-20T19:31:52","slug":"sms-300pk-blk-aire-de-repuesto","status":"publish","type":"product","link":"https:\/\/scubapanama.com\/es\/product\/sms-300pk-blk-aire-de-repuesto\/","title":{"rendered":"SMS AIRE DE REPUESTO (300PK-BLK)"},"content":{"rendered":"<p>El paquete exclusivo de DiveCatalog incluye el kit Spare Air modelo 300 de 3.0 pies c\u00fabicos y un cord\u00f3n de bobina GRATIS para guardar tus productos en un lugar seguro y funcional. \u00bfCu\u00e1nto valoras tu vida? En una situaci\u00f3n de falta de aire, unos minutos de aire extra pueden salvarte la vida. Spare Air es una fuente de aire redundante compacta para buceadores, recargable, f\u00e1cil de transportar y fabricada en EE. UU. Spare Air es la soluci\u00f3n. Cuando necesitas una bocanada de aire, la encuentras al instante. Es mejor que el sistema de compa\u00f1eros y mucho m\u00e1s ligero que el sistema de poni..<\/p>\n","protected":false},"excerpt":{"rendered":"<p>El paquete exclusivo de DiveCatalog incluye el kit Spare Air modelo 300 de 3.0 pies c\u00fabicos y un cord\u00f3n de bobina GRATIS para guardar tus productos en un lugar seguro y funcional.<\/p>\n","protected":false},"featured_media":29823,"comment_status":"open","ping_status":"closed","template":"","meta":{"iawp_total_views":7,"_joinchat":[]},"product_brand":[],"product_cat":[111],"product_tag":[],"class_list":{"0":"post-21925","1":"product","2":"type-product","3":"status-publish","4":"has-post-thumbnail","6":"product_cat-tienda-online","8":"first","9":"instock","10":"taxable","11":"shipping-taxable","12":"purchasable","13":"product-type-simple"},"booking_location":null,"booking_location_type":null,"booking_duration":null,"booking_duration_unit":null,"booking_buffer":null,"booking_cost":null,"booking_resources":null,"_links":{"self":[{"href":"https:\/\/scubapanama.com\/es\/wp-json\/wp\/v2\/product\/21925","targetHints":{"allow":["GET"]}}],"collection":[{"href":"https:\/\/scubapanama.com\/es\/wp-json\/wp\/v2\/product"}],"about":[{"href":"https:\/\/scubapanama.com\/es\/wp-json\/wp\/v2\/types\/product"}],"replies":[{"embeddable":true,"href":"https:\/\/scubapanama.com\/es\/wp-json\/wp\/v2\/comments?post=21925"}],"version-history":[{"count":1,"href":"https:\/\/scubapanama.com\/es\/wp-json\/wp\/v2\/product\/21925\/revisions"}],"predecessor-version":[{"id":29825,"href":"https:\/\/scubapanama.com\/es\/wp-json\/wp\/v2\/product\/21925\/revisions\/29825"}],"wp:featuredmedia":[{"embeddable":true,"href":"https:\/\/scubapanama.com\/es\/wp-json\/wp\/v2\/media\/29823"}],"wp:attachment":[{"href":"https:\/\/scubapanama.com\/es\/wp-json\/wp\/v2\/media?parent=21925"}],"wp:term":[{"taxonomy":"product_brand","embeddable":true,"href":"https:\/\/scubapanama.com\/es\/wp-json\/wp\/v2\/product_brand?post=21925"},{"taxonomy":"product_cat","embeddable":true,"href":"https:\/\/scubapanama.com\/es\/wp-json\/wp\/v2\/product_cat?post=21925"},{"taxonomy":"product_tag","embeddable":true,"href":"https:\/\/scubapanama.com\/es\/wp-json\/wp\/v2\/product_tag?post=21925"}],"curies":[{"name":"wp","href":"https:\/\/api.w.org\/{rel}","templated":true}]}}