{"id":21858,"date":"2025-01-23T01:51:25","date_gmt":"2025-01-23T06:51:25","guid":{"rendered":"https:\/\/scubapanama.com\/product\/tri-a166-scubapro-tipo-din-reg-adaptador\/"},"modified":"2025-05-19T14:26:22","modified_gmt":"2025-05-19T19:26:22","slug":"tri-a166-scubapro-tipo-din-reg-adaptador","status":"publish","type":"product","link":"https:\/\/scubapanama.com\/es\/product\/tri-a166-scubapro-tipo-din-reg-adaptador\/","title":{"rendered":"TRIDENT SCUBAPRO TIPO DIN REG. ADAPTADOR (A166)"},"content":{"rendered":"<p>El nuevo adaptador de din a estribo, hecho en Italia, ofrece mejoras de dise\u00f1o que lo hacen a\u00fan m\u00e1s compatible con la forma y el estilo de los nuevos reguladores. El estribo no est\u00e1 recubierto en pl\u00e1stico y el revestimiento de n\u00edquel cromado es de la m\u00e1s alta calidad. Es un adaptador similar al que se encuentra disponible para los reguladores de la Serie EVO de SCUBAPRO.<\/p>\n<p>El pomo, moldeado con dos materiales, proporciona un excelente agarre y es suave al tacto, y en la parte superior incorpora una elegante pegatina met\u00e1lica con el logotipo \u00abS\u00bb.<\/p>\n","protected":false},"excerpt":{"rendered":"<p>El nuevo adaptador de din a estribo, hecho en Italia, ofrece mejoras de dise\u00f1o que lo hacen a\u00fan m\u00e1s compatible con la forma y el estilo de los nuevos reguladores.<\/p>\n","protected":false},"featured_media":22869,"comment_status":"closed","ping_status":"closed","template":"","meta":{"iawp_total_views":2,"_joinchat":[]},"product_brand":[],"product_cat":[111],"product_tag":[158,153],"class_list":{"0":"post-21858","1":"product","2":"type-product","3":"status-publish","4":"has-post-thumbnail","6":"product_cat-tienda-online","7":"product_tag-adaptador","8":"product_tag-scubapro-es","10":"first","11":"instock","12":"taxable","13":"shipping-taxable","14":"purchasable","15":"product-type-simple"},"booking_location":null,"booking_location_type":null,"booking_duration":null,"booking_duration_unit":null,"booking_buffer":null,"booking_cost":null,"booking_resources":null,"_links":{"self":[{"href":"https:\/\/scubapanama.com\/es\/wp-json\/wp\/v2\/product\/21858","targetHints":{"allow":["GET"]}}],"collection":[{"href":"https:\/\/scubapanama.com\/es\/wp-json\/wp\/v2\/product"}],"about":[{"href":"https:\/\/scubapanama.com\/es\/wp-json\/wp\/v2\/types\/product"}],"replies":[{"embeddable":true,"href":"https:\/\/scubapanama.com\/es\/wp-json\/wp\/v2\/comments?post=21858"}],"version-history":[{"count":4,"href":"https:\/\/scubapanama.com\/es\/wp-json\/wp\/v2\/product\/21858\/revisions"}],"predecessor-version":[{"id":29580,"href":"https:\/\/scubapanama.com\/es\/wp-json\/wp\/v2\/product\/21858\/revisions\/29580"}],"wp:featuredmedia":[{"embeddable":true,"href":"https:\/\/scubapanama.com\/es\/wp-json\/wp\/v2\/media\/22869"}],"wp:attachment":[{"href":"https:\/\/scubapanama.com\/es\/wp-json\/wp\/v2\/media?parent=21858"}],"wp:term":[{"taxonomy":"product_brand","embeddable":true,"href":"https:\/\/scubapanama.com\/es\/wp-json\/wp\/v2\/product_brand?post=21858"},{"taxonomy":"product_cat","embeddable":true,"href":"https:\/\/scubapanama.com\/es\/wp-json\/wp\/v2\/product_cat?post=21858"},{"taxonomy":"product_tag","embeddable":true,"href":"https:\/\/scubapanama.com\/es\/wp-json\/wp\/v2\/product_tag?post=21858"}],"curies":[{"name":"wp","href":"https:\/\/api.w.org\/{rel}","templated":true}]}}