{"id":21814,"date":"2025-01-23T01:51:29","date_gmt":"2025-01-23T06:51:29","guid":{"rendered":"https:\/\/scubapanama.com\/product\/tri-da76-verde-6-pulgadas-cyalume-lightstick-grn\/"},"modified":"2025-05-20T09:22:55","modified_gmt":"2025-05-20T14:22:55","slug":"tri-da76-verde-6-pulgadas-cyalume-lightstick-grn","status":"publish","type":"product","link":"https:\/\/scubapanama.com\/es\/product\/tri-da76-verde-6-pulgadas-cyalume-lightstick-grn\/","title":{"rendered":"TRIDENT VERDE 6 PULGADAS CYALUME LIGHTSTICK GRN (DA76)"},"content":{"rendered":"<p><strong><span>Barra de luz qu\u00edmica<\/span><\/strong><br \/>\n<span>de 15 cm. Se activa rompiendo la c\u00e1psula interior. Perfecta como luz de se\u00f1alizaci\u00f3n para rastrear a tu compa\u00f1ero de buceo en inmersiones con poca luz o nocturnas.<\/span><\/p>\n","protected":false},"excerpt":{"rendered":"<p><strong>Barra de luz qu\u00edmica.<\/strong><\/p>\n","protected":false},"featured_media":29717,"comment_status":"open","ping_status":"closed","template":"","meta":{"iawp_total_views":5,"_joinchat":[]},"product_brand":[],"product_cat":[111],"product_tag":[233],"class_list":{"0":"post-21814","1":"product","2":"type-product","3":"status-publish","4":"has-post-thumbnail","6":"product_cat-tienda-online","7":"product_tag-trident-es","9":"first","10":"instock","11":"taxable","12":"shipping-taxable","13":"purchasable","14":"product-type-simple"},"booking_location":null,"booking_location_type":null,"booking_duration":null,"booking_duration_unit":null,"booking_buffer":null,"booking_cost":null,"booking_resources":null,"_links":{"self":[{"href":"https:\/\/scubapanama.com\/es\/wp-json\/wp\/v2\/product\/21814","targetHints":{"allow":["GET"]}}],"collection":[{"href":"https:\/\/scubapanama.com\/es\/wp-json\/wp\/v2\/product"}],"about":[{"href":"https:\/\/scubapanama.com\/es\/wp-json\/wp\/v2\/types\/product"}],"replies":[{"embeddable":true,"href":"https:\/\/scubapanama.com\/es\/wp-json\/wp\/v2\/comments?post=21814"}],"version-history":[{"count":4,"href":"https:\/\/scubapanama.com\/es\/wp-json\/wp\/v2\/product\/21814\/revisions"}],"predecessor-version":[{"id":29721,"href":"https:\/\/scubapanama.com\/es\/wp-json\/wp\/v2\/product\/21814\/revisions\/29721"}],"wp:featuredmedia":[{"embeddable":true,"href":"https:\/\/scubapanama.com\/es\/wp-json\/wp\/v2\/media\/29717"}],"wp:attachment":[{"href":"https:\/\/scubapanama.com\/es\/wp-json\/wp\/v2\/media?parent=21814"}],"wp:term":[{"taxonomy":"product_brand","embeddable":true,"href":"https:\/\/scubapanama.com\/es\/wp-json\/wp\/v2\/product_brand?post=21814"},{"taxonomy":"product_cat","embeddable":true,"href":"https:\/\/scubapanama.com\/es\/wp-json\/wp\/v2\/product_cat?post=21814"},{"taxonomy":"product_tag","embeddable":true,"href":"https:\/\/scubapanama.com\/es\/wp-json\/wp\/v2\/product_tag?post=21814"}],"curies":[{"name":"wp","href":"https:\/\/api.w.org\/{rel}","templated":true}]}}