{"id":21812,"date":"2025-01-23T01:51:29","date_gmt":"2025-01-23T06:51:29","guid":{"rendered":"https:\/\/scubapanama.com\/product\/tri-da76-rojo-6-pulgadas-cyalume-lightstick-rojo\/"},"modified":"2025-05-20T09:23:00","modified_gmt":"2025-05-20T14:23:00","slug":"tri-da76-rojo-6-pulgadas-cyalume-lightstick-rojo","status":"publish","type":"product","link":"https:\/\/scubapanama.com\/es\/product\/tri-da76-rojo-6-pulgadas-cyalume-lightstick-rojo\/","title":{"rendered":"TRIDENT 6 PULGADAS CYALUME LIGHTSTICK ROJO (DA76)"},"content":{"rendered":"<p><strong><span>Barra de luz qu\u00edmica<\/span><\/strong><br \/>\n<span>de 15 cm. Se activa rompiendo la c\u00e1psula interior. Perfecta como luz de se\u00f1alizaci\u00f3n para rastrear a tu compa\u00f1ero de buceo en inmersiones con poca luz o nocturnas.<\/span><\/p>\n","protected":false},"excerpt":{"rendered":"<p><strong>Barra de luz qu\u00edmica.<\/strong><\/p>\n","protected":false},"featured_media":29717,"comment_status":"open","ping_status":"closed","template":"","meta":{"iawp_total_views":11,"_joinchat":[]},"product_brand":[],"product_cat":[111],"product_tag":[233],"class_list":{"0":"post-21812","1":"product","2":"type-product","3":"status-publish","4":"has-post-thumbnail","6":"product_cat-tienda-online","7":"product_tag-trident-es","9":"first","10":"instock","11":"taxable","12":"shipping-taxable","13":"purchasable","14":"product-type-simple"},"booking_location":null,"booking_location_type":null,"booking_duration":null,"booking_duration_unit":null,"booking_buffer":null,"booking_cost":null,"booking_resources":null,"_links":{"self":[{"href":"https:\/\/scubapanama.com\/es\/wp-json\/wp\/v2\/product\/21812","targetHints":{"allow":["GET"]}}],"collection":[{"href":"https:\/\/scubapanama.com\/es\/wp-json\/wp\/v2\/product"}],"about":[{"href":"https:\/\/scubapanama.com\/es\/wp-json\/wp\/v2\/types\/product"}],"replies":[{"embeddable":true,"href":"https:\/\/scubapanama.com\/es\/wp-json\/wp\/v2\/comments?post=21812"}],"version-history":[{"count":4,"href":"https:\/\/scubapanama.com\/es\/wp-json\/wp\/v2\/product\/21812\/revisions"}],"predecessor-version":[{"id":29722,"href":"https:\/\/scubapanama.com\/es\/wp-json\/wp\/v2\/product\/21812\/revisions\/29722"}],"wp:featuredmedia":[{"embeddable":true,"href":"https:\/\/scubapanama.com\/es\/wp-json\/wp\/v2\/media\/29717"}],"wp:attachment":[{"href":"https:\/\/scubapanama.com\/es\/wp-json\/wp\/v2\/media?parent=21812"}],"wp:term":[{"taxonomy":"product_brand","embeddable":true,"href":"https:\/\/scubapanama.com\/es\/wp-json\/wp\/v2\/product_brand?post=21812"},{"taxonomy":"product_cat","embeddable":true,"href":"https:\/\/scubapanama.com\/es\/wp-json\/wp\/v2\/product_cat?post=21812"},{"taxonomy":"product_tag","embeddable":true,"href":"https:\/\/scubapanama.com\/es\/wp-json\/wp\/v2\/product_tag?post=21812"}],"curies":[{"name":"wp","href":"https:\/\/api.w.org\/{rel}","templated":true}]}}