{"id":21805,"date":"2025-01-23T01:51:38","date_gmt":"2025-01-23T06:51:38","guid":{"rendered":"https:\/\/scubapanama.com\/product\/tri-r-012-junta-torica\/"},"modified":"2025-05-19T10:39:16","modified_gmt":"2025-05-19T15:39:16","slug":"tri-r-012-junta-torica","status":"publish","type":"product","link":"https:\/\/scubapanama.com\/es\/product\/tri-r-012-junta-torica\/","title":{"rendered":"TRIDENT JUNTA T\u00d3RICA (R-012)"},"content":{"rendered":"<p>El anillo t\u00f3rico de cuello de tanque Trident R es un anillo t\u00f3rico universal para v\u00e1lvula a cilindro para cilindros roscados de 3\/4&#8243; y est\u00e1 hecho de caucho Buna-N duradero.<\/p>\n","protected":false},"excerpt":{"rendered":"<p>El anillo t\u00f3rico de cuello de tanque Trident R es un anillo t\u00f3rico universal para v\u00e1lvula a cilindro.<\/p>\n","protected":false},"featured_media":28810,"comment_status":"open","ping_status":"closed","template":"","meta":{"iawp_total_views":3,"_joinchat":[]},"product_brand":[],"product_cat":[111],"product_tag":[233],"class_list":{"0":"post-21805","1":"product","2":"type-product","3":"status-publish","4":"has-post-thumbnail","6":"product_cat-tienda-online","7":"product_tag-trident-es","9":"first","10":"instock","11":"taxable","12":"shipping-taxable","13":"purchasable","14":"product-type-simple"},"booking_location":null,"booking_location_type":null,"booking_duration":null,"booking_duration_unit":null,"booking_buffer":null,"booking_cost":null,"booking_resources":null,"_links":{"self":[{"href":"https:\/\/scubapanama.com\/es\/wp-json\/wp\/v2\/product\/21805","targetHints":{"allow":["GET"]}}],"collection":[{"href":"https:\/\/scubapanama.com\/es\/wp-json\/wp\/v2\/product"}],"about":[{"href":"https:\/\/scubapanama.com\/es\/wp-json\/wp\/v2\/types\/product"}],"replies":[{"embeddable":true,"href":"https:\/\/scubapanama.com\/es\/wp-json\/wp\/v2\/comments?post=21805"}],"version-history":[{"count":3,"href":"https:\/\/scubapanama.com\/es\/wp-json\/wp\/v2\/product\/21805\/revisions"}],"predecessor-version":[{"id":29397,"href":"https:\/\/scubapanama.com\/es\/wp-json\/wp\/v2\/product\/21805\/revisions\/29397"}],"wp:featuredmedia":[{"embeddable":true,"href":"https:\/\/scubapanama.com\/es\/wp-json\/wp\/v2\/media\/28810"}],"wp:attachment":[{"href":"https:\/\/scubapanama.com\/es\/wp-json\/wp\/v2\/media?parent=21805"}],"wp:term":[{"taxonomy":"product_brand","embeddable":true,"href":"https:\/\/scubapanama.com\/es\/wp-json\/wp\/v2\/product_brand?post=21805"},{"taxonomy":"product_cat","embeddable":true,"href":"https:\/\/scubapanama.com\/es\/wp-json\/wp\/v2\/product_cat?post=21805"},{"taxonomy":"product_tag","embeddable":true,"href":"https:\/\/scubapanama.com\/es\/wp-json\/wp\/v2\/product_tag?post=21805"}],"curies":[{"name":"wp","href":"https:\/\/api.w.org\/{rel}","templated":true}]}}