{"id":21758,"date":"2025-01-23T01:51:46","date_gmt":"2025-01-23T06:51:46","guid":{"rendered":"https:\/\/scubapanama.com\/product\/tyr-lcy428-gorras-de-lycra-maciza-royal\/"},"modified":"2025-05-14T13:48:51","modified_gmt":"2025-05-14T18:48:51","slug":"tyr-lcy428-gorras-de-lycra-maciza-royal","status":"publish","type":"product","link":"https:\/\/scubapanama.com\/es\/product\/tyr-lcy428-gorras-de-lycra-maciza-royal\/","title":{"rendered":"TYR GORRAS DE LYCRA MACIZA ROYAL (LCY428)"},"content":{"rendered":"<p><span>Haga que cada ba\u00f1o sea m\u00e1s estilizado con el gorro de nataci\u00f3n de fibra TYR LYCRA\u00a0<\/span><sup><span>\u00ae<\/span><\/sup><span>\u00a0.<\/span><\/p>\n<p><span>Dise\u00f1ado para uso casual y entrenamiento en aguas c\u00e1lidas, el LCY es ideal tanto para nadadores como para nadadoras. Con tecnolog\u00eda UPF 50+ y un ajuste preciso y c\u00f3modo, este gorro de nataci\u00f3n recreativo reduce la fricci\u00f3n vuelta tras vuelta.<\/span><\/p>\n<p><span>Para mayores de 16 a\u00f1os<\/span><\/p>\n","protected":false},"excerpt":{"rendered":"<p>Haga que cada ba\u00f1o sea m\u00e1s estilizado con el gorro de nataci\u00f3n de fibra TYR LYCRA\u00a0<sup>\u00ae<\/sup>\u00a0.<\/p>\n","protected":false},"featured_media":27638,"comment_status":"open","ping_status":"closed","template":"","meta":{"iawp_total_views":13,"_joinchat":[]},"product_brand":[],"product_cat":[111],"product_tag":[273],"class_list":{"0":"post-21758","1":"product","2":"type-product","3":"status-publish","4":"has-post-thumbnail","6":"product_cat-tienda-online","7":"product_tag-try-es","9":"first","10":"instock","11":"taxable","12":"shipping-taxable","13":"purchasable","14":"product-type-simple"},"booking_location":null,"booking_location_type":null,"booking_duration":null,"booking_duration_unit":null,"booking_buffer":null,"booking_cost":null,"booking_resources":null,"_links":{"self":[{"href":"https:\/\/scubapanama.com\/es\/wp-json\/wp\/v2\/product\/21758","targetHints":{"allow":["GET"]}}],"collection":[{"href":"https:\/\/scubapanama.com\/es\/wp-json\/wp\/v2\/product"}],"about":[{"href":"https:\/\/scubapanama.com\/es\/wp-json\/wp\/v2\/types\/product"}],"replies":[{"embeddable":true,"href":"https:\/\/scubapanama.com\/es\/wp-json\/wp\/v2\/comments?post=21758"}],"version-history":[{"count":2,"href":"https:\/\/scubapanama.com\/es\/wp-json\/wp\/v2\/product\/21758\/revisions"}],"predecessor-version":[{"id":27654,"href":"https:\/\/scubapanama.com\/es\/wp-json\/wp\/v2\/product\/21758\/revisions\/27654"}],"wp:featuredmedia":[{"embeddable":true,"href":"https:\/\/scubapanama.com\/es\/wp-json\/wp\/v2\/media\/27638"}],"wp:attachment":[{"href":"https:\/\/scubapanama.com\/es\/wp-json\/wp\/v2\/media?parent=21758"}],"wp:term":[{"taxonomy":"product_brand","embeddable":true,"href":"https:\/\/scubapanama.com\/es\/wp-json\/wp\/v2\/product_brand?post=21758"},{"taxonomy":"product_cat","embeddable":true,"href":"https:\/\/scubapanama.com\/es\/wp-json\/wp\/v2\/product_cat?post=21758"},{"taxonomy":"product_tag","embeddable":true,"href":"https:\/\/scubapanama.com\/es\/wp-json\/wp\/v2\/product_tag?post=21758"}],"curies":[{"name":"wp","href":"https:\/\/api.w.org\/{rel}","templated":true}]}}