{"id":21757,"date":"2025-01-23T01:51:46","date_gmt":"2025-01-23T06:51:46","guid":{"rendered":"https:\/\/scubapanama.com\/product\/tyr-lfn2001-aleta-flexible-de-goma-2-0\/"},"modified":"2025-05-14T13:54:53","modified_gmt":"2025-05-14T18:54:53","slug":"tyr-lfn2001-aleta-flexible-de-goma-2-0","status":"publish","type":"product","link":"https:\/\/scubapanama.com\/es\/product\/tyr-lfn2001-aleta-flexible-de-goma-2-0\/","title":{"rendered":"TYR ALETA FLEXIBLE DE GOMA 2.0 (LFN2001)"},"content":{"rendered":"<p><span>Las Flexfins 2.0 est\u00e1n dise\u00f1adas para entrenamientos de nataci\u00f3n y rutinas de ejercicio. Dise\u00f1adas para aumentar la fuerza en las piernas y mejorar la flexibilidad del pie, nuestras FlexFins 2.0 son la opci\u00f3n perfecta para nadadores de cualquier nivel que buscan mejorar su rendimiento y reducir sus tiempos. Est\u00e1n coordinadas por colores seg\u00fan la talla para facilitar su identificaci\u00f3n en la piscina.<\/span><\/p>\n<p><strong><span>Fabricadas en<\/span><\/strong><span>\u00a0100 % caucho natural.\u00a0<\/span><\/p>\n","protected":false},"excerpt":{"rendered":"<p>Las Flexfins 2.0 est\u00e1n dise\u00f1adas para entrenamientos de nataci\u00f3n y rutinas de ejercicio.<\/p>\n","protected":false},"featured_media":27657,"comment_status":"open","ping_status":"closed","template":"","meta":{"iawp_total_views":14,"_joinchat":[]},"product_brand":[],"product_cat":[111],"product_tag":[273],"class_list":{"0":"post-21757","1":"product","2":"type-product","3":"status-publish","4":"has-post-thumbnail","6":"product_cat-tienda-online","7":"product_tag-try-es","9":"first","10":"instock","11":"taxable","12":"shipping-taxable","13":"purchasable","14":"product-type-simple"},"booking_location":null,"booking_location_type":null,"booking_duration":null,"booking_duration_unit":null,"booking_buffer":null,"booking_cost":null,"booking_resources":null,"_links":{"self":[{"href":"https:\/\/scubapanama.com\/es\/wp-json\/wp\/v2\/product\/21757","targetHints":{"allow":["GET"]}}],"collection":[{"href":"https:\/\/scubapanama.com\/es\/wp-json\/wp\/v2\/product"}],"about":[{"href":"https:\/\/scubapanama.com\/es\/wp-json\/wp\/v2\/types\/product"}],"replies":[{"embeddable":true,"href":"https:\/\/scubapanama.com\/es\/wp-json\/wp\/v2\/comments?post=21757"}],"version-history":[{"count":1,"href":"https:\/\/scubapanama.com\/es\/wp-json\/wp\/v2\/product\/21757\/revisions"}],"predecessor-version":[{"id":27659,"href":"https:\/\/scubapanama.com\/es\/wp-json\/wp\/v2\/product\/21757\/revisions\/27659"}],"wp:featuredmedia":[{"embeddable":true,"href":"https:\/\/scubapanama.com\/es\/wp-json\/wp\/v2\/media\/27657"}],"wp:attachment":[{"href":"https:\/\/scubapanama.com\/es\/wp-json\/wp\/v2\/media?parent=21757"}],"wp:term":[{"taxonomy":"product_brand","embeddable":true,"href":"https:\/\/scubapanama.com\/es\/wp-json\/wp\/v2\/product_brand?post=21757"},{"taxonomy":"product_cat","embeddable":true,"href":"https:\/\/scubapanama.com\/es\/wp-json\/wp\/v2\/product_cat?post=21757"},{"taxonomy":"product_tag","embeddable":true,"href":"https:\/\/scubapanama.com\/es\/wp-json\/wp\/v2\/product_tag?post=21757"}],"curies":[{"name":"wp","href":"https:\/\/api.w.org\/{rel}","templated":true}]}}