{"id":21754,"date":"2025-01-23T01:51:47","date_gmt":"2025-01-23T06:51:47","guid":{"rendered":"https:\/\/scubapanama.com\/product\/tyr-lsnklelt420-ultralite-snr-kl-elite-azul\/"},"modified":"2025-05-14T11:46:16","modified_gmt":"2025-05-14T16:46:16","slug":"tyr-lsnklelt420-ultralite-snr-kl-elite-azul","status":"publish","type":"product","link":"https:\/\/scubapanama.com\/es\/product\/tyr-lsnklelt420-ultralite-snr-kl-elite-azul\/","title":{"rendered":"TYR ULTRALITE SNR KL ELITE AZUL (LSNKLELT420)"},"content":{"rendered":"<p><span>Lleva tu entrenamiento de nataci\u00f3n al siguiente nivel con el TYR Ultralite Snorkel Elite.<\/span><\/p>\n<p><span>Dise\u00f1ado para un entrenamiento de alineaci\u00f3n corporal enfocado, el LSNKLELT cuenta con una forma de tubo hidrodin\u00e1mico que permite un movimiento r\u00e1pido en el agua y una mayor estabilidad general. Los botones de liberaci\u00f3n, sencillos y seguros, en la parte posterior de la correa permiten un ajuste r\u00e1pido y sencillo, mientras que el arn\u00e9s deslizante garantiza una posici\u00f3n precisa. Para una respiraci\u00f3n clara y f\u00e1cil, incluye una v\u00e1lvula de purga unidireccional.<\/span><\/p>\n<p><span>Gracias al acolchado de silicona DURAFIT\u00ae, cada Ultralite Snorkel Elite ofrece un ajuste c\u00f3modo y mantiene su forma con el tiempo. Dise\u00f1ado para ser un 25 % m\u00e1s peque\u00f1o y un 15 % m\u00e1s ligero que el Ultralite Snorkel 2.0, el Elite es el m\u00e1s ligero de su clase. Adem\u00e1s de su construcci\u00f3n duradera, el LSNKLELT tambi\u00e9n incluye una boquilla de silicona l\u00edquida extra\u00edble y f\u00e1cil de limpiar.<\/span><\/p>\n","protected":false},"excerpt":{"rendered":"<p>Lleva tu entrenamiento de nataci\u00f3n al siguiente nivel con el TYR Ultralite Snorkel Elite.<\/p>\n","protected":false},"featured_media":27594,"comment_status":"open","ping_status":"closed","template":"","meta":{"iawp_total_views":1,"_joinchat":[]},"product_brand":[],"product_cat":[111],"product_tag":[154,273],"class_list":{"0":"post-21754","1":"product","2":"type-product","3":"status-publish","4":"has-post-thumbnail","6":"product_cat-tienda-online","7":"product_tag-snorkel","8":"product_tag-try-es","10":"first","11":"instock","12":"taxable","13":"shipping-taxable","14":"purchasable","15":"product-type-simple"},"booking_location":null,"booking_location_type":null,"booking_duration":null,"booking_duration_unit":null,"booking_buffer":null,"booking_cost":null,"booking_resources":null,"_links":{"self":[{"href":"https:\/\/scubapanama.com\/es\/wp-json\/wp\/v2\/product\/21754","targetHints":{"allow":["GET"]}}],"collection":[{"href":"https:\/\/scubapanama.com\/es\/wp-json\/wp\/v2\/product"}],"about":[{"href":"https:\/\/scubapanama.com\/es\/wp-json\/wp\/v2\/types\/product"}],"replies":[{"embeddable":true,"href":"https:\/\/scubapanama.com\/es\/wp-json\/wp\/v2\/comments?post=21754"}],"version-history":[{"count":1,"href":"https:\/\/scubapanama.com\/es\/wp-json\/wp\/v2\/product\/21754\/revisions"}],"predecessor-version":[{"id":27596,"href":"https:\/\/scubapanama.com\/es\/wp-json\/wp\/v2\/product\/21754\/revisions\/27596"}],"wp:featuredmedia":[{"embeddable":true,"href":"https:\/\/scubapanama.com\/es\/wp-json\/wp\/v2\/media\/27594"}],"wp:attachment":[{"href":"https:\/\/scubapanama.com\/es\/wp-json\/wp\/v2\/media?parent=21754"}],"wp:term":[{"taxonomy":"product_brand","embeddable":true,"href":"https:\/\/scubapanama.com\/es\/wp-json\/wp\/v2\/product_brand?post=21754"},{"taxonomy":"product_cat","embeddable":true,"href":"https:\/\/scubapanama.com\/es\/wp-json\/wp\/v2\/product_cat?post=21754"},{"taxonomy":"product_tag","embeddable":true,"href":"https:\/\/scubapanama.com\/es\/wp-json\/wp\/v2\/product_tag?post=21754"}],"curies":[{"name":"wp","href":"https:\/\/api.w.org\/{rel}","templated":true}]}}