{"id":21753,"date":"2025-01-23T01:51:47","date_gmt":"2025-01-23T06:51:47","guid":{"rendered":"https:\/\/scubapanama.com\/product\/tyr-lsnrkl2001-ultralite-snrkl-2-0-negro\/"},"modified":"2025-05-14T11:32:57","modified_gmt":"2025-05-14T16:32:57","slug":"tyr-lsnrkl2001-ultralite-snrkl-2-0-negro","status":"publish","type":"product","link":"https:\/\/scubapanama.com\/es\/product\/tyr-lsnrkl2001-ultralite-snrkl-2-0-negro\/","title":{"rendered":"TYR ULTRALITE SNRKL 2.0 NEGRO (LSNRKL2001)"},"content":{"rendered":"<p>Lleva tu entrenamiento de nataci\u00f3n al siguiente nivel con el TYR Ultralite Snorkel 2.0.<br \/>\nDise\u00f1ado para un entrenamiento centrado en la alineaci\u00f3n del cuerpo, incluye una forma de tubo hidrodin\u00e1mico para un movimiento r\u00e1pido en el agua y una mayor estabilidad en general. Los botones de liberaci\u00f3n simples y seguros en la parte posterior de la correa brindan un ajuste r\u00e1pido y f\u00e1cil, mientras que el cabezal deslizante asegura un posicionamiento espec\u00edfico. Para una respiraci\u00f3n clara y f\u00e1cil, se incluye una v\u00e1lvula de purga unidireccional.<br \/>\nCon el acolchado de silicona Durafit, cada esn\u00f3rquel Ultralite permite un ajuste c\u00f3modo y mantiene su forma con el tiempo. Con solo 175 g, tiene una construcci\u00f3n liviana y duradera, as\u00ed como una boquilla de silicona l\u00edquida extra\u00edble y f\u00e1cil de limpiar.<br \/>\nTambi\u00e9n se incluyen gorras de entrenamiento cardiovascular moderado y avanzado para nadadores que buscan desarrollar la capacidad pulmonar.<\/p>\n","protected":false},"excerpt":{"rendered":"<p>Lleva tu entrenamiento de nataci\u00f3n al siguiente nivel con el TYR Ultralite Snorkel 2.0.<\/p>\n","protected":false},"featured_media":27579,"comment_status":"open","ping_status":"closed","template":"","meta":{"iawp_total_views":5,"_joinchat":[]},"product_brand":[],"product_cat":[111],"product_tag":[154,273],"class_list":{"0":"post-21753","1":"product","2":"type-product","3":"status-publish","4":"has-post-thumbnail","6":"product_cat-tienda-online","7":"product_tag-snorkel","8":"product_tag-try-es","10":"first","11":"outofstock","12":"taxable","13":"shipping-taxable","14":"purchasable","15":"product-type-simple"},"booking_location":null,"booking_location_type":null,"booking_duration":null,"booking_duration_unit":null,"booking_buffer":null,"booking_cost":null,"booking_resources":null,"_links":{"self":[{"href":"https:\/\/scubapanama.com\/es\/wp-json\/wp\/v2\/product\/21753","targetHints":{"allow":["GET"]}}],"collection":[{"href":"https:\/\/scubapanama.com\/es\/wp-json\/wp\/v2\/product"}],"about":[{"href":"https:\/\/scubapanama.com\/es\/wp-json\/wp\/v2\/types\/product"}],"replies":[{"embeddable":true,"href":"https:\/\/scubapanama.com\/es\/wp-json\/wp\/v2\/comments?post=21753"}],"version-history":[{"count":2,"href":"https:\/\/scubapanama.com\/es\/wp-json\/wp\/v2\/product\/21753\/revisions"}],"predecessor-version":[{"id":27582,"href":"https:\/\/scubapanama.com\/es\/wp-json\/wp\/v2\/product\/21753\/revisions\/27582"}],"wp:featuredmedia":[{"embeddable":true,"href":"https:\/\/scubapanama.com\/es\/wp-json\/wp\/v2\/media\/27579"}],"wp:attachment":[{"href":"https:\/\/scubapanama.com\/es\/wp-json\/wp\/v2\/media?parent=21753"}],"wp:term":[{"taxonomy":"product_brand","embeddable":true,"href":"https:\/\/scubapanama.com\/es\/wp-json\/wp\/v2\/product_brand?post=21753"},{"taxonomy":"product_cat","embeddable":true,"href":"https:\/\/scubapanama.com\/es\/wp-json\/wp\/v2\/product_cat?post=21753"},{"taxonomy":"product_tag","embeddable":true,"href":"https:\/\/scubapanama.com\/es\/wp-json\/wp\/v2\/product_tag?post=21753"}],"curies":[{"name":"wp","href":"https:\/\/api.w.org\/{rel}","templated":true}]}}