{"id":21751,"date":"2025-01-23T01:51:47","date_gmt":"2025-01-23T06:51:47","guid":{"rendered":"https:\/\/scubapanama.com\/product\/tyr-lgyctot135-hidra-bengala-google-blanco\/"},"modified":"2025-05-14T11:23:14","modified_gmt":"2025-05-14T16:23:14","slug":"tyr-lgyctot135-hidra-bengala-google-blanco","status":"publish","type":"product","link":"https:\/\/scubapanama.com\/es\/product\/tyr-lgyctot135-hidra-bengala-google-blanco\/","title":{"rendered":"TYR HIDRA BENGALA GOOGLE BLANCO (LGYCTOT135)"},"content":{"rendered":"<p><span>Entrena duro, entrena inteligentemente con las gafas para adultos TYR HYDRA FLARE\u2122.<\/span><\/p>\n<p><span>Con un dise\u00f1o monocasco de perfil bajo, las gafas de nataci\u00f3n LGYCTOT son el complemento ideal para tu rutina de entrenamiento. Ligeras y estilizadas, su construcci\u00f3n impermeable incluye juntas de silicona DURAFIT\u00ae y un amplio rango perif\u00e9rico. Dise\u00f1adas tanto para nadadores masculinos como femeninos, las HYDRA FLARE\u2122 utilizan tecnolog\u00eda de ajuste de velocidad con un solo toque para facilitar su colocaci\u00f3n y extracci\u00f3n.<\/span><\/p>\n<p><span>Todas las lentes de policarbonato incluyen protecci\u00f3n total contra rayos UVA\/UVB.<\/span><\/p>\n<p><span>Para mayores de 16 a\u00f1os<\/span><\/p>\n","protected":false},"excerpt":{"rendered":"<p>Entrena duro, entrena inteligentemente con las gafas para adultos TYR HYDRA FLARE\u2122.<\/p>\n","protected":false},"featured_media":27574,"comment_status":"open","ping_status":"closed","template":"","meta":{"iawp_total_views":5,"_joinchat":[]},"product_brand":[],"product_cat":[111],"product_tag":[273],"class_list":{"0":"post-21751","1":"product","2":"type-product","3":"status-publish","4":"has-post-thumbnail","6":"product_cat-tienda-online","7":"product_tag-try-es","9":"first","10":"outofstock","11":"taxable","12":"shipping-taxable","13":"purchasable","14":"product-type-simple"},"booking_location":null,"booking_location_type":null,"booking_duration":null,"booking_duration_unit":null,"booking_buffer":null,"booking_cost":null,"booking_resources":null,"_links":{"self":[{"href":"https:\/\/scubapanama.com\/es\/wp-json\/wp\/v2\/product\/21751","targetHints":{"allow":["GET"]}}],"collection":[{"href":"https:\/\/scubapanama.com\/es\/wp-json\/wp\/v2\/product"}],"about":[{"href":"https:\/\/scubapanama.com\/es\/wp-json\/wp\/v2\/types\/product"}],"replies":[{"embeddable":true,"href":"https:\/\/scubapanama.com\/es\/wp-json\/wp\/v2\/comments?post=21751"}],"version-history":[{"count":2,"href":"https:\/\/scubapanama.com\/es\/wp-json\/wp\/v2\/product\/21751\/revisions"}],"predecessor-version":[{"id":27577,"href":"https:\/\/scubapanama.com\/es\/wp-json\/wp\/v2\/product\/21751\/revisions\/27577"}],"wp:featuredmedia":[{"embeddable":true,"href":"https:\/\/scubapanama.com\/es\/wp-json\/wp\/v2\/media\/27574"}],"wp:attachment":[{"href":"https:\/\/scubapanama.com\/es\/wp-json\/wp\/v2\/media?parent=21751"}],"wp:term":[{"taxonomy":"product_brand","embeddable":true,"href":"https:\/\/scubapanama.com\/es\/wp-json\/wp\/v2\/product_brand?post=21751"},{"taxonomy":"product_cat","embeddable":true,"href":"https:\/\/scubapanama.com\/es\/wp-json\/wp\/v2\/product_cat?post=21751"},{"taxonomy":"product_tag","embeddable":true,"href":"https:\/\/scubapanama.com\/es\/wp-json\/wp\/v2\/product_tag?post=21751"}],"curies":[{"name":"wp","href":"https:\/\/api.w.org\/{rel}","templated":true}]}}