{"id":21741,"date":"2025-02-07T22:32:23","date_gmt":"2025-02-08T03:32:23","guid":{"rendered":"https:\/\/scubapanama.com\/product\/aguas-abiertas-avanzado-practicas\/"},"modified":"2025-06-10T11:53:40","modified_gmt":"2025-06-10T16:53:40","slug":"aguas-abiertas-avanzado-practicas","status":"publish","type":"product","link":"https:\/\/scubapanama.com\/es\/product\/aguas-abiertas-avanzado-practicas\/","title":{"rendered":"CURSO AVANZADO E-LEARNING PR\u00c1CTICO PADI"},"content":{"rendered":"<h2><strong>Desde 239,00 USD<\/strong><\/h2>\n<p>El curso PADI Advanced Open Water Practice es la parte pr\u00e1ctica del curso Advanced Open Water. Tras completar la teor\u00eda, realizar\u00e1s cinco inmersiones de aventura en aguas abiertas, en las que mejorar\u00e1s tus habilidades de buceo en situaciones como la navegaci\u00f3n, el buceo profundo y otras especialidades. Bajo la supervisi\u00f3n de un instructor titulado, adquirir\u00e1s m\u00e1s confianza y experiencia para bucear en condiciones m\u00e1s dif\u00edciles.<\/p>\n","protected":false},"excerpt":{"rendered":"<p>El curso PADI Advanced Open Water Practice es la parte pr\u00e1ctica del curso Advanced Open Water. Tras completar la teor\u00eda, realizar\u00e1s cinco inmersiones de aventura en aguas abiertas, en las que mejorar\u00e1s tus habilidades de buceo en situaciones como la navegaci\u00f3n, el buceo profundo y otras especialidades. Bajo la supervisi\u00f3n de un instructor titulado, adquirir\u00e1s m\u00e1s confianza y experiencia para bucear en condiciones m\u00e1s dif\u00edciles.<\/p>\n","protected":false},"featured_media":30451,"comment_status":"open","ping_status":"closed","template":"","meta":{"iawp_total_views":123,"_joinchat":[]},"product_brand":[],"product_cat":[117],"product_tag":[],"class_list":{"0":"post-21741","1":"product","2":"type-product","3":"status-publish","4":"has-post-thumbnail","6":"product_cat-cursos","8":"first","9":"instock","10":"virtual","11":"taxable","12":"purchasable","13":"product-type-simple"},"booking_location":null,"booking_location_type":null,"booking_duration":null,"booking_duration_unit":null,"booking_buffer":null,"booking_cost":null,"booking_resources":null,"_links":{"self":[{"href":"https:\/\/scubapanama.com\/es\/wp-json\/wp\/v2\/product\/21741","targetHints":{"allow":["GET"]}}],"collection":[{"href":"https:\/\/scubapanama.com\/es\/wp-json\/wp\/v2\/product"}],"about":[{"href":"https:\/\/scubapanama.com\/es\/wp-json\/wp\/v2\/types\/product"}],"replies":[{"embeddable":true,"href":"https:\/\/scubapanama.com\/es\/wp-json\/wp\/v2\/comments?post=21741"}],"version-history":[{"count":3,"href":"https:\/\/scubapanama.com\/es\/wp-json\/wp\/v2\/product\/21741\/revisions"}],"predecessor-version":[{"id":31009,"href":"https:\/\/scubapanama.com\/es\/wp-json\/wp\/v2\/product\/21741\/revisions\/31009"}],"wp:featuredmedia":[{"embeddable":true,"href":"https:\/\/scubapanama.com\/es\/wp-json\/wp\/v2\/media\/30451"}],"wp:attachment":[{"href":"https:\/\/scubapanama.com\/es\/wp-json\/wp\/v2\/media?parent=21741"}],"wp:term":[{"taxonomy":"product_brand","embeddable":true,"href":"https:\/\/scubapanama.com\/es\/wp-json\/wp\/v2\/product_brand?post=21741"},{"taxonomy":"product_cat","embeddable":true,"href":"https:\/\/scubapanama.com\/es\/wp-json\/wp\/v2\/product_cat?post=21741"},{"taxonomy":"product_tag","embeddable":true,"href":"https:\/\/scubapanama.com\/es\/wp-json\/wp\/v2\/product_tag?post=21741"}],"curies":[{"name":"wp","href":"https:\/\/api.w.org\/{rel}","templated":true}]}}