{"id":21720,"date":"2025-01-24T02:00:40","date_gmt":"2025-01-24T07:00:40","guid":{"rendered":"https:\/\/scubapanama.com\/product\/14-6401-50-aleta-viper-ff-azul-xxs-3-4\/"},"modified":"2025-05-14T08:34:50","modified_gmt":"2025-05-14T13:34:50","slug":"14-6401-50-aleta-viper-ff-azul-xxs-3-4","status":"publish","type":"product","link":"https:\/\/scubapanama.com\/es\/product\/14-6401-50-aleta-viper-ff-azul-xxs-3-4\/","title":{"rendered":"OCEANIC ALETA VIPER FF, AZUL, XXS 3\/4 (14.6401.50)"},"content":{"rendered":"<p><strong>R\u00e1pidas y reactivas.<\/strong>\u00a0Las aletas Full Foot Viper 2 est\u00e1n listas para impulsar todas tus aventuras acu\u00e1ticas. Ideales para cualquier nivel, pero con el rendimiento y la est\u00e9tica de un modelo de \u00e9lite, ofrecen una combinaci\u00f3n precisa de hidrodin\u00e1mica para m\u00e1xima comodidad, eficiencia y rendimiento. El canal flexible Power Thrust y los rieles de canal mejorados dirigen el flujo de agua desde las puntas de la aleta, ofreciendo potencia y eficiencia inigualables a un precio excelente. Pero no nos quedamos ah\u00ed. Las nuevas caracter\u00edsticas incluyen una pala pulida y rieles de rendimiento redise\u00f1ados para darle a la Viper 2 una actualizaci\u00f3n muy necesaria. Tambi\u00e9n disponible con dise\u00f1o de tal\u00f3n abierto.<\/p>\n","protected":false},"excerpt":{"rendered":"<p><strong>R\u00e1pidas y reactivas.<\/strong>\u00a0Las aletas Full Foot Viper 2 est\u00e1n listas para impulsar todas tus aventuras acu\u00e1ticas.<\/p>\n","protected":false},"featured_media":23364,"comment_status":"open","ping_status":"closed","template":"","meta":{"iawp_total_views":3,"_joinchat":[]},"product_brand":[],"product_cat":[111],"product_tag":[126],"class_list":{"0":"post-21720","1":"product","2":"type-product","3":"status-publish","4":"has-post-thumbnail","6":"product_cat-tienda-online","7":"product_tag-oceanic-es","9":"first","10":"instock","11":"taxable","12":"shipping-taxable","13":"purchasable","14":"product-type-simple"},"booking_location":null,"booking_location_type":null,"booking_duration":null,"booking_duration_unit":null,"booking_buffer":null,"booking_cost":null,"booking_resources":null,"_links":{"self":[{"href":"https:\/\/scubapanama.com\/es\/wp-json\/wp\/v2\/product\/21720","targetHints":{"allow":["GET"]}}],"collection":[{"href":"https:\/\/scubapanama.com\/es\/wp-json\/wp\/v2\/product"}],"about":[{"href":"https:\/\/scubapanama.com\/es\/wp-json\/wp\/v2\/types\/product"}],"replies":[{"embeddable":true,"href":"https:\/\/scubapanama.com\/es\/wp-json\/wp\/v2\/comments?post=21720"}],"version-history":[{"count":2,"href":"https:\/\/scubapanama.com\/es\/wp-json\/wp\/v2\/product\/21720\/revisions"}],"predecessor-version":[{"id":27194,"href":"https:\/\/scubapanama.com\/es\/wp-json\/wp\/v2\/product\/21720\/revisions\/27194"}],"wp:featuredmedia":[{"embeddable":true,"href":"https:\/\/scubapanama.com\/es\/wp-json\/wp\/v2\/media\/23364"}],"wp:attachment":[{"href":"https:\/\/scubapanama.com\/es\/wp-json\/wp\/v2\/media?parent=21720"}],"wp:term":[{"taxonomy":"product_brand","embeddable":true,"href":"https:\/\/scubapanama.com\/es\/wp-json\/wp\/v2\/product_brand?post=21720"},{"taxonomy":"product_cat","embeddable":true,"href":"https:\/\/scubapanama.com\/es\/wp-json\/wp\/v2\/product_cat?post=21720"},{"taxonomy":"product_tag","embeddable":true,"href":"https:\/\/scubapanama.com\/es\/wp-json\/wp\/v2\/product_tag?post=21720"}],"curies":[{"name":"wp","href":"https:\/\/api.w.org\/{rel}","templated":true}]}}