{"id":21713,"date":"2025-02-07T18:19:50","date_gmt":"2025-02-07T23:19:50","guid":{"rendered":"https:\/\/scubapanama.com\/product\/curso-de-salvamento-practicas\/"},"modified":"2025-06-10T13:21:07","modified_gmt":"2025-06-10T18:21:07","slug":"curso-de-salvamento-practicas","status":"publish","type":"product","link":"https:\/\/scubapanama.com\/es\/product\/curso-de-salvamento-practicas\/","title":{"rendered":"CURSO DE SALVAMENTO PR\u00c1CTICO"},"content":{"rendered":"<h2><strong>Desde $160.00 USD<\/strong><\/h2>\n<p>El curso de Pr\u00e1cticas de Rescate PADI es la parte pr\u00e1ctica del curso de Rescate PADI, donde aplicar\u00e1s las habilidades que has aprendido en la teor\u00eda. Mediante ejercicios en aguas abiertas, practicar\u00e1s t\u00e9cnicas de rescate, gesti\u00f3n de emergencias y primeros auxilios bajo la supervisi\u00f3n de un instructor. Este curso te prepara para manejar situaciones de emergencia con confianza y seguridad, convirti\u00e9ndote en un buceador m\u00e1s competente y responsable.<\/p>\n<p><strong>Duraci\u00f3n<\/strong>: 3 d\u00edas<br \/>\n<strong>Localizaci\u00f3n<\/strong>: Panam\u00e1, Panam\u00e1<br \/>\n<strong>C\u00f3digo del producto<\/strong>: OPel001<\/p>\n<p>Aprende a evitar y gestionar los problemas en el agua y adquiere mayor confianza en tus habilidades de buceo.<\/p>\n<p><strong>Incluye:<\/strong><\/p>\n<ul>\n<li>Certificaci\u00f3n Internacional PADI<\/li>\n<li>Equipo completo de buceo (botella, regulador, chaleco y lastres)<\/li>\n<li>Todo el aire que necesites durante el curso.<\/li>\n<li>Ejercicios en piscina y aguas abiertas<\/li>\n<\/ul>\n<p><strong>Requiere:<\/strong><\/p>\n<ul>\n<li>Inscr\u00edbete en el curso te\u00f3rico (online)<\/li>\n<li>Ba\u00f1ador \/ toalla<\/li>\n<li>ID<\/li>\n<\/ul>\n<p><strong>No incluye:<\/strong><\/p>\n<ul>\n<li>ITBMS 7<\/li>\n<li>Transporte y comida<\/li>\n<li>Curso te\u00f3rico (online) &#8211; Se trata s\u00f3lo de la parte pr\u00e1ctica del curso<\/li>\n<\/ul>\n<p><span style=\"color: #993300;\"><strong>Nota<\/strong><\/span>: Ofrecemos paquetes para grupos especiales. Para cursos intensivos.<\/p>\n","protected":false},"excerpt":{"rendered":"<p>El curso de Pr\u00e1cticas de Rescate PADI es la parte pr\u00e1ctica del curso de Rescate PADI, donde aplicar\u00e1s las habilidades que has aprendido en la teor\u00eda. Mediante ejercicios en aguas abiertas, practicar\u00e1s t\u00e9cnicas de rescate, gesti\u00f3n de emergencias y primeros auxilios bajo la supervisi\u00f3n de un instructor. Este curso te prepara para manejar situaciones de emergencia con confianza y seguridad, convirti\u00e9ndote en un buceador m\u00e1s competente y responsable.<\/p>\n","protected":false},"featured_media":20043,"comment_status":"open","ping_status":"closed","template":"","meta":{"iawp_total_views":14,"_joinchat":[]},"product_brand":[],"product_cat":[],"product_tag":[],"class_list":{"0":"post-21713","1":"product","2":"type-product","3":"status-publish","4":"has-post-thumbnail","7":"first","8":"instock","9":"virtual","10":"taxable","11":"purchasable","12":"product-type-simple"},"booking_location":null,"booking_location_type":null,"booking_duration":null,"booking_duration_unit":null,"booking_buffer":null,"booking_cost":null,"booking_resources":null,"_links":{"self":[{"href":"https:\/\/scubapanama.com\/es\/wp-json\/wp\/v2\/product\/21713","targetHints":{"allow":["GET"]}}],"collection":[{"href":"https:\/\/scubapanama.com\/es\/wp-json\/wp\/v2\/product"}],"about":[{"href":"https:\/\/scubapanama.com\/es\/wp-json\/wp\/v2\/types\/product"}],"replies":[{"embeddable":true,"href":"https:\/\/scubapanama.com\/es\/wp-json\/wp\/v2\/comments?post=21713"}],"version-history":[{"count":1,"href":"https:\/\/scubapanama.com\/es\/wp-json\/wp\/v2\/product\/21713\/revisions"}],"predecessor-version":[{"id":31012,"href":"https:\/\/scubapanama.com\/es\/wp-json\/wp\/v2\/product\/21713\/revisions\/31012"}],"wp:featuredmedia":[{"embeddable":true,"href":"https:\/\/scubapanama.com\/es\/wp-json\/wp\/v2\/media\/20043"}],"wp:attachment":[{"href":"https:\/\/scubapanama.com\/es\/wp-json\/wp\/v2\/media?parent=21713"}],"wp:term":[{"taxonomy":"product_brand","embeddable":true,"href":"https:\/\/scubapanama.com\/es\/wp-json\/wp\/v2\/product_brand?post=21713"},{"taxonomy":"product_cat","embeddable":true,"href":"https:\/\/scubapanama.com\/es\/wp-json\/wp\/v2\/product_cat?post=21713"},{"taxonomy":"product_tag","embeddable":true,"href":"https:\/\/scubapanama.com\/es\/wp-json\/wp\/v2\/product_tag?post=21713"}],"curies":[{"name":"wp","href":"https:\/\/api.w.org\/{rel}","templated":true}]}}