{"id":21709,"date":"2025-02-07T18:23:54","date_gmt":"2025-02-07T23:23:54","guid":{"rendered":"https:\/\/scubapanama.com\/product\/curso-de-salvamento-elearning\/"},"modified":"2025-06-10T15:48:20","modified_gmt":"2025-06-10T20:48:20","slug":"curso-de-salvamento-elearning","status":"publish","type":"product","link":"https:\/\/scubapanama.com\/es\/product\/curso-de-salvamento-elearning\/","title":{"rendered":"CURSO DE SALVAMENTO E-LEARNING"},"content":{"rendered":"<h2><strong>Desde $229.00 USD<\/strong><\/h2>\n<p>El curso PADI Rescue eLearning te permite estudiar la teor\u00eda del curso de rescate de forma flexible, en l\u00ednea y a tu propio ritmo. Aprender\u00e1s a manejar situaciones de emergencia, tanto para ti como para otros buceadores, incluyendo t\u00e9cnicas de rescate, primeros auxilios y prevenci\u00f3n de accidentes. Una vez que hayas completado la parte te\u00f3rica, har\u00e1s la parte pr\u00e1ctica en un centro de buceo, donde aplicar\u00e1s lo aprendido y mejorar\u00e1s tus habilidades de rescate en un entorno controlado.<\/p>\n<p><strong>Duraci\u00f3n<\/strong>: 10 Horas<br \/>\n<strong>Localizaci\u00f3n<\/strong>: Panam\u00e1, Panam\u00e1<br \/>\n<strong>C\u00f3digo del producto<\/strong>: OPel001<\/p>\n<p><strong>M\u00f3dulo<\/strong>: eLearning<\/p>\n<p><strong>Incluye:<\/strong><\/p>\n<ul>\n<li>Certificaci\u00f3n Internacional PADI<\/li>\n<li>Material educativo (virtual)<\/li>\n<li>Ex\u00e1menes y revisiones de conocimientos<\/li>\n<\/ul>\n<p><strong>No incluye:<\/strong><\/p>\n<ul>\n<li>ITBMS 7<\/li>\n<li>Transporte y comida<\/li>\n<li>Secci\u00f3n pr\u00e1ctica &#8211; \u00c9sta es s\u00f3lo la secci\u00f3n te\u00f3rica (en l\u00ednea)<\/li>\n<\/ul>\n<p>Al finalizar la parte te\u00f3rica, el alumno debe inscribirse en la parte pr\u00e1ctica y realizar las pr\u00e1cticas en piscina y en mar abierto.<\/p>\n","protected":false},"excerpt":{"rendered":"<p>El curso PADI Rescue eLearning te permite estudiar la teor\u00eda del curso de rescate de forma flexible, en l\u00ednea y a tu propio ritmo. Aprender\u00e1s a manejar situaciones de emergencia, tanto para ti como para otros buceadores, incluyendo t\u00e9cnicas de rescate, primeros auxilios y prevenci\u00f3n de accidentes. Una vez que hayas completado la parte te\u00f3rica, har\u00e1s la parte pr\u00e1ctica en un centro de buceo, donde aplicar\u00e1s lo aprendido y mejorar\u00e1s tus habilidades de rescate en un entorno controlado.<\/p>\n","protected":false},"featured_media":30455,"comment_status":"open","ping_status":"closed","template":"","meta":{"iawp_total_views":66,"_joinchat":[]},"product_brand":[],"product_cat":[117],"product_tag":[],"class_list":{"0":"post-21709","1":"product","2":"type-product","3":"status-publish","4":"has-post-thumbnail","6":"product_cat-cursos","8":"first","9":"instock","10":"virtual","11":"taxable","12":"purchasable","13":"product-type-simple"},"booking_location":null,"booking_location_type":null,"booking_duration":null,"booking_duration_unit":null,"booking_buffer":null,"booking_cost":null,"booking_resources":null,"_links":{"self":[{"href":"https:\/\/scubapanama.com\/es\/wp-json\/wp\/v2\/product\/21709","targetHints":{"allow":["GET"]}}],"collection":[{"href":"https:\/\/scubapanama.com\/es\/wp-json\/wp\/v2\/product"}],"about":[{"href":"https:\/\/scubapanama.com\/es\/wp-json\/wp\/v2\/types\/product"}],"replies":[{"embeddable":true,"href":"https:\/\/scubapanama.com\/es\/wp-json\/wp\/v2\/comments?post=21709"}],"version-history":[{"count":1,"href":"https:\/\/scubapanama.com\/es\/wp-json\/wp\/v2\/product\/21709\/revisions"}],"predecessor-version":[{"id":31041,"href":"https:\/\/scubapanama.com\/es\/wp-json\/wp\/v2\/product\/21709\/revisions\/31041"}],"wp:featuredmedia":[{"embeddable":true,"href":"https:\/\/scubapanama.com\/es\/wp-json\/wp\/v2\/media\/30455"}],"wp:attachment":[{"href":"https:\/\/scubapanama.com\/es\/wp-json\/wp\/v2\/media?parent=21709"}],"wp:term":[{"taxonomy":"product_brand","embeddable":true,"href":"https:\/\/scubapanama.com\/es\/wp-json\/wp\/v2\/product_brand?post=21709"},{"taxonomy":"product_cat","embeddable":true,"href":"https:\/\/scubapanama.com\/es\/wp-json\/wp\/v2\/product_cat?post=21709"},{"taxonomy":"product_tag","embeddable":true,"href":"https:\/\/scubapanama.com\/es\/wp-json\/wp\/v2\/product_tag?post=21709"}],"curies":[{"name":"wp","href":"https:\/\/api.w.org\/{rel}","templated":true}]}}