{"id":21703,"date":"2025-02-07T18:28:15","date_gmt":"2025-02-07T23:28:15","guid":{"rendered":"https:\/\/scubapanama.com\/product\/refresco\/"},"modified":"2025-05-26T08:58:01","modified_gmt":"2025-05-26T13:58:01","slug":"refresco","status":"publish","type":"product","link":"https:\/\/scubapanama.com\/es\/refreshment.html","title":{"rendered":"CURSO DE REFRESCAMIENTO"},"content":{"rendered":"<h2><strong>Desde $60.00 USD<\/strong><\/h2>\n<p>El curso de Perfeccionamiento de Buceo est\u00e1 dise\u00f1ado para buceadores titulados que no han estado activos durante un tiempo y quieren volver a familiarizarse con las habilidades esenciales del buceo. Mediante una sesi\u00f3n te\u00f3rica y pr\u00e1ctica en aguas abiertas, repasar\u00e1s las t\u00e9cnicas de seguridad, el manejo del equipo y las habilidades subacu\u00e1ticas, asegur\u00e1ndote de que est\u00e1s preparado para disfrutar del buceo con confianza y seguridad. Es una excelente opci\u00f3n para volver a la actividad con seguridad.<\/p>\n<p><strong>Duraci\u00f3n<\/strong>: 3 Horas<br \/>\n<strong>Localizaci\u00f3n<\/strong>: Panam\u00e1, Panam\u00e1<br \/>\n<strong>C\u00f3digo del producto<\/strong>: PCHKCS<\/p>\n<p>La forma perfecta de refrescar tus habilidades y conocimientos de buceo antes de volver a saltar al agua.<\/p>\n<p><strong>Incluye:<\/strong><\/p>\n<ul>\n<li>Breve lecci\u00f3n te\u00f3rica<\/li>\n<li>Equipo completo de buceo (botella, regulador, chaleco y plomos)<\/li>\n<li>Ejercicios en la piscina<\/li>\n<\/ul>\n<p><strong>Requisitos:<\/strong><\/p>\n<ul>\n<li>M\u00e1scara, aletas y tubo<br \/>\nBa\u00f1ador\/toalla<br \/>\nDocumento internacional de buceo<\/li>\n<\/ul>\n<p><strong>No incluye:<\/strong><\/p>\n<ul>\n<li>ITBMS 7<\/li>\n<li>Transporte y comida<\/li>\n<\/ul>\n<p><span style=\"color: #993300;\"><strong>Nota:<\/strong><\/span> Ofrecemos paquetes para grupos especiales. Para cursos intensivos.<\/p>\n","protected":false},"excerpt":{"rendered":"<p>El curso de Perfeccionamiento de Buceo est\u00e1 dise\u00f1ado para buceadores titulados que no han estado activos durante un tiempo y quieren volver a familiarizarse con las habilidades esenciales del buceo. Mediante una sesi\u00f3n te\u00f3rica y pr\u00e1ctica en aguas abiertas, repasar\u00e1s las t\u00e9cnicas de seguridad, el manejo del equipo y las habilidades subacu\u00e1ticas, asegur\u00e1ndote de que est\u00e1s preparado para disfrutar del buceo con confianza y seguridad. Es una excelente opci\u00f3n para volver a la actividad con seguridad.<\/p>\n","protected":false},"featured_media":30453,"comment_status":"open","ping_status":"closed","template":"","meta":{"iawp_total_views":62,"_joinchat":[]},"product_brand":[],"product_cat":[117],"product_tag":[],"class_list":{"0":"post-21703","1":"product","2":"type-product","3":"status-publish","4":"has-post-thumbnail","6":"product_cat-cursos","8":"first","9":"instock","10":"virtual","11":"taxable","12":"purchasable","13":"product-type-simple"},"booking_location":null,"booking_location_type":null,"booking_duration":null,"booking_duration_unit":null,"booking_buffer":null,"booking_cost":null,"booking_resources":null,"_links":{"self":[{"href":"https:\/\/scubapanama.com\/es\/wp-json\/wp\/v2\/product\/21703","targetHints":{"allow":["GET"]}}],"collection":[{"href":"https:\/\/scubapanama.com\/es\/wp-json\/wp\/v2\/product"}],"about":[{"href":"https:\/\/scubapanama.com\/es\/wp-json\/wp\/v2\/types\/product"}],"replies":[{"embeddable":true,"href":"https:\/\/scubapanama.com\/es\/wp-json\/wp\/v2\/comments?post=21703"}],"version-history":[{"count":3,"href":"https:\/\/scubapanama.com\/es\/wp-json\/wp\/v2\/product\/21703\/revisions"}],"predecessor-version":[{"id":30472,"href":"https:\/\/scubapanama.com\/es\/wp-json\/wp\/v2\/product\/21703\/revisions\/30472"}],"wp:featuredmedia":[{"embeddable":true,"href":"https:\/\/scubapanama.com\/es\/wp-json\/wp\/v2\/media\/30453"}],"wp:attachment":[{"href":"https:\/\/scubapanama.com\/es\/wp-json\/wp\/v2\/media?parent=21703"}],"wp:term":[{"taxonomy":"product_brand","embeddable":true,"href":"https:\/\/scubapanama.com\/es\/wp-json\/wp\/v2\/product_brand?post=21703"},{"taxonomy":"product_cat","embeddable":true,"href":"https:\/\/scubapanama.com\/es\/wp-json\/wp\/v2\/product_cat?post=21703"},{"taxonomy":"product_tag","embeddable":true,"href":"https:\/\/scubapanama.com\/es\/wp-json\/wp\/v2\/product_tag?post=21703"}],"curies":[{"name":"wp","href":"https:\/\/api.w.org\/{rel}","templated":true}]}}