{"id":21493,"date":"2025-01-23T01:51:42","date_gmt":"2025-01-23T06:51:42","guid":{"rendered":"https:\/\/scubapanama.com\/product\/tri-sl22-4-x-6-pizarra-que-brilla-en-la-oscuridad\/"},"modified":"2025-05-16T11:39:02","modified_gmt":"2025-05-16T16:39:02","slug":"tri-sl22-4-x-6-pizarra-que-brilla-en-la-oscuridad","status":"publish","type":"product","link":"https:\/\/scubapanama.com\/es\/product\/tri-sl22-4-x-6-pizarra-que-brilla-en-la-oscuridad\/","title":{"rendered":"TRIDENT 4&#8243; X 6&#8243; PIZARRA QUE BRILLA EN LA OSCURIDAD (SL22)"},"content":{"rendered":"<div id=\"ItemDescription\" class=\"TabOverview_description__RzPXn description-wrap col1\">\n<p><span>Poder comunicarse bajo el agua puede hacer que bucear sea mucho m\u00e1s divertido. Tener algo para escribir puede ayudar a evitar las charadas bajo el agua y a ir al grano. Esta pizarra Trident tiene la mejor superficie para escribir y borrar. Utiliza tubos de ne\u00f3n brillante para sujetar el l\u00e1piz e incluye una hebilla macho de liberaci\u00f3n lateral tipo presi\u00f3n con correas compatibles con el sistema Uni-Quik para sujetarla al equipo y evitar que se pierda. La pizarra mide 10,2 cm x 15,2 cm (4&#8243; x 6&#8243;) y cabe f\u00e1cilmente en el bolsillo del chaleco. Incorpora un retenedor de l\u00e1piz para mayor comodidad. Tambi\u00e9n tiene un ojal para sujetar un cord\u00f3n.<\/span><\/p>\n<\/div>\n<div id=\"features\" class=\"TabOverview_features__zw1hb\">\n<h2 class=\"TabOverview_title__fDfPm\"><span>Pizarra Trident con desconexi\u00f3n r\u00e1pida, tama\u00f1o peque\u00f1o (4&#8243; x 6&#8243;)\u00a0<\/span><span>Caracter\u00edsticas<\/span><\/h2>\n<ul>\n<li>\n<div><span>Dimensiones: 4&#8243; x 6&#8243; (10,2 cm x 15,2 cm)<\/span><\/div>\n<\/li>\n<li>\n<div><span>Compacto: cabe en el bolsillo del BCD<\/span><\/div>\n<\/li>\n<li>\n<div><span>Permite tomar notas o conversar f\u00e1cilmente bajo el agua<\/span><\/div>\n<\/li>\n<li>\n<div><span>Construcci\u00f3n de pl\u00e1stico duradero<\/span><\/div>\n<\/li>\n<li>\n<div><span>Clip macho QD resistente a la corrosi\u00f3n con correa de nailon<\/span><\/div>\n<\/li>\n<li>\n<div><span>La mejor superficie para escribir y borrar<\/span><\/div>\n<\/li>\n<li>\n<div><span>Cord\u00f3n para l\u00e1piz con tubo de ne\u00f3n brillante<\/span><\/div>\n<\/li>\n<li>\n<div><span>Ojal para fijaci\u00f3n de cord\u00f3n<\/span><\/div>\n<\/li>\n<li>\n<div><span>Retenedor de l\u00e1piz incorporado<\/span><\/div>\n<\/li>\n<li>\n<div><span>Hebilla de liberaci\u00f3n lateral para hombre compatible con el sistema Uni-Quik<\/span><\/div>\n<\/li>\n<\/ul>\n<\/div>\n","protected":false},"excerpt":{"rendered":"<div id=\"ItemDescription\" class=\"TabOverview_description__RzPXn description-wrap col1\">\n<p><span>Poder comunicarse bajo el agua puede hacer que bucear sea mucho m\u00e1s divertido. <\/span><\/p>\n<\/div>\n","protected":false},"featured_media":28856,"comment_status":"open","ping_status":"closed","template":"","meta":{"iawp_total_views":0,"_joinchat":[]},"product_brand":[],"product_cat":[111],"product_tag":[233],"class_list":{"0":"post-21493","1":"product","2":"type-product","3":"status-publish","4":"has-post-thumbnail","6":"product_cat-tienda-online","7":"product_tag-trident-es","9":"first","10":"instock","11":"taxable","12":"shipping-taxable","13":"purchasable","14":"product-type-simple"},"booking_location":null,"booking_location_type":null,"booking_duration":null,"booking_duration_unit":null,"booking_buffer":null,"booking_cost":null,"booking_resources":null,"_links":{"self":[{"href":"https:\/\/scubapanama.com\/es\/wp-json\/wp\/v2\/product\/21493","targetHints":{"allow":["GET"]}}],"collection":[{"href":"https:\/\/scubapanama.com\/es\/wp-json\/wp\/v2\/product"}],"about":[{"href":"https:\/\/scubapanama.com\/es\/wp-json\/wp\/v2\/types\/product"}],"replies":[{"embeddable":true,"href":"https:\/\/scubapanama.com\/es\/wp-json\/wp\/v2\/comments?post=21493"}],"version-history":[{"count":3,"href":"https:\/\/scubapanama.com\/es\/wp-json\/wp\/v2\/product\/21493\/revisions"}],"predecessor-version":[{"id":28859,"href":"https:\/\/scubapanama.com\/es\/wp-json\/wp\/v2\/product\/21493\/revisions\/28859"}],"wp:featuredmedia":[{"embeddable":true,"href":"https:\/\/scubapanama.com\/es\/wp-json\/wp\/v2\/media\/28856"}],"wp:attachment":[{"href":"https:\/\/scubapanama.com\/es\/wp-json\/wp\/v2\/media?parent=21493"}],"wp:term":[{"taxonomy":"product_brand","embeddable":true,"href":"https:\/\/scubapanama.com\/es\/wp-json\/wp\/v2\/product_brand?post=21493"},{"taxonomy":"product_cat","embeddable":true,"href":"https:\/\/scubapanama.com\/es\/wp-json\/wp\/v2\/product_cat?post=21493"},{"taxonomy":"product_tag","embeddable":true,"href":"https:\/\/scubapanama.com\/es\/wp-json\/wp\/v2\/product_tag?post=21493"}],"curies":[{"name":"wp","href":"https:\/\/api.w.org\/{rel}","templated":true}]}}