{"id":21490,"date":"2025-01-23T01:51:42","date_gmt":"2025-01-23T06:51:42","guid":{"rendered":"https:\/\/scubapanama.com\/product\/tri-silicone-deefog-spray-2-oz\/"},"modified":"2025-05-16T11:31:57","modified_gmt":"2025-05-16T16:31:57","slug":"tri-silicone-deefog-spray-2-oz","status":"publish","type":"product","link":"https:\/\/scubapanama.com\/es\/product\/tri-silicone-deefog-spray-2-oz\/","title":{"rendered":"TRI SILICONE DEEFOG SPRAY 2 (OZ)"},"content":{"rendered":"<p><span>El espray de silicona antivaho Trident Defog es un accesorio imprescindible para los buceadores que desean mantener una visi\u00f3n n\u00edtida durante sus inmersiones. Este espray especialmente formulado previene eficazmente el empa\u00f1amiento de m\u00e1scaras y gafas, garantizando una visibilidad \u00f3ptima bajo el agua.<\/span><\/p>\n<p><span>Caracter\u00edsticas principales:<\/span><\/p>\n<ul>\n<li><span>Protecci\u00f3n antivaho: La f\u00f3rmula a base de silicona crea una barrera protectora de larga duraci\u00f3n en las lentes, evitando el empa\u00f1amiento y garantizando una visi\u00f3n clara durante toda la inmersi\u00f3n.<\/span><\/li>\n<li><span>Aplicaci\u00f3n f\u00e1cil y pr\u00e1ctica: El dise\u00f1o del pulverizador permite una aplicaci\u00f3n r\u00e1pida y sencilla. Simplemente roc\u00ede una peque\u00f1a cantidad sobre la lente, exti\u00e9ndala uniformemente y enjuague antes de sumergirla en el agua.<\/span><\/li>\n<li><span>Compatibilidad vers\u00e1til: el spray desempa\u00f1ador es adecuado para su uso en varios tipos de m\u00e1scaras y gafas de buceo, lo que lo convierte en una soluci\u00f3n vers\u00e1til para buceadores con diferentes equipos.<\/span><\/li>\n<li><span>Eficacia duradera: la f\u00f3rmula de silicona proporciona una protecci\u00f3n antivaho prolongada, lo que reduce la necesidad de volver a aplicarla con frecuencia durante las inmersiones.<\/span><\/li>\n<li><span>Claridad lista para bucear: con el aerosol desempa\u00f1ador de silicona Trident Defog, los buceadores pueden disfrutar de una visi\u00f3n n\u00edtida, mayor seguridad y una experiencia submarina inmersiva.<\/span><\/li>\n<\/ul>\n<p><span>Especificaciones t\u00e9cnicas:<\/span><\/p>\n<ul>\n<li><span>F\u00f3rmula: A base de silicona<\/span><\/li>\n<\/ul>\n","protected":false},"excerpt":{"rendered":"<p>El espray de silicona antivaho Trident Defog es un accesorio imprescindible para los buceadores que desean mantener una visi\u00f3n n\u00edtida durante sus inmersiones.<\/p>\n","protected":false},"featured_media":28852,"comment_status":"open","ping_status":"closed","template":"","meta":{"iawp_total_views":3,"_joinchat":[]},"product_brand":[],"product_cat":[111],"product_tag":[233],"class_list":{"0":"post-21490","1":"product","2":"type-product","3":"status-publish","4":"has-post-thumbnail","6":"product_cat-tienda-online","7":"product_tag-trident-es","9":"first","10":"instock","11":"taxable","12":"shipping-taxable","13":"purchasable","14":"product-type-simple"},"booking_location":null,"booking_location_type":null,"booking_duration":null,"booking_duration_unit":null,"booking_buffer":null,"booking_cost":null,"booking_resources":null,"_links":{"self":[{"href":"https:\/\/scubapanama.com\/es\/wp-json\/wp\/v2\/product\/21490","targetHints":{"allow":["GET"]}}],"collection":[{"href":"https:\/\/scubapanama.com\/es\/wp-json\/wp\/v2\/product"}],"about":[{"href":"https:\/\/scubapanama.com\/es\/wp-json\/wp\/v2\/types\/product"}],"replies":[{"embeddable":true,"href":"https:\/\/scubapanama.com\/es\/wp-json\/wp\/v2\/comments?post=21490"}],"version-history":[{"count":2,"href":"https:\/\/scubapanama.com\/es\/wp-json\/wp\/v2\/product\/21490\/revisions"}],"predecessor-version":[{"id":28854,"href":"https:\/\/scubapanama.com\/es\/wp-json\/wp\/v2\/product\/21490\/revisions\/28854"}],"wp:featuredmedia":[{"embeddable":true,"href":"https:\/\/scubapanama.com\/es\/wp-json\/wp\/v2\/media\/28852"}],"wp:attachment":[{"href":"https:\/\/scubapanama.com\/es\/wp-json\/wp\/v2\/media?parent=21490"}],"wp:term":[{"taxonomy":"product_brand","embeddable":true,"href":"https:\/\/scubapanama.com\/es\/wp-json\/wp\/v2\/product_brand?post=21490"},{"taxonomy":"product_cat","embeddable":true,"href":"https:\/\/scubapanama.com\/es\/wp-json\/wp\/v2\/product_cat?post=21490"},{"taxonomy":"product_tag","embeddable":true,"href":"https:\/\/scubapanama.com\/es\/wp-json\/wp\/v2\/product_tag?post=21490"}],"curies":[{"name":"wp","href":"https:\/\/api.w.org\/{rel}","templated":true}]}}