{"id":21481,"date":"2025-01-23T01:51:43","date_gmt":"2025-01-23T06:51:43","guid":{"rendered":"https:\/\/scubapanama.com\/product\/tri-ta60-ryl-protector-de-deposito-azul-real\/"},"modified":"2025-05-16T11:26:25","modified_gmt":"2025-05-16T16:26:25","slug":"tri-ta60-ryl-protector-de-deposito-azul-real","status":"publish","type":"product","link":"https:\/\/scubapanama.com\/es\/product\/tri-ta60-ryl-protector-de-deposito-azul-real\/","title":{"rendered":"TRIDENT RYL PROTECTOR DE DEP\u00d3SITO AZUL REAL (TA60)"},"content":{"rendered":"<p>La funda de malla de vinilo el\u00e1stica premium para cilindros de aire, en colores primarios, se adapta a cilindros con un di\u00e1metro de entre 17,5 y 18,4 cm (6,9 y 7,25 pulgadas) para evitar rayones y rozaduras. Fabricada en vinilo con doble refuerzo para m\u00e1xima durabilidad. F\u00e1cil de instalar y reutilizable. Se limpia con agua dulce. Colores primarios brillantes.<\/p>\n","protected":false},"excerpt":{"rendered":"<p>La funda de malla de vinilo el\u00e1stica premium para cilindros de aire, en colores primarios, se adapta a cilindros con un di\u00e1metro de entre 17,5 y 18,4 cm (6,9 y 7,25 pulgadas) para evitar rayones y rozaduras.<\/p>\n","protected":false},"featured_media":28835,"comment_status":"open","ping_status":"closed","template":"","meta":{"iawp_total_views":3,"_joinchat":[]},"product_brand":[],"product_cat":[111],"product_tag":[233],"class_list":{"0":"post-21481","1":"product","2":"type-product","3":"status-publish","4":"has-post-thumbnail","6":"product_cat-tienda-online","7":"product_tag-trident-es","9":"first","10":"instock","11":"taxable","12":"shipping-taxable","13":"purchasable","14":"product-type-simple"},"booking_location":null,"booking_location_type":null,"booking_duration":null,"booking_duration_unit":null,"booking_buffer":null,"booking_cost":null,"booking_resources":null,"_links":{"self":[{"href":"https:\/\/scubapanama.com\/es\/wp-json\/wp\/v2\/product\/21481","targetHints":{"allow":["GET"]}}],"collection":[{"href":"https:\/\/scubapanama.com\/es\/wp-json\/wp\/v2\/product"}],"about":[{"href":"https:\/\/scubapanama.com\/es\/wp-json\/wp\/v2\/types\/product"}],"replies":[{"embeddable":true,"href":"https:\/\/scubapanama.com\/es\/wp-json\/wp\/v2\/comments?post=21481"}],"version-history":[{"count":2,"href":"https:\/\/scubapanama.com\/es\/wp-json\/wp\/v2\/product\/21481\/revisions"}],"predecessor-version":[{"id":28846,"href":"https:\/\/scubapanama.com\/es\/wp-json\/wp\/v2\/product\/21481\/revisions\/28846"}],"wp:featuredmedia":[{"embeddable":true,"href":"https:\/\/scubapanama.com\/es\/wp-json\/wp\/v2\/media\/28835"}],"wp:attachment":[{"href":"https:\/\/scubapanama.com\/es\/wp-json\/wp\/v2\/media?parent=21481"}],"wp:term":[{"taxonomy":"product_brand","embeddable":true,"href":"https:\/\/scubapanama.com\/es\/wp-json\/wp\/v2\/product_brand?post=21481"},{"taxonomy":"product_cat","embeddable":true,"href":"https:\/\/scubapanama.com\/es\/wp-json\/wp\/v2\/product_cat?post=21481"},{"taxonomy":"product_tag","embeddable":true,"href":"https:\/\/scubapanama.com\/es\/wp-json\/wp\/v2\/product_tag?post=21481"}],"curies":[{"name":"wp","href":"https:\/\/api.w.org\/{rel}","templated":true}]}}